{"id":17771,"date":"2026-03-04T20:23:03","date_gmt":"2026-03-04T20:23:03","guid":{"rendered":"https:\/\/para-mirava.ma\/?post_type=product&#038;p=17771"},"modified":"2026-03-17T18:43:06","modified_gmt":"2026-03-17T18:43:06","slug":"eucerin-dermopure-fluide-protecteur-spf30","status":"publish","type":"product","link":"https:\/\/para-mirava.ma\/?product=eucerin-dermopure-fluide-protecteur-spf30","title":{"rendered":"EUCERIN DERMOPURE FLUIDE PROTECTEUR SPF30"},"content":{"rendered":"<h2><\/h2>\n<p>Fluide protecteur SPF 30 pour les peaux sujettes aux imperfections avec marques de boutons<\/p>\n<p>Les impuret\u00e9s s\u00e9v\u00e8res du visage sont r\u00e9alit\u00e9 pour une grande partie de la population. Elle touche jusqu\u2019\u00e0 95 % des adolescents et 40 % des adultes1. De nombreuses personnes souffrent de marques de boutons longtemps apr\u00e8s la disparition des imperfections. Apr\u00e8s avoir longtemps souffert d\u2019imperfections et s\u2019en \u00eatre d\u00e9barrass\u00e9es,<\/p>\n<p>elles luttent encore contre les marques laiss\u00e9es par les boutons, qui peuvent persister plusieurs ann\u00e9es2, le soleil aggravant les sympt\u00f4mes.<\/p>\n<p>Eucerin DERMOPURE Fluide protecteur SPF 30 permet enfin de lutter efficacement contre les imperfections et les marques de boutons gr\u00e2ce \u00e0 trois actions cl\u00e9s:<\/p>\n<p>Pr\u00e9vient l\u2019assombrissement des marques de boutons: les filtres SPF 30, A et B prot\u00e8gent la peau d\u2019un assombrissement photo-induit des marques de boutons et pr\u00e9vient leur r\u00e9apparition.<br \/>\nAnti-impuret\u00e9s: le d\u00e9candiol aux propri\u00e9t\u00e9s antibact\u00e9riennes aide \u00e0 pr\u00e9venir les impuret\u00e9s,<\/p>\n<p><img decoding=\"async\" src=\"https:\/\/pnecdn1-2074b.kxcdn.com\/30943-home_default\/eucerin-dermopure-fluide-protecteur-spf-30-50ml.jpg\" alt=\"EUCERIN DERMOPURIFYER UV SUN FLUID SPF30 | 50 ml\" \/><\/p>\n<p>la licochalcone A apaise les irritations cutan\u00e9es.<br \/>\nAnti-brillance: la technologie de r\u00e9gulation du s\u00e9bum r\u00e9duit la production de s\u00e9bum et offre un fini mat de longue dur\u00e9<br \/>\nEucerin DERMOPURE Fluide protecteur SPF 30 est encore plus efficace s\u2019il est utilis\u00e9 en association avec Eucerin DERMOPURE Triple Effect Serum.<\/p>\n<p>&nbsp;<\/p>\n<p>les personnes interrog\u00e9es dans le cadre de nos \u00e9tudes affirment que les produits les ont soulag\u00e9es et ont ainsi am\u00e9lior\u00e9 leur qualit\u00e9 de vie.<\/p>\n<p>De plus, elles rapportent que nos produits sont les plus efficaces contre les marques de boutons, compar\u00e9s \u00e0 tous ceux qu\u2019elles ont d\u00e9j\u00e0 essay\u00e9s. 95 % des participantes \u00e0 une \u00e9tude r\u00e9cente ont confirm\u00e9 que l\u2019utilisation du s\u00e9rum en association avec le Fluide protecteur SPF 30 permet de lutter contre les imperfections et les marques de boutons4.<br \/>\nDisponible dans votre parapharmacie en ligne www.cotepara.ma<br \/>\nTests scientifiques:<\/p>\n<p>Des tests scientifiques prouvent la tr\u00e8s bonne tol\u00e9rance cutan\u00e9e et l\u2019efficacit\u00e9 sur la peau sujette aux impuret\u00e9s qui pr\u00e9sente des marques de boutons.<\/p>\n<p>EUCERIN DERMOPURE FLUIDE PROTECTEUR SPF30 50ML est disponible dans votre Parapharmacie en ligne \u00a0\u00e0 Prix discount , livraison Partout Au Maroc<\/p>\n<p>&nbsp;<\/p>\n","protected":false},"excerpt":{"rendered":"<p>Fluide protecteur SPF 30 pour les peaux sujettes aux imperfections avec marques de boutons Les impuret\u00e9s s\u00e9v\u00e8res du visage sont r\u00e9alit\u00e9 pour une grande partie de la population. Elle touche jusqu\u2019\u00e0 95 % des adolescents et 40 % des adultes1. De nombreuses personnes souffrent de marques de boutons longtemps apr\u00e8s la disparition des imperfections. Apr\u00e8s [&hellip;]<\/p>\n","protected":false},"featured_media":17772,"template":"","meta":[],"product_brand":[],"product_cat":[132],"product_tag":[],"class_list":{"0":"post-17771","1":"product","2":"type-product","3":"status-publish","4":"has-post-thumbnail","6":"product_cat-eucerin","7":"ts_product_brand-eucerin","9":"first","10":"instock","11":"sale","12":"shipping-taxable","13":"purchasable","14":"product-type-simple"},"_links":{"self":[{"href":"https:\/\/para-mirava.ma\/index.php?rest_route=\/wp\/v2\/product\/17771","targetHints":{"allow":["GET"]}}],"collection":[{"href":"https:\/\/para-mirava.ma\/index.php?rest_route=\/wp\/v2\/product"}],"about":[{"href":"https:\/\/para-mirava.ma\/index.php?rest_route=\/wp\/v2\/types\/product"}],"wp:featuredmedia":[{"embeddable":true,"href":"https:\/\/para-mirava.ma\/index.php?rest_route=\/wp\/v2\/media\/17772"}],"wp:attachment":[{"href":"https:\/\/para-mirava.ma\/index.php?rest_route=%2Fwp%2Fv2%2Fmedia&parent=17771"}],"wp:term":[{"taxonomy":"product_brand","embeddable":true,"href":"https:\/\/para-mirava.ma\/index.php?rest_route=%2Fwp%2Fv2%2Fproduct_brand&post=17771"},{"taxonomy":"product_cat","embeddable":true,"href":"https:\/\/para-mirava.ma\/index.php?rest_route=%2Fwp%2Fv2%2Fproduct_cat&post=17771"},{"taxonomy":"product_tag","embeddable":true,"href":"https:\/\/para-mirava.ma\/index.php?rest_route=%2Fwp%2Fv2%2Fproduct_tag&post=17771"}],"curies":[{"name":"wp","href":"https:\/\/api.w.org\/{rel}","templated":true}]}}