{"id":17775,"date":"2026-03-04T20:32:36","date_gmt":"2026-03-04T20:32:36","guid":{"rendered":"https:\/\/para-mirava.ma\/?post_type=product&#038;p=17775"},"modified":"2026-03-17T18:43:06","modified_gmt":"2026-03-17T18:43:06","slug":"eucerin-anti-pigment-soin-contour-des-yeux-illuminateur-15ml","status":"publish","type":"product","link":"https:\/\/para-mirava.ma\/?product=eucerin-anti-pigment-soin-contour-des-yeux-illuminateur-15ml","title":{"rendered":"EUCERIN ANTI PIGMENT SOIN CONTOUR DES YEUX ILLUMINATEUR 15ML"},"content":{"rendered":"<p>&nbsp;<\/p>\n<p>\u00c9claircit les cernes d\u00e8s 2 semaines**<\/p>\n<p>Votre produit de soin pour les cernes. Notre Soin Contour des Yeux Illuminateur Anti-Pigment, formul\u00e9 avec du Thiamidol brevet\u00e9* et de l\u2019Acide Hyaluronique, corrige et aussi r\u00e9duit tous types de cernes, poches et lisse les ridules tout en \u00e9claircissant et\u00a0 donc en apaisant le contour des yeux \u00e0 l\u2019aide d\u2019un applicateur m\u00e9tallique rafra\u00eechissant pour des performances optimales.<br \/>\nConseils d\u2019utilisation :<\/p>\n<p><img loading=\"lazy\" decoding=\"async\" class=\"\" src=\"https:\/\/images-1.eucerin.com\/~\/media\/eucerin%20relaunch%20media\/media-center-items\/d\/1\/1\/fe7a9f0c216744f4a0fd80a8765ac9b7-screen.jpg\" width=\"243\" height=\"243\" \/><\/p>\n<p>Pr\u00e9levez une quantit\u00e9 de la taille d\u2019un petit pois sur l\u2019applicateur m\u00e9tallique et appliquez sur le contour de l\u2019\u0153il.<br \/>\nMassez l\u00e9g\u00e8rement le contour de l\u2019\u0153il de l\u2019int\u00e9rieur vers l\u2019ext\u00e9rieur.<br \/>\nTapotez d\u00e9licatement avec les doigts jusqu\u2019\u00e0 ce que la formule soit enti\u00e8rement absorb\u00e9e.<br \/>\nUtiliser des produits pour le visage\u00a0 au maximum 4 fois par jour.<\/p>\n<p>EUCERIN ANTI PIGMENT SOIN CONTOUR DES YEUX ILLUMINATEUR 15ML est disponible dans votre Parapharmacie en ligne \u00e0 Prix discount , livraison Partout Au Maroc<\/p>\n<p>&nbsp;<\/p>\n<p>&nbsp;<\/p>\n","protected":false},"excerpt":{"rendered":"<p>&nbsp; \u00c9claircit les cernes d\u00e8s 2 semaines** Votre produit de soin pour les cernes. Notre Soin Contour des Yeux Illuminateur Anti-Pigment, formul\u00e9 avec du Thiamidol brevet\u00e9* et de l\u2019Acide Hyaluronique, corrige et aussi r\u00e9duit tous types de cernes, poches et lisse les ridules tout en \u00e9claircissant et\u00a0 donc en apaisant le contour des yeux \u00e0 [&hellip;]<\/p>\n","protected":false},"featured_media":17776,"template":"","meta":[],"product_brand":[],"product_cat":[132],"product_tag":[],"class_list":{"0":"post-17775","1":"product","2":"type-product","3":"status-publish","4":"has-post-thumbnail","6":"product_cat-eucerin","7":"ts_product_brand-eucerin","9":"first","10":"instock","11":"sale","12":"shipping-taxable","13":"purchasable","14":"product-type-simple"},"_links":{"self":[{"href":"https:\/\/para-mirava.ma\/index.php?rest_route=\/wp\/v2\/product\/17775","targetHints":{"allow":["GET"]}}],"collection":[{"href":"https:\/\/para-mirava.ma\/index.php?rest_route=\/wp\/v2\/product"}],"about":[{"href":"https:\/\/para-mirava.ma\/index.php?rest_route=\/wp\/v2\/types\/product"}],"wp:featuredmedia":[{"embeddable":true,"href":"https:\/\/para-mirava.ma\/index.php?rest_route=\/wp\/v2\/media\/17776"}],"wp:attachment":[{"href":"https:\/\/para-mirava.ma\/index.php?rest_route=%2Fwp%2Fv2%2Fmedia&parent=17775"}],"wp:term":[{"taxonomy":"product_brand","embeddable":true,"href":"https:\/\/para-mirava.ma\/index.php?rest_route=%2Fwp%2Fv2%2Fproduct_brand&post=17775"},{"taxonomy":"product_cat","embeddable":true,"href":"https:\/\/para-mirava.ma\/index.php?rest_route=%2Fwp%2Fv2%2Fproduct_cat&post=17775"},{"taxonomy":"product_tag","embeddable":true,"href":"https:\/\/para-mirava.ma\/index.php?rest_route=%2Fwp%2Fv2%2Fproduct_tag&post=17775"}],"curies":[{"name":"wp","href":"https:\/\/api.w.org\/{rel}","templated":true}]}}