{"id":17835,"date":"2026-03-12T17:40:10","date_gmt":"2026-03-12T17:40:10","guid":{"rendered":"https:\/\/para-mirava.ma\/?post_type=product&#038;p=17835"},"modified":"2026-03-17T18:43:47","modified_gmt":"2026-03-17T18:43:47","slug":"isdin-post-solar-after-sun-spray-200ml","status":"publish","type":"product","link":"https:\/\/para-mirava.ma\/?product=isdin-post-solar-after-sun-spray-200ml","title":{"rendered":"ISDIN POST SOLAR AFTER SUN SPRAY 200ML"},"content":{"rendered":"<p>Un soin apr\u00e8s-soleil aux propri\u00e9t\u00e9s hydratantes<\/p>\n<p>Le spray Post Solar After Sun d\u2019Isdin est destin\u00e9 aux peaux sensibles et atopiques, sujettes aux allergies et intol\u00e9rances solaires.<\/p>\n<p>Il aide l\u2019\u00e9piderme \u00e0 se r\u00e9g\u00e9n\u00e9rer apr\u00e8s une exposition solaire et limite les effets n\u00e9fastes des UV. Cette cr\u00e8me apr\u00e8s-soleil est notamment con\u00e7ue pour :<\/p>\n<p>procurer une sensation de fra\u00eecheur imm\u00e9diate \u00e0 l\u2019\u00e9piderme<\/p>\n<p>apaiser les rougeurs et les sensations de br\u00fblure<\/p>\n<p>hydrater la peau en profondeur et aussi pr\u00e9server sa souplesse<\/p>\n<p>favoriser la r\u00e9paration de l\u2019\u00e9piderme et \u00e9viter sa desquamation apr\u00e8s un coup de soleil<\/p>\n<p>prolonger le bronzage<\/p>\n<p>pr\u00e9venir les dommages li\u00e9s aux radicaux libres<\/p>\n<p>&nbsp;<\/p>\n<p><img loading=\"lazy\" decoding=\"async\" class=\"\" src=\"https:\/\/pharmafirst.ma\/wp-content\/uploads\/2021\/07\/after-sun-3.png\" alt=\"ISDIN Spray post-solaire apr\u00e8s soleil 200 ml | L\u2019industrie pharmaceutique d\u2019abord\" width=\"377\" height=\"377\" \/><\/p>\n<p>&nbsp;<\/p>\n","protected":false},"excerpt":{"rendered":"<p>Un soin apr\u00e8s-soleil aux propri\u00e9t\u00e9s hydratantes Le spray Post Solar After Sun d\u2019Isdin est destin\u00e9 aux peaux sensibles et atopiques, sujettes aux allergies et intol\u00e9rances solaires. Il aide l\u2019\u00e9piderme \u00e0 se r\u00e9g\u00e9n\u00e9rer apr\u00e8s une exposition solaire et limite les effets n\u00e9fastes des UV. Cette cr\u00e8me apr\u00e8s-soleil est notamment con\u00e7ue pour : procurer une sensation de [&hellip;]<\/p>\n","protected":false},"featured_media":17836,"template":"","meta":[],"product_brand":[172],"product_cat":[142],"product_tag":[],"class_list":{"0":"post-17835","1":"product","2":"type-product","3":"status-publish","4":"has-post-thumbnail","6":"product_brand-isdin","7":"product_cat-isdin","8":"ts_product_brand-isdin","10":"first","11":"instock","12":"sale","13":"shipping-taxable","14":"purchasable","15":"product-type-simple"},"_links":{"self":[{"href":"https:\/\/para-mirava.ma\/index.php?rest_route=\/wp\/v2\/product\/17835","targetHints":{"allow":["GET"]}}],"collection":[{"href":"https:\/\/para-mirava.ma\/index.php?rest_route=\/wp\/v2\/product"}],"about":[{"href":"https:\/\/para-mirava.ma\/index.php?rest_route=\/wp\/v2\/types\/product"}],"wp:featuredmedia":[{"embeddable":true,"href":"https:\/\/para-mirava.ma\/index.php?rest_route=\/wp\/v2\/media\/17836"}],"wp:attachment":[{"href":"https:\/\/para-mirava.ma\/index.php?rest_route=%2Fwp%2Fv2%2Fmedia&parent=17835"}],"wp:term":[{"taxonomy":"product_brand","embeddable":true,"href":"https:\/\/para-mirava.ma\/index.php?rest_route=%2Fwp%2Fv2%2Fproduct_brand&post=17835"},{"taxonomy":"product_cat","embeddable":true,"href":"https:\/\/para-mirava.ma\/index.php?rest_route=%2Fwp%2Fv2%2Fproduct_cat&post=17835"},{"taxonomy":"product_tag","embeddable":true,"href":"https:\/\/para-mirava.ma\/index.php?rest_route=%2Fwp%2Fv2%2Fproduct_tag&post=17835"}],"curies":[{"name":"wp","href":"https:\/\/api.w.org\/{rel}","templated":true}]}}