{"id":17837,"date":"2026-03-12T17:42:19","date_gmt":"2026-03-12T17:42:19","guid":{"rendered":"https:\/\/para-mirava.ma\/?post_type=product&#038;p=17837"},"modified":"2026-03-17T18:43:47","modified_gmt":"2026-03-17T18:43:47","slug":"isdin-fotoprotecteur-pediatrique-spray-wet-skin-250ml-new","status":"publish","type":"product","link":"https:\/\/para-mirava.ma\/?product=isdin-fotoprotecteur-pediatrique-spray-wet-skin-250ml-new","title":{"rendered":"ISDIN FOTOPROTECTEUR PEDIATRIQUE SPRAY WET SKIN 250ML NEW"},"content":{"rendered":"<p>fotoprotecteur pour le corps en spray transparent, frais et \u00e0 s\u00e9chage imm\u00e9diat qui est sp\u00e9cialement formul\u00e9 pour la peau des enfants et des b\u00e9b\u00e9s \u00e0 partir de 3 ans.<\/p>\n<p>B\u00e9n\u00e9fices<br \/>\nProtection \u00e9lev\u00e9e UVB et UVA SPF 50.<\/p>\n<p>GINGER CELL PROTECT<\/p>\n<p>Formule am\u00e9lior\u00e9e avec Ginger Cell Protect, un extrait de gingembre 100 % naturel qui, gr\u00e2ce \u00e0 sa teneur \u00e9lev\u00e9e en antioxydants, offre une protection cellulaire contre les dommages oxydatifs.<\/p>\n<h4 class=\"frase_vendedora\">Photoprotection invisible et l\u00e9g\u00e8re pour peau humide<\/h4>\n<div class=\"indicaciones-main_info\">\n<p>Photoprotecteur pour le corps en spray transparent, frais et \u00e0 s\u00e9chage imm\u00e9diat qui est sp\u00e9cialement formul\u00e9 pour la peau des enfants et des b\u00e9b\u00e9s \u00e0 partir de 3 ans.<\/p>\n<p>Protection \u00e9lev\u00e9e UVB et UVA SPF 50.<\/p>\n<h4><strong>GINGER CELL PROTECT<\/strong><\/h4>\n<p>Formule am\u00e9lior\u00e9e avec Ginger Cell Protect, un extrait de gingembre 100 % naturel qui, gr\u00e2ce \u00e0 sa teneur \u00e9lev\u00e9e en antioxydants, offre une protection cellulaire contre les dommages oxydatifs.<\/p>\n<h4><strong>WET SKIN<\/strong><\/h4>\n<p>La technologie Wet Skin permet une absorption sur la peau s\u00e8che et humide sans laisser de r\u00e9sidu blanc et en maintenant le facteur de protection.<\/p>\n<p>Tr\u00e8s r\u00e9sistant \u00e0 l\u2019eau.<\/p>\n<p>Absorption rapide et instantan\u00e9e et touche finale ultra s\u00e8che et soyeuse \u00e9galement<\/p>\n<p>Permet une application dans n\u2019importe quel sens.<\/p>\n<p>Convient \u00e0 tous les types de peaux, y compris les peaux atopiques.<\/p>\n<\/div>\n","protected":false},"excerpt":{"rendered":"<p>fotoprotecteur pour le corps en spray transparent, frais et \u00e0 s\u00e9chage imm\u00e9diat qui est sp\u00e9cialement formul\u00e9 pour la peau des enfants et des b\u00e9b\u00e9s \u00e0 partir de 3 ans. B\u00e9n\u00e9fices Protection \u00e9lev\u00e9e UVB et UVA SPF 50. GINGER CELL PROTECT Formule am\u00e9lior\u00e9e avec Ginger Cell Protect, un extrait de gingembre 100 % naturel qui, gr\u00e2ce [&hellip;]<\/p>\n","protected":false},"featured_media":17838,"template":"","meta":[],"product_brand":[172],"product_cat":[142],"product_tag":[],"class_list":{"0":"post-17837","1":"product","2":"type-product","3":"status-publish","4":"has-post-thumbnail","6":"product_brand-isdin","7":"product_cat-isdin","8":"ts_product_brand-isdin","10":"first","11":"instock","12":"sale","13":"shipping-taxable","14":"purchasable","15":"product-type-simple"},"_links":{"self":[{"href":"https:\/\/para-mirava.ma\/index.php?rest_route=\/wp\/v2\/product\/17837","targetHints":{"allow":["GET"]}}],"collection":[{"href":"https:\/\/para-mirava.ma\/index.php?rest_route=\/wp\/v2\/product"}],"about":[{"href":"https:\/\/para-mirava.ma\/index.php?rest_route=\/wp\/v2\/types\/product"}],"wp:featuredmedia":[{"embeddable":true,"href":"https:\/\/para-mirava.ma\/index.php?rest_route=\/wp\/v2\/media\/17838"}],"wp:attachment":[{"href":"https:\/\/para-mirava.ma\/index.php?rest_route=%2Fwp%2Fv2%2Fmedia&parent=17837"}],"wp:term":[{"taxonomy":"product_brand","embeddable":true,"href":"https:\/\/para-mirava.ma\/index.php?rest_route=%2Fwp%2Fv2%2Fproduct_brand&post=17837"},{"taxonomy":"product_cat","embeddable":true,"href":"https:\/\/para-mirava.ma\/index.php?rest_route=%2Fwp%2Fv2%2Fproduct_cat&post=17837"},{"taxonomy":"product_tag","embeddable":true,"href":"https:\/\/para-mirava.ma\/index.php?rest_route=%2Fwp%2Fv2%2Fproduct_tag&post=17837"}],"curies":[{"name":"wp","href":"https:\/\/api.w.org\/{rel}","templated":true}]}}