{"id":17839,"date":"2026-03-12T17:44:16","date_gmt":"2026-03-12T17:44:16","guid":{"rendered":"https:\/\/para-mirava.ma\/?post_type=product&#038;p=17839"},"modified":"2026-03-17T18:43:47","modified_gmt":"2026-03-17T18:43:47","slug":"isdin-ureadin-creme-mains-protect-50ml","status":"publish","type":"product","link":"https:\/\/para-mirava.ma\/?product=isdin-ureadin-creme-mains-protect-50ml","title":{"rendered":"ISDIN UREADIN CREME MAINS PROTECT 50ML"},"content":{"rendered":"<div class=\"wpb-content-wrapper\"><p>Cr\u00e8me pour les mains \u00e0 l\u2019ur\u00e9e.<\/p>\n<p>Hydrate en profondeur et prot\u00e8ge<\/p>\n<div id=\"fws_6640cdec2f5ae\" class=\"wpb_row vc_row-fluid vc_row inner_row \" data-midnight=\"\" data-column-margin=\"default\">\n<div class=\"row_col_wrap_12_inner col span_12 left\">\n<div class=\"vc_col-sm-12 wpb_column column_container vc_column_container col child_column has-animation no-extra-padding el_spacing_5px inherit_tablet inherit_phone triggered-animation animated-in\" data-padding-pos=\"all\" data-has-bg-color=\"false\" data-bg-color=\"\" data-bg-opacity=\"1\" data-animation=\"fade-in-from-bottom\" data-delay=\"0\">\n<div class=\"vc_column-inner\">\n<div class=\"wpb_wrapper\">\n<div class=\"nectar-highlighted-text\" data-style=\"half_text\" data-exp=\"default\" data-user-color=\"true\" data-using-custom-color=\"true\" data-animation-delay=\"400\" data-color=\"#44c1c8\" data-color-gradient=\"\">\n<h4><em class=\"animated\">ISDIN Ureadin Cr\u00e8me Mains Protectrice<\/em><\/h4>\n<\/div>\n<\/div>\n<\/div>\n<\/div>\n<\/div>\n<\/div>\n<div id=\"fws_6640cdec2fba3\" class=\"wpb_row vc_row-fluid vc_row inner_row \" data-midnight=\"\" data-column-margin=\"default\">\n<div class=\"row_col_wrap_12_inner col span_12 left\">\n<div class=\"vc_col-sm-12 wpb_column column_container vc_column_container col child_column has-animation no-extra-padding el_spacing_5px inherit_tablet inherit_phone triggered-animation animated-in\" data-padding-pos=\"all\" data-has-bg-color=\"false\" data-bg-color=\"\" data-bg-opacity=\"1\" data-animation=\"fade-in-from-bottom\" data-delay=\"0\">\n<div class=\"vc_column-inner\">\n<div class=\"wpb_wrapper\">\n<div class=\"wpb_text_column wpb_content_element wpb_animate_when_almost_visible wpb_zoomIn zoomIn animated wpb_start_animation\">\n<div class=\"wpb_wrapper\">\n<p>Les cr\u00e8mes pour les mains Ureadin hydratent intens\u00e9ment gr\u00e2ce \u00e0 l\u2019Ur\u00e9e ISDIN et r\u00e9tablissent des niveaux d\u2019hydratation optimaux.<\/p>\n<\/div>\n<\/div>\n<\/div>\n<\/div>\n<\/div>\n<\/div>\n<\/div>\n<p>Cr\u00e8me pour les mains \u00e0 l\u2019ur\u00e9e.<\/p>\n<p>Hydrate en profondeur et prot\u00e8ge la peau.<\/p>\n<div class=\"nectar-highlighted-text\" data-style=\"regular_underline\" data-exp=\"default\" data-underline-thickness=\"2px\" data-user-color=\"true\" data-using-custom-color=\"true\" data-animation-delay=\"400\" data-color=\"#44c1c8\" data-color-gradient=\"\">\n<h4><em class=\"animated\">Ur\u00e9e ISDIN<\/em><\/h4>\n<\/div>\n<div class=\"wpb_text_column wpb_content_element wpb_animate_when_almost_visible wpb_zoomIn zoomIn animated wpb_start_animation\">\n<div class=\"wpb_wrapper\">\n<ul>\n<li>Restaure la fonction barri\u00e8re de la peau, retient l\u2019eau et maintient des niveaux d\u2019hydratation optimaux.<\/li>\n<\/ul>\n<div class=\"nectar-highlighted-text\" data-style=\"regular_underline\" data-exp=\"default\" data-underline-thickness=\"2px\" data-user-color=\"true\" data-using-custom-color=\"true\" data-animation-delay=\"400\" data-color=\"#44c1c8\" data-color-gradient=\"\">\n<h4><em class=\"animated\">Huile d\u2019avocat<\/em><\/h4>\n<\/div>\n<div class=\"wpb_text_column wpb_content_element wpb_animate_when_almost_visible wpb_zoomIn zoomIn animated wpb_start_animation\">\n<div class=\"wpb_wrapper\">\n<ul>\n<li>Nourrit, r\u00e9g\u00e9n\u00e8re et prot\u00e8ge la peau gr\u00e2ce \u00e0 sa teneur en Vit E.<\/li>\n<\/ul>\n<\/div>\n<\/div>\n<\/div>\n<\/div>\n<p>&nbsp;<\/p>\n<div id=\"fws_6640cdec31edc\" class=\"wpb_row vc_row-fluid vc_row inner_row \" data-midnight=\"\" data-column-margin=\"default\">\n<div class=\"row_col_wrap_12_inner col span_12 left\">\n<div class=\"vc_col-sm-12 wpb_column column_container vc_column_container col child_column has-animation no-extra-padding el_spacing_5px inherit_tablet inherit_phone triggered-animation animated-in\" data-padding-pos=\"all\" data-has-bg-color=\"false\" data-bg-color=\"\" data-bg-opacity=\"1\" data-animation=\"fade-in-from-bottom\" data-delay=\"0\">\n<div class=\"vc_column-inner\">\n<div class=\"wpb_wrapper\">\n<div class=\"nectar-highlighted-text\" data-style=\"half_text\" data-exp=\"default\" data-user-color=\"true\" data-using-custom-color=\"true\" data-animation-delay=\"400\" data-color=\"#44c1c8\" data-color-gradient=\"\">\n<h3>Efficacit\u00e9 cliniquement prouv\u00e9e<\/h3>\n<\/div>\n<\/div>\n<\/div>\n<\/div>\n<\/div>\n<\/div>\n<div id=\"fws_6640cdec322a7\" class=\"wpb_row vc_row-fluid vc_row inner_row \" data-midnight=\"\" data-column-margin=\"default\">\n<div class=\"row_col_wrap_12_inner col span_12 left\">\n<div class=\"vc_col-sm-12 wpb_column column_container vc_column_container col child_column has-animation no-extra-padding el_spacing_5px inherit_tablet inherit_phone triggered-animation animated-in\" data-padding-pos=\"all\" data-has-bg-color=\"false\" data-bg-color=\"\" data-bg-opacity=\"1\" data-animation=\"fade-in-from-bottom\" data-delay=\"0\">\n<div class=\"vc_column-inner\">\n<div class=\"wpb_wrapper\">\n<div class=\"wpb_text_column wpb_content_element wpb_animate_when_almost_visible wpb_zoomIn zoomIn animated wpb_start_animation\">\n<div class=\"wpb_wrapper\">\n<p>Apr\u00e8s une seule application, UREADIN hands PROTECT produit donc une augmentation significative de l\u2019hydratation est maintenu pendant 24h.<\/p>\n<\/div>\n<\/div>\n<\/div>\n<\/div>\n<\/div>\n<\/div>\n<\/div>\n<div id=\"fws_6640cdec327ae\" class=\"wpb_row vc_row-fluid vc_row inner_row \" data-midnight=\"\" data-column-margin=\"default\">\n<div class=\"row_col_wrap_12_inner col span_12 left\">\n<div class=\"vc_col-sm-4 wpb_column column_container vc_column_container col child_column has-animation no-extra-padding inherit_tablet inherit_phone triggered-animation animated-in\" data-padding-pos=\"all\" data-has-bg-color=\"false\" data-bg-color=\"\" data-bg-opacity=\"1\" data-animation=\"zoom-out\" data-delay=\"0\">\n<div class=\"vc_column-inner\">\n<div class=\"wpb_wrapper\">\n<div class=\"iwithtext\">\n<div class=\"iwt-text\">\n<p class=\"frase_vendedora\">Ne laisse pas de sensation de gras ou de r\u00e9sidu<\/p>\n<\/div>\n<\/div>\n<\/div>\n<\/div>\n<\/div>\n<div class=\"vc_col-sm-4 wpb_column column_container vc_column_container col child_column has-animation no-extra-padding inherit_tablet inherit_phone triggered-animation animated-in\" data-padding-pos=\"all\" data-has-bg-color=\"false\" data-bg-color=\"\" data-bg-opacity=\"1\" data-animation=\"zoom-out\" data-delay=\"0\">\n<div class=\"vc_column-inner\">\n<div class=\"wpb_wrapper\">\n<div class=\"iwithtext\">\n<div class=\"iwt-text\">\n<p class=\"frase_vendedora\">Absorption rapide \/ tr\u00e8s rapide et extension facile<\/p>\n<\/div>\n<\/div>\n<\/div>\n<\/div>\n<\/div>\n<div class=\"vc_col-sm-4 wpb_column column_container vc_column_container col child_column no-extra-padding inherit_tablet inherit_phone \" data-padding-pos=\"all\" data-has-bg-color=\"false\" data-bg-color=\"\" data-bg-opacity=\"1\" data-animation=\"\" data-delay=\"0\">\n<div class=\"vc_column-inner\">\n<div class=\"wpb_wrapper\">\n<div class=\"iwithtext\">\n<div class=\"iwt-text\">\n<div class=\"indicaciones-main_info\">\n<p>Peau hydrat\u00e9e et nourrie, plus douce et plus \u00e9lastique \u00e9galement procurant une sensation de confort<\/p>\n<\/div>\n<p>&nbsp;<\/p>\n<\/div>\n<\/div>\n<\/div>\n<\/div>\n<\/div>\n<\/div>\n<\/div>\n<p><img loading=\"lazy\" decoding=\"async\" class=\"\" src=\"https:\/\/pharmafirst.ma\/wp-content\/uploads\/2021\/04\/PROTECT-1.jpg\" width=\"411\" height=\"514\" \/><\/p>\n<\/div>","protected":false},"excerpt":{"rendered":"<p>Cr\u00e8me pour les mains \u00e0 l\u2019ur\u00e9e. Hydrate en profondeur et prot\u00e8ge ISDIN Ureadin Cr\u00e8me Mains Protectrice Les cr\u00e8mes pour les mains Ureadin hydratent intens\u00e9ment gr\u00e2ce \u00e0 l\u2019Ur\u00e9e ISDIN et r\u00e9tablissent des niveaux d\u2019hydratation optimaux. Cr\u00e8me pour les mains \u00e0 l\u2019ur\u00e9e. Hydrate en profondeur et prot\u00e8ge la peau. Ur\u00e9e ISDIN Restaure la fonction barri\u00e8re de la [&hellip;]<\/p>\n","protected":false},"featured_media":17840,"template":"","meta":[],"product_brand":[172],"product_cat":[142],"product_tag":[],"class_list":{"0":"post-17839","1":"product","2":"type-product","3":"status-publish","4":"has-post-thumbnail","6":"product_brand-isdin","7":"product_cat-isdin","8":"ts_product_brand-isdin","10":"first","11":"instock","12":"sale","13":"shipping-taxable","14":"purchasable","15":"product-type-simple"},"_links":{"self":[{"href":"https:\/\/para-mirava.ma\/index.php?rest_route=\/wp\/v2\/product\/17839","targetHints":{"allow":["GET"]}}],"collection":[{"href":"https:\/\/para-mirava.ma\/index.php?rest_route=\/wp\/v2\/product"}],"about":[{"href":"https:\/\/para-mirava.ma\/index.php?rest_route=\/wp\/v2\/types\/product"}],"wp:featuredmedia":[{"embeddable":true,"href":"https:\/\/para-mirava.ma\/index.php?rest_route=\/wp\/v2\/media\/17840"}],"wp:attachment":[{"href":"https:\/\/para-mirava.ma\/index.php?rest_route=%2Fwp%2Fv2%2Fmedia&parent=17839"}],"wp:term":[{"taxonomy":"product_brand","embeddable":true,"href":"https:\/\/para-mirava.ma\/index.php?rest_route=%2Fwp%2Fv2%2Fproduct_brand&post=17839"},{"taxonomy":"product_cat","embeddable":true,"href":"https:\/\/para-mirava.ma\/index.php?rest_route=%2Fwp%2Fv2%2Fproduct_cat&post=17839"},{"taxonomy":"product_tag","embeddable":true,"href":"https:\/\/para-mirava.ma\/index.php?rest_route=%2Fwp%2Fv2%2Fproduct_tag&post=17839"}],"curies":[{"name":"wp","href":"https:\/\/api.w.org\/{rel}","templated":true}]}}