{"id":17841,"date":"2026-03-12T17:45:50","date_gmt":"2026-03-12T17:45:50","guid":{"rendered":"https:\/\/para-mirava.ma\/?post_type=product&#038;p=17841"},"modified":"2026-03-17T18:43:47","modified_gmt":"2026-03-17T18:43:47","slug":"isdin-fotoprotector-hydro-oil-spf-30-200ml","status":"publish","type":"product","link":"https:\/\/para-mirava.ma\/?product=isdin-fotoprotector-hydro-oil-spf-30-200ml","title":{"rendered":"ISDIN FOTOPROTECTOR HYDRO OIL SPF 30 200ML"},"content":{"rendered":"<p>Fotoprotector ISDIN Hydro Oil SPF 30<\/p>\n<p>biphase qui prot\u00e8ge et bronze la peau.<\/p>\n<p>Fotoprotecteur corporel avec une haute protection SPF 30 UVB, UVA et avec Pro-Melanin Technology,<\/p>\n<p>qui stimule jusqu\u2019\u00e0 43% de plus le bronzage de la peau.<\/p>\n<p>Disponible dans votre parapharmacie en ligne www.cotepara.ma<br \/>\n200 ml<\/p>\n<h4>B\u00e9n\u00e9fices :<\/h4>\n<p>Lotion \u00e0 base d\u2019huile et aussi d\u2019eau biphase \u00e0 double action:<\/p>\n<p>&nbsp;<\/p>\n<h4>PROT\u00c8GE :<\/h4>\n<p>Haute protection UVB et UVA SPF 30<\/p>\n<p>&nbsp;<\/p>\n<h4>BRONZE :<\/h4>\n<p>&nbsp;<\/p>\n<p>Pro-Melanin Technology qui offre une protection naturelle stimulant le bronzage de la peau jusqu\u2019\u00e0 plus de 43%<\/p>\n<p>&nbsp;<\/p>\n<p>Ensuite Il apporte une action hydratante, un s\u00e9chage imm\u00e9diat et un effet rafra\u00eechissant<\/p>\n<p>&nbsp;<\/p>\n<p>Il offre finalement un aspect plus flexible, \u00e9lastique \u00e0 la peau<\/p>\n<p>&nbsp;<\/p>\n<p>R\u00e9sistant \u00e0 l\u2019eau \u00e9galement<\/p>\n<p>&nbsp;<\/p>\n<p>Adapt\u00e9 pour tous types de peau g\u00e9n\u00e9ralement<\/p>\n<p>&nbsp;<\/p>\n<p>Test\u00e9 dermato logiquement.<\/p>\n<p>Non allergique aussi<\/p>\n<p>&nbsp;<\/p>\n<p>&nbsp;<\/p>\n<p><img loading=\"lazy\" decoding=\"async\" class=\"\" src=\"https:\/\/pharmafirst.ma\/wp-content\/uploads\/2021\/07\/hydro-oil-4.png\" width=\"391\" height=\"391\" \/><\/p>\n","protected":false},"excerpt":{"rendered":"<p>Fotoprotector ISDIN Hydro Oil SPF 30 biphase qui prot\u00e8ge et bronze la peau. Fotoprotecteur corporel avec une haute protection SPF 30 UVB, UVA et avec Pro-Melanin Technology, qui stimule jusqu\u2019\u00e0 43% de plus le bronzage de la peau. Disponible dans votre parapharmacie en ligne www.cotepara.ma 200 ml B\u00e9n\u00e9fices : Lotion \u00e0 base d\u2019huile et aussi [&hellip;]<\/p>\n","protected":false},"featured_media":17842,"template":"","meta":[],"product_brand":[172],"product_cat":[142],"product_tag":[],"class_list":{"0":"post-17841","1":"product","2":"type-product","3":"status-publish","4":"has-post-thumbnail","6":"product_brand-isdin","7":"product_cat-isdin","8":"ts_product_brand-isdin","10":"first","11":"instock","12":"sale","13":"shipping-taxable","14":"purchasable","15":"product-type-simple"},"_links":{"self":[{"href":"https:\/\/para-mirava.ma\/index.php?rest_route=\/wp\/v2\/product\/17841","targetHints":{"allow":["GET"]}}],"collection":[{"href":"https:\/\/para-mirava.ma\/index.php?rest_route=\/wp\/v2\/product"}],"about":[{"href":"https:\/\/para-mirava.ma\/index.php?rest_route=\/wp\/v2\/types\/product"}],"wp:featuredmedia":[{"embeddable":true,"href":"https:\/\/para-mirava.ma\/index.php?rest_route=\/wp\/v2\/media\/17842"}],"wp:attachment":[{"href":"https:\/\/para-mirava.ma\/index.php?rest_route=%2Fwp%2Fv2%2Fmedia&parent=17841"}],"wp:term":[{"taxonomy":"product_brand","embeddable":true,"href":"https:\/\/para-mirava.ma\/index.php?rest_route=%2Fwp%2Fv2%2Fproduct_brand&post=17841"},{"taxonomy":"product_cat","embeddable":true,"href":"https:\/\/para-mirava.ma\/index.php?rest_route=%2Fwp%2Fv2%2Fproduct_cat&post=17841"},{"taxonomy":"product_tag","embeddable":true,"href":"https:\/\/para-mirava.ma\/index.php?rest_route=%2Fwp%2Fv2%2Fproduct_tag&post=17841"}],"curies":[{"name":"wp","href":"https:\/\/api.w.org\/{rel}","templated":true}]}}