{"id":17843,"date":"2026-03-12T17:47:50","date_gmt":"2026-03-12T17:47:50","guid":{"rendered":"https:\/\/para-mirava.ma\/?post_type=product&#038;p=17843"},"modified":"2026-03-17T18:43:47","modified_gmt":"2026-03-17T18:43:47","slug":"isdin-woman-creme-anti-vergetures-250ml","status":"publish","type":"product","link":"https:\/\/para-mirava.ma\/?product=isdin-woman-creme-anti-vergetures-250ml","title":{"rendered":"ISDIN WOMAN CREME ANTI VERGETURES 250ML"},"content":{"rendered":"<p>La Cr\u00e8me Anti-vergetures ISDIN Woman Anti-vergetures offre une solution efficace pour pr\u00e9venir et att\u00e9nuer les vergetures,<\/p>\n<p>enrichie avec 89% d\u2019ingr\u00e9dients d\u2019origine naturelle. Cliniquement prouv\u00e9e,<\/p>\n<p>elle est recommand\u00e9e donc pour aider \u00e0 pr\u00e9venir les vergetures li\u00e9es \u00e0 la grossesse, aux phases de croissance, aux activit\u00e9s sportives, et aux changements significatifs de masse corporelle.<\/p>\n<h4>Disponible dans votre parapharmacie en ligne www.cotepara.ma<\/h4>\n<p>Cette cr\u00e8me offre tout d\u2019abord une hydratation intense \u00e0 absorption rapide, laissant la peau nourrie et douce \u00e9galement<\/p>\n<p>Les r\u00e9sultats d\u2019une \u00e9tude sur l\u2019efficacit\u00e9 d\u2019ISDIN Woman Anti-vergetures pour pr\u00e9venir leur apparition<\/p>\n<p>pendant la grossesse au cours de 8 mois d\u2019utilisation sur 38 femmes de plus de 18 ans sans pr\u00e9sence de vergetures pr\u00e9alables ont montr\u00e9 que 94% d\u2019entre elles n\u2019ont pas d\u00e9velopp\u00e9 de vergetures.<\/p>\n<p>De plus, une \u00e9valuation subjective de l\u2019acceptabilit\u00e9 de la peau et de l\u2019efficacit\u00e9 du produit sur 53 femmes \u00e2g\u00e9es de 18 \u00e0 69 ans,<\/p>\n<p>appliqu\u00e9 \u00e0 plusieurs reprises dans des conditions d\u2019utilisation normales pendant 1 semaine a r\u00e9v\u00e9l\u00e9 que 95% des utilisatrices ont ressenti une peau plus confortable.<\/p>\n<p>&nbsp;<\/p>\n<p><img loading=\"lazy\" decoding=\"async\" class=\"\" src=\"https:\/\/www.isdin.com\/sites\/default\/files\/productos\/react_modules\/derivative\/es_desktop_antiestrias_features03.jpg?v=1558427365\" alt=\"ISDIN Woman Flavonex Cr\u00e8me Anti-vergetures | ISDIN\" width=\"312\" height=\"354\" \/><\/p>\n","protected":false},"excerpt":{"rendered":"<p>La Cr\u00e8me Anti-vergetures ISDIN Woman Anti-vergetures offre une solution efficace pour pr\u00e9venir et att\u00e9nuer les vergetures, enrichie avec 89% d\u2019ingr\u00e9dients d\u2019origine naturelle. Cliniquement prouv\u00e9e, elle est recommand\u00e9e donc pour aider \u00e0 pr\u00e9venir les vergetures li\u00e9es \u00e0 la grossesse, aux phases de croissance, aux activit\u00e9s sportives, et aux changements significatifs de masse corporelle. Disponible dans votre [&hellip;]<\/p>\n","protected":false},"featured_media":17844,"template":"","meta":[],"product_brand":[172],"product_cat":[142],"product_tag":[],"class_list":{"0":"post-17843","1":"product","2":"type-product","3":"status-publish","4":"has-post-thumbnail","6":"product_brand-isdin","7":"product_cat-isdin","8":"ts_product_brand-isdin","10":"first","11":"instock","12":"sale","13":"shipping-taxable","14":"purchasable","15":"product-type-simple"},"_links":{"self":[{"href":"https:\/\/para-mirava.ma\/index.php?rest_route=\/wp\/v2\/product\/17843","targetHints":{"allow":["GET"]}}],"collection":[{"href":"https:\/\/para-mirava.ma\/index.php?rest_route=\/wp\/v2\/product"}],"about":[{"href":"https:\/\/para-mirava.ma\/index.php?rest_route=\/wp\/v2\/types\/product"}],"wp:featuredmedia":[{"embeddable":true,"href":"https:\/\/para-mirava.ma\/index.php?rest_route=\/wp\/v2\/media\/17844"}],"wp:attachment":[{"href":"https:\/\/para-mirava.ma\/index.php?rest_route=%2Fwp%2Fv2%2Fmedia&parent=17843"}],"wp:term":[{"taxonomy":"product_brand","embeddable":true,"href":"https:\/\/para-mirava.ma\/index.php?rest_route=%2Fwp%2Fv2%2Fproduct_brand&post=17843"},{"taxonomy":"product_cat","embeddable":true,"href":"https:\/\/para-mirava.ma\/index.php?rest_route=%2Fwp%2Fv2%2Fproduct_cat&post=17843"},{"taxonomy":"product_tag","embeddable":true,"href":"https:\/\/para-mirava.ma\/index.php?rest_route=%2Fwp%2Fv2%2Fproduct_tag&post=17843"}],"curies":[{"name":"wp","href":"https:\/\/api.w.org\/{rel}","templated":true}]}}