{"id":17845,"date":"2026-03-12T17:49:34","date_gmt":"2026-03-12T17:49:34","guid":{"rendered":"https:\/\/para-mirava.ma\/?post_type=product&#038;p=17845"},"modified":"2026-03-17T18:43:47","modified_gmt":"2026-03-17T18:43:47","slug":"isdin-fotoprotecteur-hydrolotion-spf-50-200ml-new","status":"publish","type":"product","link":"https:\/\/para-mirava.ma\/?product=isdin-fotoprotecteur-hydrolotion-spf-50-200ml-new","title":{"rendered":"ISDIN FOTOPROTECTEUR HYDROLOTION SPF 50+\/ 200ML NEW"},"content":{"rendered":"<p>Photoprotecteur biphase qui prot\u00e8ge et d\u00e9toxifie la peau \u00e9galement<\/p>\n<div class=\"indicaciones-main_info\">\n<p>Photoprotecteur corporel biphase hydratant, de s\u00e9chage imm\u00e9diat avec\u00a0 Chorella Maris il \u00e9vite l\u2019oxydation de la peau.<\/p>\n<p>Haute protection UVB\/UVA SPF50.<\/p>\n<\/div>\n<h4>B\u00e9n\u00e9fices :<i class=\"fa pull-right fa-minus\"><\/i><\/h4>\n<div class=\"zoneContainer\">\n<p>Lotion \u00e0 base d\u2019huile et d\u2019eau, biphase \u00e0 double action:<\/p>\n<p>1-\u00a0<strong>Prot\u00e8ge<\/strong>: Haute protection UVB\/UVA SPF50<\/p>\n<p>2-<strong>DETOX<\/strong>: Gr\u00e2ce \u00e0 sa formule avec Chorella Maris qui d\u00e9toxifie et revitalise la peau du dommage\u00a0 induit par la radiation solaire gr\u00e2ce \u00e0 son action antioxydante.<\/p>\n<p>En plus de prot\u00e9ger la peau, il apporte une action hydratante de s\u00e9chage imm\u00e9diat et effet rafra\u00eechissant. Il offre \u00e0 la peau un aspect plus flexible\/d\u00e9tendu, \u00e9lastique et plus lumineux.<\/p>\n<p>Test\u00e9 dermatologiquement.<\/p>\n<p>Il est adapt\u00e9 \u00e0 tous types de peau.<\/p>\n<p>R\u00e9sistant \u00e0 l\u2019eau.<\/p>\n<p>Non allergique.<\/p>\n<h4>Posologie :<\/h4>\n<div class=\"zoneContainer\">\n<p>Tout d\u2019abord M\u00e9langez pendant 5 secondes et assurez vous que les deux phases du produit soient m\u00e9lang\u00e9es correctement avant l\u2019application.<\/p>\n<p>Ensuite Appliquez g\u00e9n\u00e9reusement sur la peau s\u00e8che, une demi heure avant l\u2019exposition solaire.<\/p>\n<p>Enfin\u00a0 Appliquez\u00a0 toutes les deux heures et apr\u00e8s avoir transpir\u00e9, nag\u00e9 ou de s\u2019\u00eatre s\u00e9ch\u00e9 avec une serviette.<\/p>\n<p>Si vous r\u00e9duisez la quantit\u00e9 \u00e0 appliquer ou si vous n\u2019agissez pas suffisamment le produit, le facteur de protection se r\u00e9duira en g\u00e9n\u00e9rale<\/p>\n<p>Ne pas vaporiser sur le visage.<\/p>\n<\/div>\n<\/div>\n","protected":false},"excerpt":{"rendered":"<p>Photoprotecteur biphase qui prot\u00e8ge et d\u00e9toxifie la peau \u00e9galement Photoprotecteur corporel biphase hydratant, de s\u00e9chage imm\u00e9diat avec\u00a0 Chorella Maris il \u00e9vite l\u2019oxydation de la peau. Haute protection UVB\/UVA SPF50. B\u00e9n\u00e9fices : Lotion \u00e0 base d\u2019huile et d\u2019eau, biphase \u00e0 double action: 1-\u00a0Prot\u00e8ge: Haute protection UVB\/UVA SPF50 2-DETOX: Gr\u00e2ce \u00e0 sa formule avec Chorella Maris qui [&hellip;]<\/p>\n","protected":false},"featured_media":17846,"template":"","meta":[],"product_brand":[172],"product_cat":[142],"product_tag":[],"class_list":{"0":"post-17845","1":"product","2":"type-product","3":"status-publish","4":"has-post-thumbnail","6":"product_brand-isdin","7":"product_cat-isdin","8":"ts_product_brand-isdin","10":"first","11":"instock","12":"sale","13":"shipping-taxable","14":"purchasable","15":"product-type-simple"},"_links":{"self":[{"href":"https:\/\/para-mirava.ma\/index.php?rest_route=\/wp\/v2\/product\/17845","targetHints":{"allow":["GET"]}}],"collection":[{"href":"https:\/\/para-mirava.ma\/index.php?rest_route=\/wp\/v2\/product"}],"about":[{"href":"https:\/\/para-mirava.ma\/index.php?rest_route=\/wp\/v2\/types\/product"}],"wp:featuredmedia":[{"embeddable":true,"href":"https:\/\/para-mirava.ma\/index.php?rest_route=\/wp\/v2\/media\/17846"}],"wp:attachment":[{"href":"https:\/\/para-mirava.ma\/index.php?rest_route=%2Fwp%2Fv2%2Fmedia&parent=17845"}],"wp:term":[{"taxonomy":"product_brand","embeddable":true,"href":"https:\/\/para-mirava.ma\/index.php?rest_route=%2Fwp%2Fv2%2Fproduct_brand&post=17845"},{"taxonomy":"product_cat","embeddable":true,"href":"https:\/\/para-mirava.ma\/index.php?rest_route=%2Fwp%2Fv2%2Fproduct_cat&post=17845"},{"taxonomy":"product_tag","embeddable":true,"href":"https:\/\/para-mirava.ma\/index.php?rest_route=%2Fwp%2Fv2%2Fproduct_tag&post=17845"}],"curies":[{"name":"wp","href":"https:\/\/api.w.org\/{rel}","templated":true}]}}