{"id":18057,"date":"2026-03-13T18:43:48","date_gmt":"2026-03-13T18:43:48","guid":{"rendered":"https:\/\/para-mirava.ma\/?product=bioderma-sensibio-h2o-500-ml"},"modified":"2026-03-17T18:40:58","modified_gmt":"2026-03-17T18:40:58","slug":"bioderma-sensibio-h2o-500-ml","status":"publish","type":"product","link":"https:\/\/para-mirava.ma\/?product=bioderma-sensibio-h2o-500-ml","title":{"rendered":"BIODERMA SENSIBIO H2O 500 ML"},"content":{"rendered":"<p>D\u00e9couvrez l&#8217;Eau Micellaire D\u00e9maquillante Sensibio H2O de Bioderma, un produit nettoyant doux sp\u00e9cialement con\u00e7u pour respecter la fragilit\u00e9 des peaux sensibles, y compris les peaux sensibles \u00e0 intol\u00e9rantes.<\/p>\n<p>Disponible dans votre parapharmacie en ligne www.cotepara.ma<\/p>\n<p>Sensibio H2O est la premi\u00e8re et unique eau micellaire dermatologique qui pr\u00e9sente une parfaite analogie biologique avec la peau. Les esters d&#8217;acides gras pr\u00e9sents dans sa formulation sont similaires aux phospholipides des membranes des cellules cutan\u00e9es, ce qui contribue \u00e0 la reconstitution naturelle du film hydrolipidique de la peau.<\/p>\n","protected":false},"excerpt":{"rendered":"<p>D\u00e9couvrez l&#8217;Eau Micellaire D\u00e9maquillante Sensibio H2O de Bioderma, un produit nettoyant doux sp\u00e9cialement con\u00e7u pour respecter la fragilit\u00e9 des peaux sensibles, y compris les peaux sensibles \u00e0 intol\u00e9rantes. Disponible dans votre parapharmacie en ligne www.cotepara.ma Sensibio H2O est la premi\u00e8re et unique eau micellaire dermatologique qui pr\u00e9sente une parfaite analogie biologique avec la peau. Les [&hellip;]<\/p>\n","protected":false},"featured_media":0,"template":"","meta":[],"product_brand":[170],"product_cat":[15,135],"product_tag":[],"class_list":{"0":"post-18057","1":"product","2":"type-product","3":"status-publish","5":"product_brand-bioderma","6":"product_cat-tout","7":"product_cat-bioderma","8":"ts_product_brand-bioderma","10":"first","11":"instock","12":"sale","13":"shipping-taxable","14":"purchasable","15":"product-type-simple"},"_links":{"self":[{"href":"https:\/\/para-mirava.ma\/index.php?rest_route=\/wp\/v2\/product\/18057","targetHints":{"allow":["GET"]}}],"collection":[{"href":"https:\/\/para-mirava.ma\/index.php?rest_route=\/wp\/v2\/product"}],"about":[{"href":"https:\/\/para-mirava.ma\/index.php?rest_route=\/wp\/v2\/types\/product"}],"wp:attachment":[{"href":"https:\/\/para-mirava.ma\/index.php?rest_route=%2Fwp%2Fv2%2Fmedia&parent=18057"}],"wp:term":[{"taxonomy":"product_brand","embeddable":true,"href":"https:\/\/para-mirava.ma\/index.php?rest_route=%2Fwp%2Fv2%2Fproduct_brand&post=18057"},{"taxonomy":"product_cat","embeddable":true,"href":"https:\/\/para-mirava.ma\/index.php?rest_route=%2Fwp%2Fv2%2Fproduct_cat&post=18057"},{"taxonomy":"product_tag","embeddable":true,"href":"https:\/\/para-mirava.ma\/index.php?rest_route=%2Fwp%2Fv2%2Fproduct_tag&post=18057"}],"curies":[{"name":"wp","href":"https:\/\/api.w.org\/{rel}","templated":true}]}}