{"id":18172,"date":"2026-03-13T18:44:07","date_gmt":"2026-03-13T18:44:07","guid":{"rendered":"https:\/\/para-mirava.ma\/?product=bioderma-coffret-photoderm-creme-spf50-pss-invisible-40ml-atoderm-huile-douche-100ml"},"modified":"2026-03-17T18:40:58","modified_gmt":"2026-03-17T18:40:58","slug":"bioderma-coffret-photoderm-creme-spf50-pss-invisible-40ml-atoderm-huile-douche-100ml","status":"publish","type":"product","link":"https:\/\/para-mirava.ma\/?product=bioderma-coffret-photoderm-creme-spf50-pss-invisible-40ml-atoderm-huile-douche-100ml","title":{"rendered":"BIODERMA COFFRET PHOTODERM CREME SPF50+ PSS INVISIBLE 40ML+ ATODERM HUILE DOUCHE 100ML"},"content":{"rendered":"<p>B\u00c9N\u00c9FICES<\/p>\n<p>Garantit une tr\u00e8s haute protection UVA\/UVB<\/p>\n<p>SUN ACTIVE DEFENSE : protection solaire de haute technologie, renforc\u00e9e contre les UVA<\/p>\n<p>8h d&#8217;hydratation<\/p>\n<p>Laisse la peau souple et confortable<\/p>\n<p>Fini invisible &#8212; Non collant &#8212; Non gras &#8212; Excellente base de maquillage &#8212; Sans parfum &#8212; Tr\u00e8s bonne tol\u00e9rance cutan\u00e9e et oculaire &#8212; Non com\u00e9dog\u00e8ne &#8212; R\u00e9siste \u00e0 l&#8217;eau, \u00e0 la chaleur et \u00e0 l&#8217;humidit\u00e9 \u00e9lev\u00e9e<\/p>\n<p>Conseils d&#8217;utilisation<\/p>\n<p>Plusieurs fois par jour en cas d&#8217;exposition au soleil.<\/p>\n<p>\u00c9TAPE 1Appliquer uniform\u00e9ment et g\u00e9n\u00e9reusement<\/p>\n<p>quotidiennement sur le visage et le cou avant l&#8217;exposition au soleil (une petite quantit\u00e9 de produit diminue le niveau de protection solaire).<\/p>\n<p>\u00c9TAPE 2Renouveler l&#8217;application apr\u00e8s avoir transpir\u00e9, nag\u00e9 ou s&#8217;\u00eatre essuy\u00e9 avec une serviette pour maintenir la protection.<\/p>\n<p>Eviter le contact avec les tissus. Adultes. Appliquer sur une peau saine. Une surexposition au soleil peut nuire \u00e0 la sant\u00e9 m\u00eame avec une protection solaire.<\/p>\n<p>Disponible dans votre parapharmacie en ligne www.cotepara.ma<\/p>\n","protected":false},"excerpt":{"rendered":"<p>B\u00c9N\u00c9FICES Garantit une tr\u00e8s haute protection UVA\/UVB SUN ACTIVE DEFENSE : protection solaire de haute technologie, renforc\u00e9e contre les UVA 8h d&#8217;hydratation Laisse la peau souple et confortable Fini invisible &#8212; Non collant &#8212; Non gras &#8212; Excellente base de maquillage &#8212; Sans parfum &#8212; Tr\u00e8s bonne tol\u00e9rance cutan\u00e9e et oculaire &#8212; Non com\u00e9dog\u00e8ne &#8212; [&hellip;]<\/p>\n","protected":false},"featured_media":18176,"template":"","meta":[],"product_brand":[170],"product_cat":[15,135],"product_tag":[],"class_list":{"0":"post-18172","1":"product","2":"type-product","3":"status-publish","4":"has-post-thumbnail","6":"product_brand-bioderma","7":"product_cat-tout","8":"product_cat-bioderma","9":"ts_product_brand-bioderma","11":"first","12":"instock","13":"sale","14":"shipping-taxable","15":"purchasable","16":"product-type-simple"},"_links":{"self":[{"href":"https:\/\/para-mirava.ma\/index.php?rest_route=\/wp\/v2\/product\/18172","targetHints":{"allow":["GET"]}}],"collection":[{"href":"https:\/\/para-mirava.ma\/index.php?rest_route=\/wp\/v2\/product"}],"about":[{"href":"https:\/\/para-mirava.ma\/index.php?rest_route=\/wp\/v2\/types\/product"}],"wp:featuredmedia":[{"embeddable":true,"href":"https:\/\/para-mirava.ma\/index.php?rest_route=\/wp\/v2\/media\/18176"}],"wp:attachment":[{"href":"https:\/\/para-mirava.ma\/index.php?rest_route=%2Fwp%2Fv2%2Fmedia&parent=18172"}],"wp:term":[{"taxonomy":"product_brand","embeddable":true,"href":"https:\/\/para-mirava.ma\/index.php?rest_route=%2Fwp%2Fv2%2Fproduct_brand&post=18172"},{"taxonomy":"product_cat","embeddable":true,"href":"https:\/\/para-mirava.ma\/index.php?rest_route=%2Fwp%2Fv2%2Fproduct_cat&post=18172"},{"taxonomy":"product_tag","embeddable":true,"href":"https:\/\/para-mirava.ma\/index.php?rest_route=%2Fwp%2Fv2%2Fproduct_tag&post=18172"}],"curies":[{"name":"wp","href":"https:\/\/api.w.org\/{rel}","templated":true}]}}