{"id":18599,"date":"2026-03-14T18:47:02","date_gmt":"2026-03-14T18:47:02","guid":{"rendered":"https:\/\/para-mirava.ma\/?product=vichy-dercos-shp-ultra-apaisant-chvx-gras-200ml"},"modified":"2026-03-17T18:46:19","modified_gmt":"2026-03-17T18:46:19","slug":"vichy-dercos-shp-ultra-apaisant-chvx-gras-200ml","status":"publish","type":"product","link":"https:\/\/para-mirava.ma\/?product=vichy-dercos-shp-ultra-apaisant-chvx-gras-200ml","title":{"rendered":"VICHY DERCOS SHP ULTRA-APAISANT CHVX GRAS 200ML"},"content":{"rendered":"<p>Agit instantan\u00e9ment d\u00e8s la 1\u00e8re utilisation.<br \/>\nCuir chevelu apais\u00e9 pour 48h.<br \/>\nAnti d\u00e9mangeaisons.<br \/>\nRenforce la fibre sensibilis\u00e9e.<br \/>\nDisponible dans votre parapharmacie en ligne<br \/>\nCuir chevelu r\u00e9actif.<br \/>\nCheveux normaux \u00e0 gras.<\/p>\n","protected":false},"excerpt":{"rendered":"<p>Agit instantan\u00e9ment d\u00e8s la 1\u00e8re utilisation. Cuir chevelu apais\u00e9 pour 48h. Anti d\u00e9mangeaisons. Renforce la fibre sensibilis\u00e9e. Disponible dans votre parapharmacie en ligne Cuir chevelu r\u00e9actif. Cheveux normaux \u00e0 gras.<\/p>\n","protected":false},"featured_media":19168,"template":"","meta":[],"product_brand":[],"product_cat":[15,136],"product_tag":[],"class_list":{"0":"post-18599","1":"product","2":"type-product","3":"status-publish","4":"has-post-thumbnail","6":"product_cat-tout","7":"product_cat-vichy","8":"ts_product_brand-vichy","10":"first","11":"instock","12":"sale","13":"shipping-taxable","14":"purchasable","15":"product-type-simple"},"_links":{"self":[{"href":"https:\/\/para-mirava.ma\/index.php?rest_route=\/wp\/v2\/product\/18599","targetHints":{"allow":["GET"]}}],"collection":[{"href":"https:\/\/para-mirava.ma\/index.php?rest_route=\/wp\/v2\/product"}],"about":[{"href":"https:\/\/para-mirava.ma\/index.php?rest_route=\/wp\/v2\/types\/product"}],"wp:featuredmedia":[{"embeddable":true,"href":"https:\/\/para-mirava.ma\/index.php?rest_route=\/wp\/v2\/media\/19168"}],"wp:attachment":[{"href":"https:\/\/para-mirava.ma\/index.php?rest_route=%2Fwp%2Fv2%2Fmedia&parent=18599"}],"wp:term":[{"taxonomy":"product_brand","embeddable":true,"href":"https:\/\/para-mirava.ma\/index.php?rest_route=%2Fwp%2Fv2%2Fproduct_brand&post=18599"},{"taxonomy":"product_cat","embeddable":true,"href":"https:\/\/para-mirava.ma\/index.php?rest_route=%2Fwp%2Fv2%2Fproduct_cat&post=18599"},{"taxonomy":"product_tag","embeddable":true,"href":"https:\/\/para-mirava.ma\/index.php?rest_route=%2Fwp%2Fv2%2Fproduct_tag&post=18599"}],"curies":[{"name":"wp","href":"https:\/\/api.w.org\/{rel}","templated":true}]}}