{"id":18600,"date":"2026-03-14T18:47:02","date_gmt":"2026-03-14T18:47:02","guid":{"rendered":"https:\/\/para-mirava.ma\/?product=vichy-mineral-89-booster-quotidien-50ml"},"modified":"2026-03-17T18:46:19","modified_gmt":"2026-03-17T18:46:19","slug":"vichy-mineral-89-booster-quotidien-50ml","status":"publish","type":"product","link":"https:\/\/para-mirava.ma\/?product=vichy-mineral-89-booster-quotidien-50ml","title":{"rendered":"VICHY MINERAL 89 BOOSTER QUOTIDIEN 50ML"},"content":{"rendered":"<p>Les agressions ext\u00e9rieures, telles que la pollution, le stress ou les rayons UV, alt\u00e8rent la barri\u00e8re protectrice de votre \u00e9piderme. La peau se d\u00e9shydrate, votre teint devient terne. Il est donc essentiel de lui apporter un coup de pouce quotidien avec l\u2019application d\u2019un soin booster fortifiant et hydratant, comme notre MINERAL 89.<br \/>\nMINERAL 89 est un s\u00e9rum hydratant, fortifiant et repulpant qui renforce la barri\u00e8re cutan\u00e9e et hydrate intens\u00e9ment la peau. Au c\u0153ur de sa formulation minimaliste se trouve 89 % d\u2019eau volcanique de Vichy, riche en min\u00e9raux et oligo-\u00e9l\u00e9ments qui fortifient la peau, ainsi que de l\u2019acide hyaluronique au haut pouvoir hydratant et repulpant. Sa texture gel aqueux fond sur la peau. Jour apr\u00e8s jour, le teint retrouve de l\u2019\u00e9clat, le taux d\u2019hydratation est \u00e0 son maximum, la peau est repulp\u00e9e et prot\u00e9g\u00e9e. Disponible dans votre parapharmacie en ligne<\/p>\n","protected":false},"excerpt":{"rendered":"<p>Les agressions ext\u00e9rieures, telles que la pollution, le stress ou les rayons UV, alt\u00e8rent la barri\u00e8re protectrice de votre \u00e9piderme. La peau se d\u00e9shydrate, votre teint devient terne. Il est donc essentiel de lui apporter un coup de pouce quotidien avec l\u2019application d\u2019un soin booster fortifiant et hydratant, comme notre MINERAL 89. MINERAL 89 est [&hellip;]<\/p>\n","protected":false},"featured_media":19169,"template":"","meta":[],"product_brand":[],"product_cat":[15,136],"product_tag":[],"class_list":{"0":"post-18600","1":"product","2":"type-product","3":"status-publish","4":"has-post-thumbnail","6":"product_cat-tout","7":"product_cat-vichy","8":"ts_product_brand-vichy","10":"first","11":"instock","12":"sale","13":"shipping-taxable","14":"purchasable","15":"product-type-simple"},"_links":{"self":[{"href":"https:\/\/para-mirava.ma\/index.php?rest_route=\/wp\/v2\/product\/18600","targetHints":{"allow":["GET"]}}],"collection":[{"href":"https:\/\/para-mirava.ma\/index.php?rest_route=\/wp\/v2\/product"}],"about":[{"href":"https:\/\/para-mirava.ma\/index.php?rest_route=\/wp\/v2\/types\/product"}],"wp:featuredmedia":[{"embeddable":true,"href":"https:\/\/para-mirava.ma\/index.php?rest_route=\/wp\/v2\/media\/19169"}],"wp:attachment":[{"href":"https:\/\/para-mirava.ma\/index.php?rest_route=%2Fwp%2Fv2%2Fmedia&parent=18600"}],"wp:term":[{"taxonomy":"product_brand","embeddable":true,"href":"https:\/\/para-mirava.ma\/index.php?rest_route=%2Fwp%2Fv2%2Fproduct_brand&post=18600"},{"taxonomy":"product_cat","embeddable":true,"href":"https:\/\/para-mirava.ma\/index.php?rest_route=%2Fwp%2Fv2%2Fproduct_cat&post=18600"},{"taxonomy":"product_tag","embeddable":true,"href":"https:\/\/para-mirava.ma\/index.php?rest_route=%2Fwp%2Fv2%2Fproduct_tag&post=18600"}],"curies":[{"name":"wp","href":"https:\/\/api.w.org\/{rel}","templated":true}]}}