{"id":18601,"date":"2026-03-14T18:47:02","date_gmt":"2026-03-14T18:47:02","guid":{"rendered":"https:\/\/para-mirava.ma\/?product=vichy-dercos-shp-anti-pelliculaire-cheveux-gras-200ml"},"modified":"2026-03-17T18:46:19","modified_gmt":"2026-03-17T18:46:19","slug":"vichy-dercos-shp-anti-pelliculaire-cheveux-gras-200ml","status":"publish","type":"product","link":"https:\/\/para-mirava.ma\/?product=vichy-dercos-shp-anti-pelliculaire-cheveux-gras-200ml","title":{"rendered":"VICHY DERCOS SHP ANTI-PELLICULAIRE CHEVEUX GRAS 200ML"},"content":{"rendered":"<p>Des cheveux l\u00e9gers, faciles \u00e0 coiffer.<br \/>\nPour les hommes et les femmes qui souffrent de cheveux \u00e0 tendance grasse. Disponible dans votre parapharmacie en ligne<\/p>\n","protected":false},"excerpt":{"rendered":"<p>Des cheveux l\u00e9gers, faciles \u00e0 coiffer. Pour les hommes et les femmes qui souffrent de cheveux \u00e0 tendance grasse. Disponible dans votre parapharmacie en ligne<\/p>\n","protected":false},"featured_media":19163,"template":"","meta":[],"product_brand":[],"product_cat":[15,136],"product_tag":[],"class_list":{"0":"post-18601","1":"product","2":"type-product","3":"status-publish","4":"has-post-thumbnail","6":"product_cat-tout","7":"product_cat-vichy","8":"ts_product_brand-vichy","10":"first","11":"instock","12":"sale","13":"shipping-taxable","14":"purchasable","15":"product-type-simple"},"_links":{"self":[{"href":"https:\/\/para-mirava.ma\/index.php?rest_route=\/wp\/v2\/product\/18601","targetHints":{"allow":["GET"]}}],"collection":[{"href":"https:\/\/para-mirava.ma\/index.php?rest_route=\/wp\/v2\/product"}],"about":[{"href":"https:\/\/para-mirava.ma\/index.php?rest_route=\/wp\/v2\/types\/product"}],"wp:featuredmedia":[{"embeddable":true,"href":"https:\/\/para-mirava.ma\/index.php?rest_route=\/wp\/v2\/media\/19163"}],"wp:attachment":[{"href":"https:\/\/para-mirava.ma\/index.php?rest_route=%2Fwp%2Fv2%2Fmedia&parent=18601"}],"wp:term":[{"taxonomy":"product_brand","embeddable":true,"href":"https:\/\/para-mirava.ma\/index.php?rest_route=%2Fwp%2Fv2%2Fproduct_brand&post=18601"},{"taxonomy":"product_cat","embeddable":true,"href":"https:\/\/para-mirava.ma\/index.php?rest_route=%2Fwp%2Fv2%2Fproduct_cat&post=18601"},{"taxonomy":"product_tag","embeddable":true,"href":"https:\/\/para-mirava.ma\/index.php?rest_route=%2Fwp%2Fv2%2Fproduct_tag&post=18601"}],"curies":[{"name":"wp","href":"https:\/\/api.w.org\/{rel}","templated":true}]}}