{"id":18602,"date":"2026-03-14T18:47:02","date_gmt":"2026-03-14T18:47:02","guid":{"rendered":"https:\/\/para-mirava.ma\/?product=vichy-liftactiv-supreme-ps-50ml"},"modified":"2026-03-17T18:46:19","modified_gmt":"2026-03-17T18:46:19","slug":"vichy-liftactiv-supreme-ps-50ml","status":"publish","type":"product","link":"https:\/\/para-mirava.ma\/?product=vichy-liftactiv-supreme-ps-50ml","title":{"rendered":"VICHY LIFTACTIV SUPREME PS 50ML"},"content":{"rendered":"<p>\u00c9labor\u00e9e par les laboratoires Vichy, cette cr\u00e8me anti-rides a \u00e9t\u00e9 sp\u00e9cialement formul\u00e9e pour les peaux s\u00e8ches matures.<br \/>\nDisponible dans votre parapharmacie en ligne<br \/>\nAvec l\u2019\u00e2ge, la peau se rel\u00e2che et les rides sont plus pr\u00e9sentes. Gr\u00e2ce \u00e0 la Liftactiv Supr\u00eame de Vichy, il est possible de contrer les signes de l\u2019\u00e2ge :<br \/>\n\u2013 offre une action anti-rides qui r\u00e9duit l\u2019apparence des ridules.<br \/>\n\u2013 apporte fermet\u00e9 \u00e0 la peau du visage et du cou. Elle retend l\u2019\u00e9piderme, qui para\u00eet plus jeune.<br \/>\n\u2013 offre un effet lifting, en floutant les traits du visage.<\/p>\n","protected":false},"excerpt":{"rendered":"<p>\u00c9labor\u00e9e par les laboratoires Vichy, cette cr\u00e8me anti-rides a \u00e9t\u00e9 sp\u00e9cialement formul\u00e9e pour les peaux s\u00e8ches matures. Disponible dans votre parapharmacie en ligne Avec l\u2019\u00e2ge, la peau se rel\u00e2che et les rides sont plus pr\u00e9sentes. Gr\u00e2ce \u00e0 la Liftactiv Supr\u00eame de Vichy, il est possible de contrer les signes de l\u2019\u00e2ge : \u2013 offre une [&hellip;]<\/p>\n","protected":false},"featured_media":19164,"template":"","meta":[],"product_brand":[],"product_cat":[15,136],"product_tag":[],"class_list":{"0":"post-18602","1":"product","2":"type-product","3":"status-publish","4":"has-post-thumbnail","6":"product_cat-tout","7":"product_cat-vichy","8":"ts_product_brand-vichy","10":"first","11":"instock","12":"sale","13":"shipping-taxable","14":"purchasable","15":"product-type-simple"},"_links":{"self":[{"href":"https:\/\/para-mirava.ma\/index.php?rest_route=\/wp\/v2\/product\/18602","targetHints":{"allow":["GET"]}}],"collection":[{"href":"https:\/\/para-mirava.ma\/index.php?rest_route=\/wp\/v2\/product"}],"about":[{"href":"https:\/\/para-mirava.ma\/index.php?rest_route=\/wp\/v2\/types\/product"}],"wp:featuredmedia":[{"embeddable":true,"href":"https:\/\/para-mirava.ma\/index.php?rest_route=\/wp\/v2\/media\/19164"}],"wp:attachment":[{"href":"https:\/\/para-mirava.ma\/index.php?rest_route=%2Fwp%2Fv2%2Fmedia&parent=18602"}],"wp:term":[{"taxonomy":"product_brand","embeddable":true,"href":"https:\/\/para-mirava.ma\/index.php?rest_route=%2Fwp%2Fv2%2Fproduct_brand&post=18602"},{"taxonomy":"product_cat","embeddable":true,"href":"https:\/\/para-mirava.ma\/index.php?rest_route=%2Fwp%2Fv2%2Fproduct_cat&post=18602"},{"taxonomy":"product_tag","embeddable":true,"href":"https:\/\/para-mirava.ma\/index.php?rest_route=%2Fwp%2Fv2%2Fproduct_tag&post=18602"}],"curies":[{"name":"wp","href":"https:\/\/api.w.org\/{rel}","templated":true}]}}