{"id":18604,"date":"2026-03-14T18:47:02","date_gmt":"2026-03-14T18:47:02","guid":{"rendered":"https:\/\/para-mirava.ma\/?product=vichy-capital-soleil-creme-toucher-sec-teintee-spf50-bb"},"modified":"2026-03-17T18:46:20","modified_gmt":"2026-03-17T18:46:20","slug":"vichy-capital-soleil-creme-toucher-sec-teintee-spf50-bb","status":"publish","type":"product","link":"https:\/\/para-mirava.ma\/?product=vichy-capital-soleil-creme-toucher-sec-teintee-spf50-bb","title":{"rendered":"VICHY CAPITAL SOLEIL CREME TOUCHER SEC TEINTEE SPF50 (BB)"},"content":{"rendered":"<p>Haute protection qui unifie et matifie la peau sensible.<br \/>\nDans l\u2019imm\u00e9diat : Gr\u00e2ce \u00e0 des textures BB unifiantes pour un teint homog\u00e8ne et un h\u00e2le naturel.<br \/>\nJour apr\u00e8s jour : Gr\u00e2ce \u00e0 un syst\u00e8me filtrant renforc\u00e9 en UVA Longs pour une belle qualit\u00e9 de peau et un h\u00e2le lumineux.<br \/>\nPour les femmes \u00e0 la peau mixte \u00e0 grasse, \u00e0 la recherche d\u2019une protection solaire visage teint\u00e9e qui embellit la peau jour apr\u00e8s jour.<\/p>\n","protected":false},"excerpt":{"rendered":"<p>Haute protection qui unifie et matifie la peau sensible. Dans l\u2019imm\u00e9diat : Gr\u00e2ce \u00e0 des textures BB unifiantes pour un teint homog\u00e8ne et un h\u00e2le naturel. Jour apr\u00e8s jour : Gr\u00e2ce \u00e0 un syst\u00e8me filtrant renforc\u00e9 en UVA Longs pour une belle qualit\u00e9 de peau et un h\u00e2le lumineux. Pour les femmes \u00e0 la peau [&hellip;]<\/p>\n","protected":false},"featured_media":19166,"template":"","meta":[],"product_brand":[],"product_cat":[15,136],"product_tag":[],"class_list":{"0":"post-18604","1":"product","2":"type-product","3":"status-publish","4":"has-post-thumbnail","6":"product_cat-tout","7":"product_cat-vichy","8":"ts_product_brand-vichy","10":"first","11":"instock","12":"sale","13":"shipping-taxable","14":"purchasable","15":"product-type-simple"},"_links":{"self":[{"href":"https:\/\/para-mirava.ma\/index.php?rest_route=\/wp\/v2\/product\/18604","targetHints":{"allow":["GET"]}}],"collection":[{"href":"https:\/\/para-mirava.ma\/index.php?rest_route=\/wp\/v2\/product"}],"about":[{"href":"https:\/\/para-mirava.ma\/index.php?rest_route=\/wp\/v2\/types\/product"}],"wp:featuredmedia":[{"embeddable":true,"href":"https:\/\/para-mirava.ma\/index.php?rest_route=\/wp\/v2\/media\/19166"}],"wp:attachment":[{"href":"https:\/\/para-mirava.ma\/index.php?rest_route=%2Fwp%2Fv2%2Fmedia&parent=18604"}],"wp:term":[{"taxonomy":"product_brand","embeddable":true,"href":"https:\/\/para-mirava.ma\/index.php?rest_route=%2Fwp%2Fv2%2Fproduct_brand&post=18604"},{"taxonomy":"product_cat","embeddable":true,"href":"https:\/\/para-mirava.ma\/index.php?rest_route=%2Fwp%2Fv2%2Fproduct_cat&post=18604"},{"taxonomy":"product_tag","embeddable":true,"href":"https:\/\/para-mirava.ma\/index.php?rest_route=%2Fwp%2Fv2%2Fproduct_tag&post=18604"}],"curies":[{"name":"wp","href":"https:\/\/api.w.org\/{rel}","templated":true}]}}