{"id":18606,"date":"2026-03-14T18:47:03","date_gmt":"2026-03-14T18:47:03","guid":{"rendered":"https:\/\/para-mirava.ma\/?product=vichy-deo-bille-eclaircissant-50ml"},"modified":"2026-03-17T18:46:19","modified_gmt":"2026-03-17T18:46:19","slug":"vichy-deo-bille-eclaircissant-50ml","status":"publish","type":"product","link":"https:\/\/para-mirava.ma\/?product=vichy-deo-bille-eclaircissant-50ml","title":{"rendered":"VICHY DEO BILLE ECLAIRCISSANT 50ML"},"content":{"rendered":"<p>Le D\u00e9odorant Roll-on anti-transpirant \u2013 Peau sensible ou \u00e9pil\u00e9e.<br \/>\nPour les femmes, \u00e0 la peau sensible et \u00e9pil\u00e9e, qui cherchent \u00e0 allier efficacit\u00e9 anti-transpirante et ultra-tol\u00e9rance. Disponible dans votre parapharmacie en ligne<\/p>\n","protected":false},"excerpt":{"rendered":"<p>Le D\u00e9odorant Roll-on anti-transpirant \u2013 Peau sensible ou \u00e9pil\u00e9e. Pour les femmes, \u00e0 la peau sensible et \u00e9pil\u00e9e, qui cherchent \u00e0 allier efficacit\u00e9 anti-transpirante et ultra-tol\u00e9rance. Disponible dans votre parapharmacie en ligne<\/p>\n","protected":false},"featured_media":19157,"template":"","meta":[],"product_brand":[],"product_cat":[15,136],"product_tag":[],"class_list":{"0":"post-18606","1":"product","2":"type-product","3":"status-publish","4":"has-post-thumbnail","6":"product_cat-tout","7":"product_cat-vichy","8":"ts_product_brand-vichy","10":"first","11":"instock","12":"sale","13":"shipping-taxable","14":"purchasable","15":"product-type-simple"},"_links":{"self":[{"href":"https:\/\/para-mirava.ma\/index.php?rest_route=\/wp\/v2\/product\/18606","targetHints":{"allow":["GET"]}}],"collection":[{"href":"https:\/\/para-mirava.ma\/index.php?rest_route=\/wp\/v2\/product"}],"about":[{"href":"https:\/\/para-mirava.ma\/index.php?rest_route=\/wp\/v2\/types\/product"}],"wp:featuredmedia":[{"embeddable":true,"href":"https:\/\/para-mirava.ma\/index.php?rest_route=\/wp\/v2\/media\/19157"}],"wp:attachment":[{"href":"https:\/\/para-mirava.ma\/index.php?rest_route=%2Fwp%2Fv2%2Fmedia&parent=18606"}],"wp:term":[{"taxonomy":"product_brand","embeddable":true,"href":"https:\/\/para-mirava.ma\/index.php?rest_route=%2Fwp%2Fv2%2Fproduct_brand&post=18606"},{"taxonomy":"product_cat","embeddable":true,"href":"https:\/\/para-mirava.ma\/index.php?rest_route=%2Fwp%2Fv2%2Fproduct_cat&post=18606"},{"taxonomy":"product_tag","embeddable":true,"href":"https:\/\/para-mirava.ma\/index.php?rest_route=%2Fwp%2Fv2%2Fproduct_tag&post=18606"}],"curies":[{"name":"wp","href":"https:\/\/api.w.org\/{rel}","templated":true}]}}