{"id":18608,"date":"2026-03-14T18:47:03","date_gmt":"2026-03-14T18:47:03","guid":{"rendered":"https:\/\/para-mirava.ma\/?product=vichy-deo-mineral-roll-on-50ml"},"modified":"2026-03-17T18:46:19","modified_gmt":"2026-03-17T18:46:19","slug":"vichy-deo-mineral-roll-on-50ml","status":"publish","type":"product","link":"https:\/\/para-mirava.ma\/?product=vichy-deo-mineral-roll-on-50ml","title":{"rendered":"VICHY DEO MINERAL ROLL ON 50ML"},"content":{"rendered":"<p>Efficacit\u00e9 et Tol\u00e9rance Optimales.<br \/>\nSans compromis.<br \/>\nPour les femmes \u00e0 la recherche d\u2019un d\u00e9odorant sans sels d\u2019aluminim, avec un niveau d\u2019efficacit\u00e9 maximal sans compromis sur la tol\u00e9rance.<br \/>\nAssociation de l\u2019oxyde de magn\u00e9sium et de 5 min\u00e9raux pour une efficacit\u00e9 anti-odeur jusqu\u2019\u00e0 48h, \u00e0 la Provitamine B5 apaisante. Disponible dans votre parapharmacie en ligne<\/p>\n","protected":false},"excerpt":{"rendered":"<p>Efficacit\u00e9 et Tol\u00e9rance Optimales. Sans compromis. Pour les femmes \u00e0 la recherche d\u2019un d\u00e9odorant sans sels d\u2019aluminim, avec un niveau d\u2019efficacit\u00e9 maximal sans compromis sur la tol\u00e9rance. Association de l\u2019oxyde de magn\u00e9sium et de 5 min\u00e9raux pour une efficacit\u00e9 anti-odeur jusqu\u2019\u00e0 48h, \u00e0 la Provitamine B5 apaisante. Disponible dans votre parapharmacie en ligne<\/p>\n","protected":false},"featured_media":19159,"template":"","meta":[],"product_brand":[],"product_cat":[15,136],"product_tag":[],"class_list":{"0":"post-18608","1":"product","2":"type-product","3":"status-publish","4":"has-post-thumbnail","6":"product_cat-tout","7":"product_cat-vichy","8":"ts_product_brand-vichy","10":"first","11":"instock","12":"sale","13":"shipping-taxable","14":"purchasable","15":"product-type-simple"},"_links":{"self":[{"href":"https:\/\/para-mirava.ma\/index.php?rest_route=\/wp\/v2\/product\/18608","targetHints":{"allow":["GET"]}}],"collection":[{"href":"https:\/\/para-mirava.ma\/index.php?rest_route=\/wp\/v2\/product"}],"about":[{"href":"https:\/\/para-mirava.ma\/index.php?rest_route=\/wp\/v2\/types\/product"}],"wp:featuredmedia":[{"embeddable":true,"href":"https:\/\/para-mirava.ma\/index.php?rest_route=\/wp\/v2\/media\/19159"}],"wp:attachment":[{"href":"https:\/\/para-mirava.ma\/index.php?rest_route=%2Fwp%2Fv2%2Fmedia&parent=18608"}],"wp:term":[{"taxonomy":"product_brand","embeddable":true,"href":"https:\/\/para-mirava.ma\/index.php?rest_route=%2Fwp%2Fv2%2Fproduct_brand&post=18608"},{"taxonomy":"product_cat","embeddable":true,"href":"https:\/\/para-mirava.ma\/index.php?rest_route=%2Fwp%2Fv2%2Fproduct_cat&post=18608"},{"taxonomy":"product_tag","embeddable":true,"href":"https:\/\/para-mirava.ma\/index.php?rest_route=%2Fwp%2Fv2%2Fproduct_tag&post=18608"}],"curies":[{"name":"wp","href":"https:\/\/api.w.org\/{rel}","templated":true}]}}