{"id":18627,"date":"2026-03-14T18:47:06","date_gmt":"2026-03-14T18:47:06","guid":{"rendered":"https:\/\/para-mirava.ma\/?product=vichy-dercos-ap-shp-energisant-200ml"},"modified":"2026-03-17T18:46:17","modified_gmt":"2026-03-17T18:46:17","slug":"vichy-dercos-ap-shp-energisant-200ml","status":"publish","type":"product","link":"https:\/\/para-mirava.ma\/?product=vichy-dercos-ap-shp-energisant-200ml","title":{"rendered":"VICHY DERCOS AP. SHP ENERGISANT 200ML"},"content":{"rendered":"<p>R\u00e9duit la chute de cheveux li\u00e9e \u00e0 la casse. D\u00e9m\u00eale sans alourdir. Cheveux plus forts, plus r\u00e9sistants.<br \/>\nChute de cheveux, cheveux fragiles. Disponible dans votre parapharmacie en ligne<\/p>\n","protected":false},"excerpt":{"rendered":"<p>R\u00e9duit la chute de cheveux li\u00e9e \u00e0 la casse. D\u00e9m\u00eale sans alourdir. Cheveux plus forts, plus r\u00e9sistants. Chute de cheveux, cheveux fragiles. Disponible dans votre parapharmacie en ligne<\/p>\n","protected":false},"featured_media":19144,"template":"","meta":[],"product_brand":[176],"product_cat":[15,140,136],"product_tag":[],"class_list":{"0":"post-18627","1":"product","2":"type-product","3":"status-publish","4":"has-post-thumbnail","6":"product_brand-ducray","7":"product_cat-tout","8":"product_cat-ducray","9":"product_cat-vichy","10":"ts_product_brand-vichy","12":"first","13":"instock","14":"sale","15":"shipping-taxable","16":"purchasable","17":"product-type-simple"},"_links":{"self":[{"href":"https:\/\/para-mirava.ma\/index.php?rest_route=\/wp\/v2\/product\/18627","targetHints":{"allow":["GET"]}}],"collection":[{"href":"https:\/\/para-mirava.ma\/index.php?rest_route=\/wp\/v2\/product"}],"about":[{"href":"https:\/\/para-mirava.ma\/index.php?rest_route=\/wp\/v2\/types\/product"}],"wp:featuredmedia":[{"embeddable":true,"href":"https:\/\/para-mirava.ma\/index.php?rest_route=\/wp\/v2\/media\/19144"}],"wp:attachment":[{"href":"https:\/\/para-mirava.ma\/index.php?rest_route=%2Fwp%2Fv2%2Fmedia&parent=18627"}],"wp:term":[{"taxonomy":"product_brand","embeddable":true,"href":"https:\/\/para-mirava.ma\/index.php?rest_route=%2Fwp%2Fv2%2Fproduct_brand&post=18627"},{"taxonomy":"product_cat","embeddable":true,"href":"https:\/\/para-mirava.ma\/index.php?rest_route=%2Fwp%2Fv2%2Fproduct_cat&post=18627"},{"taxonomy":"product_tag","embeddable":true,"href":"https:\/\/para-mirava.ma\/index.php?rest_route=%2Fwp%2Fv2%2Fproduct_tag&post=18627"}],"curies":[{"name":"wp","href":"https:\/\/api.w.org\/{rel}","templated":true}]}}