{"id":18631,"date":"2026-03-14T18:47:07","date_gmt":"2026-03-14T18:47:07","guid":{"rendered":"https:\/\/para-mirava.ma\/?product=vichy-normaderm-fluide-double-correction-hydratant-30ml"},"modified":"2026-03-17T18:46:17","modified_gmt":"2026-03-17T18:46:17","slug":"vichy-normaderm-fluide-double-correction-hydratant-30ml","status":"publish","type":"product","link":"https:\/\/para-mirava.ma\/?product=vichy-normaderm-fluide-double-correction-hydratant-30ml","title":{"rendered":"VICHY NORMADERM FLUIDE DOUBLE CORRECTION HYDRATANT 30ML"},"content":{"rendered":"<p>Peu importe votre \u00e2ge ou votre genre, l\u2019acn\u00e9 est caus\u00e9e par les hormones.\u200b\u200b \u200b<br \/>\nLa formule hypoallerg\u00e9nique du soin Double-Correction est con\u00e7ue pour corriger tous les types d\u2019imperfections, m\u00eame lors des pics hormonaux. Elle est d\u00e9sormais port\u00e9e par deux principaux actifs dermiques: 2% d\u2019acide salicylique et de sarcosine. \u200b \u200b \u200b \u200b Disponible dans<br \/>\nPuisque l\u2019efficacit\u00e9 et la s\u00e9curit\u00e9 sont notre priorit\u00e9, le soin hydratant Double-Correction a \u00e9t\u00e9 test\u00e9 cliniquement sur des peaux \u00e0 tendance acn\u00e9ique pendant des pics hormonaux.<\/p>\n","protected":false},"excerpt":{"rendered":"<p>Peu importe votre \u00e2ge ou votre genre, l\u2019acn\u00e9 est caus\u00e9e par les hormones.\u200b\u200b \u200b La formule hypoallerg\u00e9nique du soin Double-Correction est con\u00e7ue pour corriger tous les types d\u2019imperfections, m\u00eame lors des pics hormonaux. Elle est d\u00e9sormais port\u00e9e par deux principaux actifs dermiques: 2% d\u2019acide salicylique et de sarcosine. \u200b \u200b \u200b \u200b Disponible dans Puisque [&hellip;]<\/p>\n","protected":false},"featured_media":19137,"template":"","meta":[],"product_brand":[176],"product_cat":[15,140,136],"product_tag":[],"class_list":{"0":"post-18631","1":"product","2":"type-product","3":"status-publish","4":"has-post-thumbnail","6":"product_brand-ducray","7":"product_cat-tout","8":"product_cat-ducray","9":"product_cat-vichy","10":"ts_product_brand-vichy","12":"first","13":"instock","14":"sale","15":"shipping-taxable","16":"purchasable","17":"product-type-simple"},"_links":{"self":[{"href":"https:\/\/para-mirava.ma\/index.php?rest_route=\/wp\/v2\/product\/18631","targetHints":{"allow":["GET"]}}],"collection":[{"href":"https:\/\/para-mirava.ma\/index.php?rest_route=\/wp\/v2\/product"}],"about":[{"href":"https:\/\/para-mirava.ma\/index.php?rest_route=\/wp\/v2\/types\/product"}],"wp:featuredmedia":[{"embeddable":true,"href":"https:\/\/para-mirava.ma\/index.php?rest_route=\/wp\/v2\/media\/19137"}],"wp:attachment":[{"href":"https:\/\/para-mirava.ma\/index.php?rest_route=%2Fwp%2Fv2%2Fmedia&parent=18631"}],"wp:term":[{"taxonomy":"product_brand","embeddable":true,"href":"https:\/\/para-mirava.ma\/index.php?rest_route=%2Fwp%2Fv2%2Fproduct_brand&post=18631"},{"taxonomy":"product_cat","embeddable":true,"href":"https:\/\/para-mirava.ma\/index.php?rest_route=%2Fwp%2Fv2%2Fproduct_cat&post=18631"},{"taxonomy":"product_tag","embeddable":true,"href":"https:\/\/para-mirava.ma\/index.php?rest_route=%2Fwp%2Fv2%2Fproduct_tag&post=18631"}],"curies":[{"name":"wp","href":"https:\/\/api.w.org\/{rel}","templated":true}]}}