{"id":18634,"date":"2026-03-14T19:29:41","date_gmt":"2026-03-14T19:29:41","guid":{"rendered":"https:\/\/para-mirava.ma\/?product=ducray-kertyol-pso-shp-200ml-new"},"modified":"2026-03-17T18:42:29","modified_gmt":"2026-03-17T18:42:29","slug":"ducray-kertyol-pso-shp-200ml-new","status":"publish","type":"product","link":"https:\/\/para-mirava.ma\/?product=ducray-kertyol-pso-shp-200ml-new","title":{"rendered":"DUCRAY KERTYOL PSO SHP 200ML NEW"},"content":{"rendered":"<p>Le shampooing traitant Kertyol Pso est un produit sp\u00e9cialement con\u00e7u pour les personnes ayant des probl\u00e8mes de cuir chevelu li\u00e9s au psoriasis. Ce shampooing vise \u00e0 favoriser l&#8217;\u00e9limination des plaques s\u00e8ches et \u00e0 apaiser les d\u00e9mangeaisons fr\u00e9quemment associ\u00e9es au psoriasis du cuir chevelu. Il est recommand\u00e9 de l&#8217;utiliser trois fois par semaine pendant une p\u00e9riode de quatre semaines d\u00e8s l&#8217;apparition des plaques, puis en entretien une fois par semaine pour pr\u00e9venir la r\u00e9apparition des plaques de pellicules s\u00e8ches et \u00e9paisses.<\/p>\n<p>Ce produit a \u00e9t\u00e9 sp\u00e9cialement formul\u00e9 pour respecter la coloration des cheveux tout en facilitant le coiffage. Les r\u00e9sultats de son utilisation sont soutenus par des donn\u00e9es cliniques. Selon une \u00e9tude r\u00e9alis\u00e9e aupr\u00e8s de 54 sujets pr\u00e9sentant un psoriasis du cuir chevelu l\u00e9ger \u00e0 mod\u00e9r\u00e9 :<\/p>\n<p>&#8211; 77% des sujets ont ressenti une r\u00e9duction des d\u00e9mangeaisons d\u00e8s les premi\u00e8res applications.<br \/>\n&#8211; 78% de l&#8217;\u00e9paisseur des plaques a diminu\u00e9 apr\u00e8s un mois d&#8217;utilisation.<br \/>\n&#8211; 79% des sujets ont per\u00e7u une am\u00e9lioration de leur qualit\u00e9 de vie apr\u00e8s 29 jours d&#8217;utilisation.<\/p>\n<p>Les principes actifs cl\u00e9s de ce shampooing sont l&#8217;acide salicylique, un agent k\u00e9ratolytique qui favorise la disparition des plaques visibles sur le cuir chevelu, et le Celastrol, un actif innovant d&#8217;origine naturelle issu de la Biotechnologie Pierre Fabre. Le Celastrol agit directement sur les k\u00e9ratinocytes pour r\u00e9duire l&#8217;apparition des plaques et am\u00e9liorer ainsi l&#8217;aspect de la peau.<\/p>\n<p>Il est important de noter que l&#8217;efficacit\u00e9 et la tol\u00e9rance de ce produit ont \u00e9t\u00e9 test\u00e9es sous contr\u00f4le dermatologique, garantissant ainsi sa qualit\u00e9 et sa s\u00e9curit\u00e9 d&#8217;utilisation pour les personnes souffrant de psoriasis du cuir chevelu.<\/p>\n<p>Conseils d&#8217;application<\/p>\n<p>1. Appliquez le shampooing traitant Kertyol Pso sur cheveux humides.<br \/>\n2. Massez d\u00e9licatement le cuir chevelu avec le shampooing, en veillant \u00e0 r\u00e9partir le produit uniform\u00e9ment.<br \/>\n3. Rincez abondamment votre cuir chevelu et vos cheveux \u00e0 l&#8217;eau ti\u00e8de pour \u00e9liminer compl\u00e8tement le produit.<br \/>\n4. Appliquez \u00e0 nouveau une deuxi\u00e8me fois le shampooing sur vos cheveux.<br \/>\n5. Laissez reposer le shampooing pendant 2-3 minutes pour permettre aux principes actifs d&#8217;agir efficacement.<br \/>\n6. Rincez abondamment \u00e0 l&#8217;eau claire apr\u00e8s l&#8217;attente de quelques minutes, en veillant \u00e0 \u00e9liminer compl\u00e8tement le produit de vos cheveux et de votre cuir chevelu.<\/p>\n","protected":false},"excerpt":{"rendered":"<p>Le shampooing traitant Kertyol Pso est un produit sp\u00e9cialement con\u00e7u pour les personnes ayant des probl\u00e8mes de cuir chevelu li\u00e9s au psoriasis. Ce shampooing vise \u00e0 favoriser l&#8217;\u00e9limination des plaques s\u00e8ches et \u00e0 apaiser les d\u00e9mangeaisons fr\u00e9quemment associ\u00e9es au psoriasis du cuir chevelu. Il est recommand\u00e9 de l&#8217;utiliser trois fois par semaine pendant une p\u00e9riode [&hellip;]<\/p>\n","protected":false},"featured_media":19126,"template":"","meta":[],"product_brand":[176],"product_cat":[15,140],"product_tag":[],"class_list":{"0":"post-18634","1":"product","2":"type-product","3":"status-publish","4":"has-post-thumbnail","6":"product_brand-ducray","7":"product_cat-tout","8":"product_cat-ducray","10":"first","11":"instock","12":"sale","13":"shipping-taxable","14":"purchasable","15":"product-type-simple"},"_links":{"self":[{"href":"https:\/\/para-mirava.ma\/index.php?rest_route=\/wp\/v2\/product\/18634","targetHints":{"allow":["GET"]}}],"collection":[{"href":"https:\/\/para-mirava.ma\/index.php?rest_route=\/wp\/v2\/product"}],"about":[{"href":"https:\/\/para-mirava.ma\/index.php?rest_route=\/wp\/v2\/types\/product"}],"wp:featuredmedia":[{"embeddable":true,"href":"https:\/\/para-mirava.ma\/index.php?rest_route=\/wp\/v2\/media\/19126"}],"wp:attachment":[{"href":"https:\/\/para-mirava.ma\/index.php?rest_route=%2Fwp%2Fv2%2Fmedia&parent=18634"}],"wp:term":[{"taxonomy":"product_brand","embeddable":true,"href":"https:\/\/para-mirava.ma\/index.php?rest_route=%2Fwp%2Fv2%2Fproduct_brand&post=18634"},{"taxonomy":"product_cat","embeddable":true,"href":"https:\/\/para-mirava.ma\/index.php?rest_route=%2Fwp%2Fv2%2Fproduct_cat&post=18634"},{"taxonomy":"product_tag","embeddable":true,"href":"https:\/\/para-mirava.ma\/index.php?rest_route=%2Fwp%2Fv2%2Fproduct_tag&post=18634"}],"curies":[{"name":"wp","href":"https:\/\/api.w.org\/{rel}","templated":true}]}}