{"id":18635,"date":"2026-03-14T19:29:41","date_gmt":"2026-03-14T19:29:41","guid":{"rendered":"https:\/\/para-mirava.ma\/?product=ducray-kelual-emulsion-50ml-new"},"modified":"2026-03-17T18:42:29","modified_gmt":"2026-03-17T18:42:29","slug":"ducray-kelual-emulsion-50ml-new","status":"publish","type":"product","link":"https:\/\/para-mirava.ma\/?product=ducray-kelual-emulsion-50ml-new","title":{"rendered":"DUCRAY KELUAL EMULSION 50ML NEW"},"content":{"rendered":"<p>L&#8217;\u00e9mulsion favorise l&#8217;\u00e9limination des cro\u00fbtes de lait install\u00e9es sur le cuir chevelu des nourrissons. Sa formule hydratante* \u00e0 base de KELUAMID et de GLYC\u00c9RINE agit pour d\u00e9tacher les cro\u00fbtes de lait en douceur. Les squames (cro\u00fbtes qui se d\u00e9tachent de la peau), sont \u00e9limin\u00e9es et le cuir chevelu est apais\u00e9. Une texture l\u00e9g\u00e8re, non collante et non grasse. Formul\u00e9 sans parfum ni alcool.<\/p>\n<p>Le mot de l&#8217;expert<br \/>\nSans aucune gravit\u00e9, mais tr\u00e8s inesth\u00e9tiques, les cro\u00fbtes de lait qui s&#8217;installent sur le cuir chevelu des tout-petits r\u00e9gressent rapidement avec l&#8217;utilisation de produits adapt\u00e9s.<\/p>\n<p>Avantage<br \/>\nKELUAL Emulsion k\u00e9rator\u00e9ductrice \u00e9limine efficacement et en douceur les cro\u00fbtes de lait des nourrissons. Disponible dans votre<\/p>\n<p>B\u00e9n\u00e9fices<br \/>\n\u2022 \u00c9LIMINE les cro\u00fbtes de lait pr\u00e9sentes sur le cuir chevelu des nourrissons<br \/>\n\u2022 AGIT tout en douceur<br \/>\n\u2022 OFFRE une texture l\u00e9g\u00e8re, non grasse et non collante<\/p>\n<p>TEXTURE<br \/>\nTexture l\u00e9g\u00e8re et non collante qui agit en douceur<\/p>\n<p>Senteur du contenu<br \/>\nSans parfum<\/p>\n","protected":false},"excerpt":{"rendered":"<p>L&#8217;\u00e9mulsion favorise l&#8217;\u00e9limination des cro\u00fbtes de lait install\u00e9es sur le cuir chevelu des nourrissons. Sa formule hydratante* \u00e0 base de KELUAMID et de GLYC\u00c9RINE agit pour d\u00e9tacher les cro\u00fbtes de lait en douceur. Les squames (cro\u00fbtes qui se d\u00e9tachent de la peau), sont \u00e9limin\u00e9es et le cuir chevelu est apais\u00e9. Une texture l\u00e9g\u00e8re, non collante [&hellip;]<\/p>\n","protected":false},"featured_media":19127,"template":"","meta":[],"product_brand":[176],"product_cat":[15,140],"product_tag":[],"class_list":{"0":"post-18635","1":"product","2":"type-product","3":"status-publish","4":"has-post-thumbnail","6":"product_brand-ducray","7":"product_cat-tout","8":"product_cat-ducray","10":"first","11":"instock","12":"sale","13":"shipping-taxable","14":"purchasable","15":"product-type-simple"},"_links":{"self":[{"href":"https:\/\/para-mirava.ma\/index.php?rest_route=\/wp\/v2\/product\/18635","targetHints":{"allow":["GET"]}}],"collection":[{"href":"https:\/\/para-mirava.ma\/index.php?rest_route=\/wp\/v2\/product"}],"about":[{"href":"https:\/\/para-mirava.ma\/index.php?rest_route=\/wp\/v2\/types\/product"}],"wp:featuredmedia":[{"embeddable":true,"href":"https:\/\/para-mirava.ma\/index.php?rest_route=\/wp\/v2\/media\/19127"}],"wp:attachment":[{"href":"https:\/\/para-mirava.ma\/index.php?rest_route=%2Fwp%2Fv2%2Fmedia&parent=18635"}],"wp:term":[{"taxonomy":"product_brand","embeddable":true,"href":"https:\/\/para-mirava.ma\/index.php?rest_route=%2Fwp%2Fv2%2Fproduct_brand&post=18635"},{"taxonomy":"product_cat","embeddable":true,"href":"https:\/\/para-mirava.ma\/index.php?rest_route=%2Fwp%2Fv2%2Fproduct_cat&post=18635"},{"taxonomy":"product_tag","embeddable":true,"href":"https:\/\/para-mirava.ma\/index.php?rest_route=%2Fwp%2Fv2%2Fproduct_tag&post=18635"}],"curies":[{"name":"wp","href":"https:\/\/api.w.org\/{rel}","templated":true}]}}