{"id":18639,"date":"2026-03-14T19:29:41","date_gmt":"2026-03-14T19:29:41","guid":{"rendered":"https:\/\/para-mirava.ma\/?product=ducray-ictyane-creme-200ml"},"modified":"2026-03-17T18:42:30","modified_gmt":"2026-03-17T18:42:30","slug":"ducray-ictyane-creme-200ml","status":"publish","type":"product","link":"https:\/\/para-mirava.ma\/?product=ducray-ictyane-creme-200ml","title":{"rendered":"DUCRAY ICTYANE CREME 200ML"},"content":{"rendered":"<p>La cr\u00e8me \u00e9molliente nutritive ICTYANE est le premier soin pour la peau cre\u0301e\u0301 par les Laboratoires Dermatologiques Ducray, il y a plus de 30 ans. Un soin embl\u00e9matique qui se transmet de g\u00e9n\u00e9ration en g\u00e9n\u00e9ration pour prendre soin au quotidien des peaux s\u00e8ches \u00e0 tr\u00e8s s\u00e8ches. Sa texture velout\u00e9e qui fond sur la peau et son agr\u00e9able parfum aux notes d\u00e9licatement fleuries, procurent instantan\u00e9ment une sensation de cocooning. Intens\u00e9ment hydrat\u00e9e et nourrie, la peau retrouve toute sa souplesse et son confort gr\u00e2ce \u00e0 un duo d&#8217;actifs qui associe l&#8217;ACE\u0301FYLLINE \u00e0 l&#8217;HUILE ABYSSINIE. La cr\u00e8me \u00e9molliente nutritive ICTYANE de\u0301pose un film protecteur a\u0300 la surface de la peau pour la prote\u0301ger du desse\u0300chement et lui procurer du confort pendant 48 heures. Disponible dans votre parapharmacie en ligne<\/p>\n<p>Le mot de l&#8217;expert :<br \/>\nLa peau s\u00e8che est un \u00e9tat de peau qui est caract\u00e9ris\u00e9 par un manque de lipides essentiels \u00e0 la constitution d&#8217;une barri\u00e8re cutan\u00e9e. Fragilis\u00e9e, cette barri\u00e8re ne joue plus son r\u00f4le de barri\u00e8re protectrice et la peau perd en souplesse et en douceur. Elle favorise l&#8217;\u00e9vaporation de l&#8217;eau rendant la peau inconfortable et plus sensible aux agressions ext\u00e9rieures responsables de tiraillements. Cet \u00e9tat de peau peut \u00eatre constitutionnel mais aggrav\u00e9 par plusieurs facteurs \u00e0 la fois externes (changements de temp\u00e9ratures, le soleil, la pollution ou encore une hygi\u00e8ne aggressive) et \u00e9galement internes comme les changements hormonaux tr\u00e8s fr\u00e9quents avec l&#8217;\u00e2ge. Afin de stopper les sensations d&#8217;inconfort, il est important d&#8217;adapter une routine de soin adapt\u00e9e pour hydrater et nourrie la peau.<\/p>\n<p>B\u00e9n\u00e9fices :<br \/>\nAPAIS\u00c9 les sensations de tiraillements<br \/>\nREND la peau confortable et souple<br \/>\nUNE TEXTURE VELOUTEE et un parfum f\u00e9minin g\u00e9n\u00e9ralement<\/p>\n","protected":false},"excerpt":{"rendered":"<p>La cr\u00e8me \u00e9molliente nutritive ICTYANE est le premier soin pour la peau cre\u0301e\u0301 par les Laboratoires Dermatologiques Ducray, il y a plus de 30 ans. Un soin embl\u00e9matique qui se transmet de g\u00e9n\u00e9ration en g\u00e9n\u00e9ration pour prendre soin au quotidien des peaux s\u00e8ches \u00e0 tr\u00e8s s\u00e8ches. Sa texture velout\u00e9e qui fond sur la peau et [&hellip;]<\/p>\n","protected":false},"featured_media":19132,"template":"","meta":[],"product_brand":[176],"product_cat":[15,140],"product_tag":[],"class_list":{"0":"post-18639","1":"product","2":"type-product","3":"status-publish","4":"has-post-thumbnail","6":"product_brand-ducray","7":"product_cat-tout","8":"product_cat-ducray","10":"first","11":"instock","12":"sale","13":"shipping-taxable","14":"purchasable","15":"product-type-simple"},"_links":{"self":[{"href":"https:\/\/para-mirava.ma\/index.php?rest_route=\/wp\/v2\/product\/18639","targetHints":{"allow":["GET"]}}],"collection":[{"href":"https:\/\/para-mirava.ma\/index.php?rest_route=\/wp\/v2\/product"}],"about":[{"href":"https:\/\/para-mirava.ma\/index.php?rest_route=\/wp\/v2\/types\/product"}],"wp:featuredmedia":[{"embeddable":true,"href":"https:\/\/para-mirava.ma\/index.php?rest_route=\/wp\/v2\/media\/19132"}],"wp:attachment":[{"href":"https:\/\/para-mirava.ma\/index.php?rest_route=%2Fwp%2Fv2%2Fmedia&parent=18639"}],"wp:term":[{"taxonomy":"product_brand","embeddable":true,"href":"https:\/\/para-mirava.ma\/index.php?rest_route=%2Fwp%2Fv2%2Fproduct_brand&post=18639"},{"taxonomy":"product_cat","embeddable":true,"href":"https:\/\/para-mirava.ma\/index.php?rest_route=%2Fwp%2Fv2%2Fproduct_cat&post=18639"},{"taxonomy":"product_tag","embeddable":true,"href":"https:\/\/para-mirava.ma\/index.php?rest_route=%2Fwp%2Fv2%2Fproduct_tag&post=18639"}],"curies":[{"name":"wp","href":"https:\/\/api.w.org\/{rel}","templated":true}]}}