{"id":18640,"date":"2026-03-14T19:29:41","date_gmt":"2026-03-14T19:29:41","guid":{"rendered":"https:\/\/para-mirava.ma\/?product=ducray-sensinol-shp-200ml-new"},"modified":"2026-03-17T18:42:30","modified_gmt":"2026-03-17T18:42:30","slug":"ducray-sensinol-shp-200ml-new","status":"publish","type":"product","link":"https:\/\/para-mirava.ma\/?product=ducray-sensinol-shp-200ml-new","title":{"rendered":"DUCRAY SENSINOL SHP 200ML NEW"},"content":{"rendered":"<p>Le shampooing physio protecteur SENSINOL calme les d\u00e9mangeaisons des cuirs chevelus sensibles d\u00e8s la premi\u00e8re utilisation.<br \/>\nGr\u00e2ce \u00e0 sa formule enrichie en POLIDOCANOL, un actif apaisant anti-d\u00e9mangeaisons, il procure un soulagement rapide et durable et apaise le cuir chevelu.<br \/>\nUne solution lavante douce, formul\u00e9e sans alcool ni parfum pour une tr\u00e8s haute tol\u00e9rance.<\/p>\n<p>Le mot de l&#8217;expert :<br \/>\nSelon une \u00e9tude \u00e9pid\u00e9miologique* de 2008, un cuir chevelu sensible concerne pr\u00e8s d&#8217;une personne sur deux, et se d\u00e9finit par 5 signes: les d\u00e9mangeaisons (N\u00b01), picotements, tiraillements, sensations de br\u00fblure, et douleur. Mais lorsqu&#8217;ils surviennent de fa\u00e7on isol\u00e9e, ils d\u00e9finissent le cuir chevelu sensible. De nombreux facteurs peuvent d\u00e9clencher ces sympt\u00f4mes, notamment la s\u00e9cheresse de l&#8217;air, la chaleur ou le froid, la pollution, le stress, mais aussi des shampooings inadapt\u00e9s.<br \/>\n*Misery L,Sibaud V, Ambonati M, Macy G,Boussetta S, Ta\u00eeeb C. &lt;&lt; Sensitice scalp : does this condition exist? An epidemiological study &gt;&gt; . Contact dermatitis Vol 58, n\u00b04<\/p>\n<p>Avantage :<br \/>\nMoins 80%\u00b9 de d\u00e9mangeaisons d\u00e8s la premi\u00e8re utilisation.<\/p>\n<p>B\u00e9n\u00e9fices :<br \/>\ntout d&#8217;abord APAISE les sensations de d\u00e9mangeaisons du cuir chevelu<br \/>\nensuite PROCURE un soulagement rapide et durable<br \/>\nfinalement FORMULE haute tol\u00e9rance sans alcool ni parfum<\/p>\n","protected":false},"excerpt":{"rendered":"<p>Le shampooing physio protecteur SENSINOL calme les d\u00e9mangeaisons des cuirs chevelus sensibles d\u00e8s la premi\u00e8re utilisation. Gr\u00e2ce \u00e0 sa formule enrichie en POLIDOCANOL, un actif apaisant anti-d\u00e9mangeaisons, il procure un soulagement rapide et durable et apaise le cuir chevelu. Une solution lavante douce, formul\u00e9e sans alcool ni parfum pour une tr\u00e8s haute tol\u00e9rance. Le mot [&hellip;]<\/p>\n","protected":false},"featured_media":19133,"template":"","meta":[],"product_brand":[176],"product_cat":[15,140],"product_tag":[],"class_list":{"0":"post-18640","1":"product","2":"type-product","3":"status-publish","4":"has-post-thumbnail","6":"product_brand-ducray","7":"product_cat-tout","8":"product_cat-ducray","10":"first","11":"instock","12":"sale","13":"shipping-taxable","14":"purchasable","15":"product-type-simple"},"_links":{"self":[{"href":"https:\/\/para-mirava.ma\/index.php?rest_route=\/wp\/v2\/product\/18640","targetHints":{"allow":["GET"]}}],"collection":[{"href":"https:\/\/para-mirava.ma\/index.php?rest_route=\/wp\/v2\/product"}],"about":[{"href":"https:\/\/para-mirava.ma\/index.php?rest_route=\/wp\/v2\/types\/product"}],"wp:featuredmedia":[{"embeddable":true,"href":"https:\/\/para-mirava.ma\/index.php?rest_route=\/wp\/v2\/media\/19133"}],"wp:attachment":[{"href":"https:\/\/para-mirava.ma\/index.php?rest_route=%2Fwp%2Fv2%2Fmedia&parent=18640"}],"wp:term":[{"taxonomy":"product_brand","embeddable":true,"href":"https:\/\/para-mirava.ma\/index.php?rest_route=%2Fwp%2Fv2%2Fproduct_brand&post=18640"},{"taxonomy":"product_cat","embeddable":true,"href":"https:\/\/para-mirava.ma\/index.php?rest_route=%2Fwp%2Fv2%2Fproduct_cat&post=18640"},{"taxonomy":"product_tag","embeddable":true,"href":"https:\/\/para-mirava.ma\/index.php?rest_route=%2Fwp%2Fv2%2Fproduct_tag&post=18640"}],"curies":[{"name":"wp","href":"https:\/\/api.w.org\/{rel}","templated":true}]}}