{"id":18641,"date":"2026-03-14T19:29:42","date_gmt":"2026-03-14T19:29:42","guid":{"rendered":"https:\/\/para-mirava.ma\/?product=ducray-creastim-reactiv-lotion-anti-chute-60ml"},"modified":"2026-03-17T18:42:29","modified_gmt":"2026-03-17T18:42:29","slug":"ducray-creastim-reactiv-lotion-anti-chute-60ml","status":"publish","type":"product","link":"https:\/\/para-mirava.ma\/?product=ducray-creastim-reactiv-lotion-anti-chute-60ml","title":{"rendered":"DUCRAY CREASTIM REACTIV LOTION ANTI CHUTE 60ML"},"content":{"rendered":"<p>La lotion antichute CREASTIM est un soin Capillaire indiqu\u00e9 en cas de chute de cheveux r\u00e9actionnelle survenant \u00e0 la suite d&#8217;un accouchement, \u00e0 cause du stress, de la fatigue ou d&#8217;un changement de saison.<\/p>\n<p>Sa formule favorise le ralentissement de la chute et r\u00e9active la pousse capillaire. La lotion antichute CREASTIM renforce la chevelure et celle-ci retrouve sa vitalit\u00e9.<\/p>\n<p>Elle convient aux jeunes mamans et peut \u00eatre utilis\u00e9e d\u00e8s l&#8217;accouchement et pendant l&#8217;allaitement, pour traiter la chute Capillaire post-grossesse.<\/p>\n<p>Conseils d&#8217;utilisation :<br \/>\n1. Appliquez 10 pulv\u00e9risations 3 fois par semaine sur cuir chevelu sec ou humide.<br \/>\n2. Bien masser pour favoriser la p\u00e9n\u00e9tration de la lotion.<br \/>\n3. Ne pas rincer.<br \/>\n4. La cure doit \u00eatre poursuivie 2 mois minimum.<\/p>\n<p>Pr\u00e9cautions :<br \/>\n&#8211; Ne pas vaporiser vers les yeux.<br \/>\n&#8211; Ne pas inhaler.<br \/>\n&#8211; Utiliser dans des zones bien ventil\u00e9es.<br \/>\n&#8211; Ne pas avaler.<br \/>\n&#8211; Usage externe uniquement.<\/p>\n","protected":false},"excerpt":{"rendered":"<p>La lotion antichute CREASTIM est un soin Capillaire indiqu\u00e9 en cas de chute de cheveux r\u00e9actionnelle survenant \u00e0 la suite d&#8217;un accouchement, \u00e0 cause du stress, de la fatigue ou d&#8217;un changement de saison. Sa formule favorise le ralentissement de la chute et r\u00e9active la pousse capillaire. La lotion antichute CREASTIM renforce la chevelure et [&hellip;]<\/p>\n","protected":false},"featured_media":19125,"template":"","meta":[],"product_brand":[176],"product_cat":[15,140],"product_tag":[],"class_list":{"0":"post-18641","1":"product","2":"type-product","3":"status-publish","4":"has-post-thumbnail","6":"product_brand-ducray","7":"product_cat-tout","8":"product_cat-ducray","10":"first","11":"instock","12":"sale","13":"shipping-taxable","14":"purchasable","15":"product-type-simple"},"_links":{"self":[{"href":"https:\/\/para-mirava.ma\/index.php?rest_route=\/wp\/v2\/product\/18641","targetHints":{"allow":["GET"]}}],"collection":[{"href":"https:\/\/para-mirava.ma\/index.php?rest_route=\/wp\/v2\/product"}],"about":[{"href":"https:\/\/para-mirava.ma\/index.php?rest_route=\/wp\/v2\/types\/product"}],"wp:featuredmedia":[{"embeddable":true,"href":"https:\/\/para-mirava.ma\/index.php?rest_route=\/wp\/v2\/media\/19125"}],"wp:attachment":[{"href":"https:\/\/para-mirava.ma\/index.php?rest_route=%2Fwp%2Fv2%2Fmedia&parent=18641"}],"wp:term":[{"taxonomy":"product_brand","embeddable":true,"href":"https:\/\/para-mirava.ma\/index.php?rest_route=%2Fwp%2Fv2%2Fproduct_brand&post=18641"},{"taxonomy":"product_cat","embeddable":true,"href":"https:\/\/para-mirava.ma\/index.php?rest_route=%2Fwp%2Fv2%2Fproduct_cat&post=18641"},{"taxonomy":"product_tag","embeddable":true,"href":"https:\/\/para-mirava.ma\/index.php?rest_route=%2Fwp%2Fv2%2Fproduct_tag&post=18641"}],"curies":[{"name":"wp","href":"https:\/\/api.w.org\/{rel}","templated":true}]}}