{"id":18642,"date":"2026-03-14T19:29:42","date_gmt":"2026-03-14T19:29:42","guid":{"rendered":"https:\/\/para-mirava.ma\/?product=ducray-neoptide-expert-serum-anti-chute-250ml"},"modified":"2026-03-17T18:42:29","modified_gmt":"2026-03-17T18:42:29","slug":"ducray-neoptide-expert-serum-anti-chute-250ml","status":"publish","type":"product","link":"https:\/\/para-mirava.ma\/?product=ducray-neoptide-expert-serum-anti-chute-250ml","title":{"rendered":"DUCRAY NEOPTIDE EXPERT SERUM ANTI CHUTE 2*50ML"},"content":{"rendered":"<p>NEOPTIDE EXPERT S\u00e9rum antichute &amp; croissance<\/p>\n<p>Densifie la chevelure &#8212; Relance la croissance &#8212; Freine la chute &#8212; Apporte du volume &#8212; Augmente l&#8217;ancrage des cheveux &#8212; Augmente l&#8217;\u00e9paisseur du cheveu<\/p>\n<p>Le S\u00e9rum NEOPTIDE EXPERT double action contribue \u00e0 lutter contre la chute de cheveux chronique et \u00e0 stimuler la croissance du cheveu.<br \/>\nEfficace d\u00e8s 2 mois sur les 6 marqueurs de la chute chronique\u00b9<br \/>\nFemmes\/Hommes. Anti-chute et croissance. Augmente l&#8217;ancrage. Volume et \u00e9paisseur.<br \/>\nLe S\u00e9rum NEOPTIDE EXPERT agit sur la chute chronique\u00b9 de l&#8217;homme et de la femme, gr\u00e2ce \u00e0 ses actifs brevet\u00e9s exclusifs.<\/p>\n<p>Double action : antichute et croissance. Il densifie la chevelure\u00b2, augmente \u00e9galement le volume\u00b2 et renforce la fibre capillaire\u00b2.<\/p>\n<p>M\u00e9canismes d&#8217;action in\u00e9dits : augmentation de l&#8217;ancrage des cheveux et r\u00e9gulation du cycle pilaire<\/p>\n<p>Dans sa formule: de l&#8217;ANCHORANE pour l&#8217;ancrage, du LESPEDEZA pour la r\u00e9gulation du cycle pilaire, de la MANGALIDONE pour la microcirculation et des agents hydratants pour le confort d&#8217;utilisation \u00e9galement<\/p>\n<p>Son efficacit\u00e9 antichute est prouv\u00e9e cliniquement d\u00e8s 2 mois\u00b9.<\/p>\n<p>peut \u00eatre employ\u00e9 seul, en compl\u00e9ment de traitements m\u00e9dicamenteux de r\u00e9f\u00e9rence, ou en accompagnement des greffes capillaires.<\/p>\n<p>s&#8217;applique 1 fois par jour en 8 pulv\u00e9risations sur le cuir chevelu sec ou humide et s&#8217;accompagne \u00e9galement d&#8217;un l\u00e9ger massage.<\/p>\n<p>contribue donc \u00e0 une am\u00e9lioration significative de la qualit\u00e9 de vie des personnes souffrant de chute de cheveux\u00b9.<\/p>\n<p>Test\u00e9 sous contr\u00f4le dermatologique.<\/p>\n<p>B\u00e9n\u00e9fices :<\/p>\n<p>tout d&#8217;abord FREINE la chute de cheveux, stimule la croissance et augmente l&#8217;ancrage du follicule pilaire dans le cuir chevelu\u00b9<\/p>\n<p>ensuite NORMALISE le cycle pilaire<\/p>\n<p>finalement PREPARE le cuir chevelu \u00e0 la greffe capillaire<\/p>\n","protected":false},"excerpt":{"rendered":"<p>NEOPTIDE EXPERT S\u00e9rum antichute &amp; croissance Densifie la chevelure &#8212; Relance la croissance &#8212; Freine la chute &#8212; Apporte du volume &#8212; Augmente l&#8217;ancrage des cheveux &#8212; Augmente l&#8217;\u00e9paisseur du cheveu Le S\u00e9rum NEOPTIDE EXPERT double action contribue \u00e0 lutter contre la chute de cheveux chronique et \u00e0 stimuler la croissance du cheveu. Efficace d\u00e8s [&hellip;]<\/p>\n","protected":false},"featured_media":19119,"template":"","meta":[],"product_brand":[176],"product_cat":[15,140],"product_tag":[],"class_list":{"0":"post-18642","1":"product","2":"type-product","3":"status-publish","4":"has-post-thumbnail","6":"product_brand-ducray","7":"product_cat-tout","8":"product_cat-ducray","10":"first","11":"instock","12":"sale","13":"shipping-taxable","14":"purchasable","15":"product-type-simple"},"_links":{"self":[{"href":"https:\/\/para-mirava.ma\/index.php?rest_route=\/wp\/v2\/product\/18642","targetHints":{"allow":["GET"]}}],"collection":[{"href":"https:\/\/para-mirava.ma\/index.php?rest_route=\/wp\/v2\/product"}],"about":[{"href":"https:\/\/para-mirava.ma\/index.php?rest_route=\/wp\/v2\/types\/product"}],"wp:featuredmedia":[{"embeddable":true,"href":"https:\/\/para-mirava.ma\/index.php?rest_route=\/wp\/v2\/media\/19119"}],"wp:attachment":[{"href":"https:\/\/para-mirava.ma\/index.php?rest_route=%2Fwp%2Fv2%2Fmedia&parent=18642"}],"wp:term":[{"taxonomy":"product_brand","embeddable":true,"href":"https:\/\/para-mirava.ma\/index.php?rest_route=%2Fwp%2Fv2%2Fproduct_brand&post=18642"},{"taxonomy":"product_cat","embeddable":true,"href":"https:\/\/para-mirava.ma\/index.php?rest_route=%2Fwp%2Fv2%2Fproduct_cat&post=18642"},{"taxonomy":"product_tag","embeddable":true,"href":"https:\/\/para-mirava.ma\/index.php?rest_route=%2Fwp%2Fv2%2Fproduct_tag&post=18642"}],"curies":[{"name":"wp","href":"https:\/\/api.w.org\/{rel}","templated":true}]}}