{"id":18643,"date":"2026-03-14T19:29:42","date_gmt":"2026-03-14T19:29:42","guid":{"rendered":"https:\/\/para-mirava.ma\/?product=ducray-keracnyl-baume-levres-15ml"},"modified":"2026-03-17T18:42:29","modified_gmt":"2026-03-17T18:42:29","slug":"ducray-keracnyl-baume-levres-15ml","status":"publish","type":"product","link":"https:\/\/para-mirava.ma\/?product=ducray-keracnyl-baume-levres-15ml","title":{"rendered":"DUCRAY KERACNYL BAUME LEVRES 15ML"},"content":{"rendered":"<p>Soin hydratant pour les l\u00e8vres s\u00e8ches abim\u00e9es par la prise de traitement m\u00e9dicamenteux anti-acn\u00e9ique par voie orale. Gr\u00e2ce \u00e0 l&#8217;HYDROXYDECINE\u00ae contenu dans sa formule, il relance l&#8217;hydratation naturelle de la peau et renforce la barri\u00e8re cutan\u00e9e. Un baume \u00e0 l\u00e8vres qui nourrit, r\u00e9pare et prot\u00e8ge les l\u00e8vres.<\/p>\n<p>Le mot de l&#8217;expert:<br \/>\n76% des 15-24 ans et 65% des femmes sont concern\u00e9s en Europe.* Les peaux grasses \u00e0 imperfections peuvent avoir diff\u00e9rents degr\u00e9s de s\u00e9v\u00e9rit\u00e9. Une prise en charge globale par un bon geste d&#8217;hygi\u00e8ne associ\u00e9 \u00e0 un traitement compl\u00e9mentaire permettent de limiter l&#8217;aggravation de ces imperfections et d&#8217;aider \u00e0 les \u00e9liminer. *Beauty Care Women Europe 2012.<\/p>\n<p>Avantage:<br \/>\n88%\u00b9 des sujets ont constat\u00e9 une am\u00e9lioration du dess\u00e8chement labial.<\/p>\n<p>B\u00e9n\u00e9fices:<br \/>\n\u2022 AGIT contre le dess\u00e8chement des l\u00e8vres s\u00e8ches abim\u00e9es.<br \/>\n\u2022 CONTRIBUE \u00e0 r\u00e9parer et renforcer la barri\u00e8re cutan\u00e9e.<br \/>\n\u2022 PROT\u00c8GE les l\u00e8vres.<\/p>\n","protected":false},"excerpt":{"rendered":"<p>Soin hydratant pour les l\u00e8vres s\u00e8ches abim\u00e9es par la prise de traitement m\u00e9dicamenteux anti-acn\u00e9ique par voie orale. Gr\u00e2ce \u00e0 l&#8217;HYDROXYDECINE\u00ae contenu dans sa formule, il relance l&#8217;hydratation naturelle de la peau et renforce la barri\u00e8re cutan\u00e9e. Un baume \u00e0 l\u00e8vres qui nourrit, r\u00e9pare et prot\u00e8ge les l\u00e8vres. Le mot de l&#8217;expert: 76% des 15-24 ans [&hellip;]<\/p>\n","protected":false},"featured_media":19120,"template":"","meta":[],"product_brand":[176],"product_cat":[15,140],"product_tag":[],"class_list":{"0":"post-18643","1":"product","2":"type-product","3":"status-publish","4":"has-post-thumbnail","6":"product_brand-ducray","7":"product_cat-tout","8":"product_cat-ducray","10":"first","11":"instock","12":"sale","13":"shipping-taxable","14":"purchasable","15":"product-type-simple"},"_links":{"self":[{"href":"https:\/\/para-mirava.ma\/index.php?rest_route=\/wp\/v2\/product\/18643","targetHints":{"allow":["GET"]}}],"collection":[{"href":"https:\/\/para-mirava.ma\/index.php?rest_route=\/wp\/v2\/product"}],"about":[{"href":"https:\/\/para-mirava.ma\/index.php?rest_route=\/wp\/v2\/types\/product"}],"wp:featuredmedia":[{"embeddable":true,"href":"https:\/\/para-mirava.ma\/index.php?rest_route=\/wp\/v2\/media\/19120"}],"wp:attachment":[{"href":"https:\/\/para-mirava.ma\/index.php?rest_route=%2Fwp%2Fv2%2Fmedia&parent=18643"}],"wp:term":[{"taxonomy":"product_brand","embeddable":true,"href":"https:\/\/para-mirava.ma\/index.php?rest_route=%2Fwp%2Fv2%2Fproduct_brand&post=18643"},{"taxonomy":"product_cat","embeddable":true,"href":"https:\/\/para-mirava.ma\/index.php?rest_route=%2Fwp%2Fv2%2Fproduct_cat&post=18643"},{"taxonomy":"product_tag","embeddable":true,"href":"https:\/\/para-mirava.ma\/index.php?rest_route=%2Fwp%2Fv2%2Fproduct_tag&post=18643"}],"curies":[{"name":"wp","href":"https:\/\/api.w.org\/{rel}","templated":true}]}}