{"id":18644,"date":"2026-03-14T19:29:42","date_gmt":"2026-03-14T19:29:42","guid":{"rendered":"https:\/\/para-mirava.ma\/?product=ducray-melascreen-serum-anti-taches-eclat-40ml"},"modified":"2026-03-17T18:42:29","modified_gmt":"2026-03-17T18:42:29","slug":"ducray-melascreen-serum-anti-taches-eclat-40ml","status":"publish","type":"product","link":"https:\/\/para-mirava.ma\/?product=ducray-melascreen-serum-anti-taches-eclat-40ml","title":{"rendered":"DUCRAY MELASCREEN SERUM ANTI TACHES ECLAT 40ML"},"content":{"rendered":"<p>Le s\u00e9rum antitaches \u00e9clat MELASCREEN est le 1er soin du quotidien d\u00e9velopp\u00e9 \u00e0 base d&#8217;une haute concentration en actifs vitamin\u00e9s (8%) afin d&#8217;unifier le teint et d&#8217;apporter de l&#8217;\u00e9clat \u00e0 la peau.<\/p>\n<p>A la pointe de l&#8217;innovation, sa formule aqua-gel est parfaitement adapt\u00e9e afin de booster l&#8217;\u00e9clat naturel de la peau et clarifier le teint. Elle prot\u00e8ge et d\u00e9fend la barri\u00e8re cutan\u00e9e contre les agressions ext\u00e9rieures \u00e0 l&#8217;exemple de la pollution.<\/p>\n<p>La PRO-VITAMINE C STABILIS\u00c9E \u00e9claircit le teint et prot\u00e8ge la peau des effets n\u00e9fastes du stress oxydatif induit par les agressions ext\u00e9rieures.<\/p>\n<p>La VITAMINE PP limite l&#8217;apparition des taches brunes en r\u00e9gulant la production de m\u00e9lanine synth\u00e9tis\u00e9e en exc\u00e8s \u00e0 la surface de la peau.<\/p>\n<p>L&#8217;efficacit\u00e9 antitaches de ce soin quotidien est cliniquement prouv\u00e9e sur toutes les couleurs de peau.<\/p>\n<p>Dot\u00e9 d&#8217;une bonne tol\u00e9rance, il hydrate la peau pendant 24h* et compose une tr\u00e8s bonne base de maquillage.<\/p>\n<p>Fra\u00eeche et d\u00e9licatement parfum\u00e9e, sa texture est facile \u00e0 appliquer au quotidien et p\u00e9n\u00e8tre facilement dans la peau.<\/p>\n<p>Un soin \u00e9clat unifiant qui convient aux femmes enceintes et allaitantes.<\/p>\n<p>Non com\u00e9dog\u00e8ne et d\u00e9velopp\u00e9 pour minimiser les risques allergiques.<\/p>\n<p>Avantage<br \/>\nS\u00e9rum antitaches quotidien \u00e0 l&#8217;efficacit\u00e9 d\u00e9montr\u00e9e cliniquement sur toutes les couleurs de peau.<\/p>\n<p>B\u00e9n\u00e9fices<br \/>\n\u2022 UNIFIE et CLARIFIE le teint durablement<br \/>\n\u2022 BOOSTE l&#8217;\u00e9clat naturel de la peau<br \/>\n\u2022 PROT\u00c8GE et D\u00c9FEND la peau contre les agressions ext\u00e9rieures<\/p>\n","protected":false},"excerpt":{"rendered":"<p>Le s\u00e9rum antitaches \u00e9clat MELASCREEN est le 1er soin du quotidien d\u00e9velopp\u00e9 \u00e0 base d&#8217;une haute concentration en actifs vitamin\u00e9s (8%) afin d&#8217;unifier le teint et d&#8217;apporter de l&#8217;\u00e9clat \u00e0 la peau. A la pointe de l&#8217;innovation, sa formule aqua-gel est parfaitement adapt\u00e9e afin de booster l&#8217;\u00e9clat naturel de la peau et clarifier le teint. [&hellip;]<\/p>\n","protected":false},"featured_media":19121,"template":"","meta":[],"product_brand":[176],"product_cat":[15,140],"product_tag":[],"class_list":{"0":"post-18644","1":"product","2":"type-product","3":"status-publish","4":"has-post-thumbnail","6":"product_brand-ducray","7":"product_cat-tout","8":"product_cat-ducray","10":"first","11":"instock","12":"sale","13":"shipping-taxable","14":"purchasable","15":"product-type-simple"},"_links":{"self":[{"href":"https:\/\/para-mirava.ma\/index.php?rest_route=\/wp\/v2\/product\/18644","targetHints":{"allow":["GET"]}}],"collection":[{"href":"https:\/\/para-mirava.ma\/index.php?rest_route=\/wp\/v2\/product"}],"about":[{"href":"https:\/\/para-mirava.ma\/index.php?rest_route=\/wp\/v2\/types\/product"}],"wp:featuredmedia":[{"embeddable":true,"href":"https:\/\/para-mirava.ma\/index.php?rest_route=\/wp\/v2\/media\/19121"}],"wp:attachment":[{"href":"https:\/\/para-mirava.ma\/index.php?rest_route=%2Fwp%2Fv2%2Fmedia&parent=18644"}],"wp:term":[{"taxonomy":"product_brand","embeddable":true,"href":"https:\/\/para-mirava.ma\/index.php?rest_route=%2Fwp%2Fv2%2Fproduct_brand&post=18644"},{"taxonomy":"product_cat","embeddable":true,"href":"https:\/\/para-mirava.ma\/index.php?rest_route=%2Fwp%2Fv2%2Fproduct_cat&post=18644"},{"taxonomy":"product_tag","embeddable":true,"href":"https:\/\/para-mirava.ma\/index.php?rest_route=%2Fwp%2Fv2%2Fproduct_tag&post=18644"}],"curies":[{"name":"wp","href":"https:\/\/api.w.org\/{rel}","templated":true}]}}