{"id":18651,"date":"2026-03-14T19:29:43","date_gmt":"2026-03-14T19:29:43","guid":{"rendered":"https:\/\/para-mirava.ma\/?product=ducray-dexyane-med-creme-reparatrice-apaisante-100ml-new"},"modified":"2026-03-17T18:42:28","modified_gmt":"2026-03-17T18:42:28","slug":"ducray-dexyane-med-creme-reparatrice-apaisante-100ml-new","status":"publish","type":"product","link":"https:\/\/para-mirava.ma\/?product=ducray-dexyane-med-creme-reparatrice-apaisante-100ml-new","title":{"rendered":"DUCRAY DEXYANE MED CREME REPARATRICE APAISANTE 100ML NEW"},"content":{"rendered":"<p>\u2022 Appliquer directement sur les l\u00e9sions inflammatoires d&#8217;ecz\u00e9mas<br \/>\n\u2022 A utiliser seul ou en association avec les dermo-cortico\u00efdes<\/p>\n<p>Pr\u00e9cautions d&#8217;emploi :<br \/>\n\u2022 Ne pas utiliser si vous \u00eates allergique \u00e0 l&#8217;un des composants<br \/>\n\u2022 En cas de r\u00e9actions allergiques consulter un m\u00e9decin<br \/>\n\u2022 Eviter tout contact avec les yeux afin de pr\u00e9venir toute irritation<br \/>\n\u2022 En cas de contact avec les yeux, rincer imm\u00e9diatement \u00e0 l&#8217;eau claire<br \/>\n\u2022 Si une irritation oculaire persiste consulter un m\u00e9decin<br \/>\n\u2022 Ne pas utiliser sur la femme enceinte ou allaitante<br \/>\n\u2022 Tenir \u00e9loign\u00e9 de la port\u00e9e des enfants<br \/>\n\u2022 Ne pas utiliser sur la zone du si\u00e8ge des enfants porteurs de couches ni sur les muqueuses<br \/>\n\u2022 Ne pas d\u00e9passer 30% de la surface du corps<br \/>\n\u2022 Bien refermer le tube apr\u00e8s utilisation<br \/>\n\u2022 En cas d&#8217;effets ind\u00e9sirables li\u00e9s \u00e0 l&#8217;utilisation du produit consulter un m\u00e9decin Disponible dans votre parapharmacie en ligne<\/p>\n","protected":false},"excerpt":{"rendered":"<p>\u2022 Appliquer directement sur les l\u00e9sions inflammatoires d&#8217;ecz\u00e9mas \u2022 A utiliser seul ou en association avec les dermo-cortico\u00efdes Pr\u00e9cautions d&#8217;emploi : \u2022 Ne pas utiliser si vous \u00eates allergique \u00e0 l&#8217;un des composants \u2022 En cas de r\u00e9actions allergiques consulter un m\u00e9decin \u2022 Eviter tout contact avec les yeux afin de pr\u00e9venir toute irritation \u2022 [&hellip;]<\/p>\n","protected":false},"featured_media":19115,"template":"","meta":[],"product_brand":[176],"product_cat":[15,140],"product_tag":[],"class_list":{"0":"post-18651","1":"product","2":"type-product","3":"status-publish","4":"has-post-thumbnail","6":"product_brand-ducray","7":"product_cat-tout","8":"product_cat-ducray","10":"first","11":"instock","12":"sale","13":"shipping-taxable","14":"purchasable","15":"product-type-simple"},"_links":{"self":[{"href":"https:\/\/para-mirava.ma\/index.php?rest_route=\/wp\/v2\/product\/18651","targetHints":{"allow":["GET"]}}],"collection":[{"href":"https:\/\/para-mirava.ma\/index.php?rest_route=\/wp\/v2\/product"}],"about":[{"href":"https:\/\/para-mirava.ma\/index.php?rest_route=\/wp\/v2\/types\/product"}],"wp:featuredmedia":[{"embeddable":true,"href":"https:\/\/para-mirava.ma\/index.php?rest_route=\/wp\/v2\/media\/19115"}],"wp:attachment":[{"href":"https:\/\/para-mirava.ma\/index.php?rest_route=%2Fwp%2Fv2%2Fmedia&parent=18651"}],"wp:term":[{"taxonomy":"product_brand","embeddable":true,"href":"https:\/\/para-mirava.ma\/index.php?rest_route=%2Fwp%2Fv2%2Fproduct_brand&post=18651"},{"taxonomy":"product_cat","embeddable":true,"href":"https:\/\/para-mirava.ma\/index.php?rest_route=%2Fwp%2Fv2%2Fproduct_cat&post=18651"},{"taxonomy":"product_tag","embeddable":true,"href":"https:\/\/para-mirava.ma\/index.php?rest_route=%2Fwp%2Fv2%2Fproduct_tag&post=18651"}],"curies":[{"name":"wp","href":"https:\/\/api.w.org\/{rel}","templated":true}]}}