{"id":18652,"date":"2026-03-14T19:29:43","date_gmt":"2026-03-14T19:29:43","guid":{"rendered":"https:\/\/para-mirava.ma\/?product=ducray-kelual-ds-gel-nettoyant-anti-squames-200ml"},"modified":"2026-03-17T18:42:29","modified_gmt":"2026-03-17T18:42:29","slug":"ducray-kelual-ds-gel-nettoyant-anti-squames-200ml","status":"publish","type":"product","link":"https:\/\/para-mirava.ma\/?product=ducray-kelual-ds-gel-nettoyant-anti-squames-200ml","title":{"rendered":"DUCRAY KELUAL DS GEL NETTOYANT ANTI SQUAMES 200ML"},"content":{"rendered":"<p>Le geste d&#8217;hygi\u00e8ne doux, r\u00e9gulateur et traitant sp\u00e9cifiquement d\u00e9velopp\u00e9 pour les peaux irrit\u00e9es, avec rougeurs et squames (petites plaques de peau qui se d\u00e9tachent).<\/p>\n<p>Gr\u00e2ce \u00e0 sa synergie brevet\u00e9e d&#8217;actifs &#8212; la Ciclopiroxolamine et la Piroctone Olamine, puissants agents antifongiques &#8212; ce gel nettoyant cible directement la Malassezia, un micro-organisme impliqu\u00e9 dans de nombreuses affections cutan\u00e9es comme les dermatites s\u00e9borrh\u00e9iques ou le pityriasis versicolor. Il permet ainsi de r\u00e9duire visiblement les squames et les rougeurs, tout en apaisant les d\u00e9mangeaisons d\u00e8s la premi\u00e8re utilisation.<\/p>\n<p>Sa texture douce et non irritante respecte la barri\u00e8re cutan\u00e9e, purifie la peau sans la dess\u00e9cher, et offre une agr\u00e9able sensation de fra\u00eecheur apr\u00e8s chaque application. Parfaitement adapt\u00e9 au visage et au corps, le Kelual DS est fabriqu\u00e9 en France et test\u00e9 sous contr\u00f4le dermatologique, garantissant une haute tol\u00e9rance m\u00eame sur les peaux les plus sensibles.<\/p>\n","protected":false},"excerpt":{"rendered":"<p>Le geste d&#8217;hygi\u00e8ne doux, r\u00e9gulateur et traitant sp\u00e9cifiquement d\u00e9velopp\u00e9 pour les peaux irrit\u00e9es, avec rougeurs et squames (petites plaques de peau qui se d\u00e9tachent). Gr\u00e2ce \u00e0 sa synergie brevet\u00e9e d&#8217;actifs &#8212; la Ciclopiroxolamine et la Piroctone Olamine, puissants agents antifongiques &#8212; ce gel nettoyant cible directement la Malassezia, un micro-organisme impliqu\u00e9 dans de nombreuses affections [&hellip;]<\/p>\n","protected":false},"featured_media":19117,"template":"","meta":[],"product_brand":[176],"product_cat":[15,140],"product_tag":[],"class_list":{"0":"post-18652","1":"product","2":"type-product","3":"status-publish","4":"has-post-thumbnail","6":"product_brand-ducray","7":"product_cat-tout","8":"product_cat-ducray","10":"first","11":"instock","12":"sale","13":"shipping-taxable","14":"purchasable","15":"product-type-simple"},"_links":{"self":[{"href":"https:\/\/para-mirava.ma\/index.php?rest_route=\/wp\/v2\/product\/18652","targetHints":{"allow":["GET"]}}],"collection":[{"href":"https:\/\/para-mirava.ma\/index.php?rest_route=\/wp\/v2\/product"}],"about":[{"href":"https:\/\/para-mirava.ma\/index.php?rest_route=\/wp\/v2\/types\/product"}],"wp:featuredmedia":[{"embeddable":true,"href":"https:\/\/para-mirava.ma\/index.php?rest_route=\/wp\/v2\/media\/19117"}],"wp:attachment":[{"href":"https:\/\/para-mirava.ma\/index.php?rest_route=%2Fwp%2Fv2%2Fmedia&parent=18652"}],"wp:term":[{"taxonomy":"product_brand","embeddable":true,"href":"https:\/\/para-mirava.ma\/index.php?rest_route=%2Fwp%2Fv2%2Fproduct_brand&post=18652"},{"taxonomy":"product_cat","embeddable":true,"href":"https:\/\/para-mirava.ma\/index.php?rest_route=%2Fwp%2Fv2%2Fproduct_cat&post=18652"},{"taxonomy":"product_tag","embeddable":true,"href":"https:\/\/para-mirava.ma\/index.php?rest_route=%2Fwp%2Fv2%2Fproduct_tag&post=18652"}],"curies":[{"name":"wp","href":"https:\/\/api.w.org\/{rel}","templated":true}]}}