{"id":18653,"date":"2026-03-14T19:29:43","date_gmt":"2026-03-14T19:29:43","guid":{"rendered":"https:\/\/para-mirava.ma\/?product=ducray-melascreen-creme-nuit-50ml"},"modified":"2026-03-17T18:42:29","modified_gmt":"2026-03-17T18:42:29","slug":"ducray-melascreen-creme-nuit-50ml","status":"publish","type":"product","link":"https:\/\/para-mirava.ma\/?product=ducray-melascreen-creme-nuit-50ml","title":{"rendered":"DUCRAY MELASCREEN CREME NUIT 50ML"},"content":{"rendered":"<p>MELASCREEN PHOTO-VIEILLISSEMENT Cr\u00e8me nuit aide \u00e0 r\u00e9duire les taches brunes localis\u00e9es sur le visage, mais aussi \u00e0 unifier, redensifier et nourrir la peau. Elle s&#8217;applique le soir sur le visage et le d\u00e9collet\u00e9. Gr\u00e2ce \u00e0 ses actifs dermatologiques de r\u00e9f\u00e9rence, ce soin r\u00e9duit visiblement les taches brunes, et nourrit intens\u00e9ment la peau. Au fil de l&#8217;utilisation, les signes du photovieillissement tels que les taches brunes et les rides sont att\u00e9nu\u00e9s. La peau est repulp\u00e9e et retrouve son \u00e9clat. Une cr\u00e8me anti taches brunes \u00e0 utiliser en compl\u00e9ment ou en relai des proc\u00e9dures dermatologiques.<\/p>\n<p>Le mot de l&#8217;expert:<br \/>\nNaturellement la peau vieillit, mais c&#8217;est l&#8217;exposition au soleil qui pr\u00e9cipite et aggrave son vieillissement. On parle alors de photo-vieillissement de la peau: Association de taches brunes, rides, perte de fermet\u00e9. Les signes du photo-vieillissement sont localis\u00e9s sur les zones expos\u00e9es au soleil : le visage, le dos des mains et le d\u00e9collet\u00e9.<\/p>\n<p>Avantage:<br \/>\n\u2022 Unifie le teint +20%\u00b9<br \/>\n\u2022 Redensifie la peau 80%\u00b2<br \/>\n\u2022 Nourrit intens\u00e9ment 91%\u00b2<\/p>\n<p>B\u00e9n\u00e9fices:<br \/>\n\u2022 NOURRIT et hydrate la peau en profondeur<br \/>\n\u2022 PR\u00c9VIENT et att\u00e9nue l&#8217;apparence des taches brunes<br \/>\n\u2022 REPULPE et raffermit la peau<\/p>\n","protected":false},"excerpt":{"rendered":"<p>MELASCREEN PHOTO-VIEILLISSEMENT Cr\u00e8me nuit aide \u00e0 r\u00e9duire les taches brunes localis\u00e9es sur le visage, mais aussi \u00e0 unifier, redensifier et nourrir la peau. Elle s&#8217;applique le soir sur le visage et le d\u00e9collet\u00e9. Gr\u00e2ce \u00e0 ses actifs dermatologiques de r\u00e9f\u00e9rence, ce soin r\u00e9duit visiblement les taches brunes, et nourrit intens\u00e9ment la peau. Au fil de [&hellip;]<\/p>\n","protected":false},"featured_media":19118,"template":"","meta":[],"product_brand":[176],"product_cat":[15,140],"product_tag":[],"class_list":{"0":"post-18653","1":"product","2":"type-product","3":"status-publish","4":"has-post-thumbnail","6":"product_brand-ducray","7":"product_cat-tout","8":"product_cat-ducray","10":"first","11":"instock","12":"sale","13":"shipping-taxable","14":"purchasable","15":"product-type-simple"},"_links":{"self":[{"href":"https:\/\/para-mirava.ma\/index.php?rest_route=\/wp\/v2\/product\/18653","targetHints":{"allow":["GET"]}}],"collection":[{"href":"https:\/\/para-mirava.ma\/index.php?rest_route=\/wp\/v2\/product"}],"about":[{"href":"https:\/\/para-mirava.ma\/index.php?rest_route=\/wp\/v2\/types\/product"}],"wp:featuredmedia":[{"embeddable":true,"href":"https:\/\/para-mirava.ma\/index.php?rest_route=\/wp\/v2\/media\/19118"}],"wp:attachment":[{"href":"https:\/\/para-mirava.ma\/index.php?rest_route=%2Fwp%2Fv2%2Fmedia&parent=18653"}],"wp:term":[{"taxonomy":"product_brand","embeddable":true,"href":"https:\/\/para-mirava.ma\/index.php?rest_route=%2Fwp%2Fv2%2Fproduct_brand&post=18653"},{"taxonomy":"product_cat","embeddable":true,"href":"https:\/\/para-mirava.ma\/index.php?rest_route=%2Fwp%2Fv2%2Fproduct_cat&post=18653"},{"taxonomy":"product_tag","embeddable":true,"href":"https:\/\/para-mirava.ma\/index.php?rest_route=%2Fwp%2Fv2%2Fproduct_tag&post=18653"}],"curies":[{"name":"wp","href":"https:\/\/api.w.org\/{rel}","templated":true}]}}