{"id":18654,"date":"2026-03-14T19:29:44","date_gmt":"2026-03-14T19:29:44","guid":{"rendered":"https:\/\/para-mirava.ma\/?product=ducray-keracnyl-serum-30ml"},"modified":"2026-03-17T18:42:28","modified_gmt":"2026-03-17T18:42:28","slug":"ducray-keracnyl-serum-30ml","status":"publish","type":"product","link":"https:\/\/para-mirava.ma\/?product=ducray-keracnyl-serum-30ml","title":{"rendered":"DUCRAY KERACNYL SERUM 30ML"},"content":{"rendered":"<p>Le s\u00e9rum KERACNYL cible les imperfections des peaux adultes \u00e0 tendance acn\u00e9ique. Sa formule triple action favorise l&#8217;\u00e9limination des boutons et permet \u00e9galement de lutter contre les signes du vieillissement. L&#8217;ACIDE AZ\u00c9LA\u00cfQUE contribue \u00e0 att\u00e9nuer les marques r\u00e9siduelles persistantes et les ridules. L&#8217;extrait d&#8217;origine naturelle de MYRTACINE\u00ae, actif innovant brevet\u00e9, agit sur les imperfections et lutte contre C. acnes, en limitant son organisation en biofilm. La peau para\u00eet plus nette et lisse, les imperfections sont att\u00e9nu\u00e9es. Tr\u00e8s bonne base de maquillage.<\/p>\n<p>Le mot de l&#8217;expert :<br \/>\nL&#8217;acn\u00e9 n&#8217;est pas une pathologie r\u00e9serv\u00e9e \u00e0 l&#8217;adolescence. Elle persiste souvent \u00e0 l&#8217;\u00e2ge adulte. Appel\u00e9 &#8220;acn\u00e9 de la femme adulte&#8221;, ce probl\u00e8me concerne 41% des femmes \u00e2g\u00e9es de 25 \u00e0 45 ans. Diff\u00e9rentes de celles de l&#8217;adolescent, les caract\u00e9ristiques cliniques de la pathologie sont aujourd&#8217;hui bien identifi\u00e9es : Acn\u00e9 l\u00e9g\u00e8re \u00e0 mod\u00e9r\u00e9e, principalement inflammatoire (boutons rouges), localisation des boutons sur la zone &#8220;U&#8221; du visage (menton, r\u00e9gion mandibulaire, cou), pr\u00e9sence de marques pigmentaires (rouges ou brunes) et de cicatrices.<\/p>\n<p>Avantage :<br \/>\n-52% de boutons rouges d\u00e8s 1 mois<\/p>\n<p>B\u00e9n\u00e9fices :<br \/>\n\u2022 FAVORISE la disparition des imperfections et favorise l&#8217;\u00e9quilibre de la flore bact\u00e9rienne C. acnes<br \/>\n\u2022 ATT\u00c9NUE les marques pigmentaires et les cicatrices li\u00e9es \u00e0 l&#8217;acn\u00e9<br \/>\n\u2022 LISSE la peau et agit contre l&#8217;apparition des premi\u00e8res rides<\/p>\n","protected":false},"excerpt":{"rendered":"<p>Le s\u00e9rum KERACNYL cible les imperfections des peaux adultes \u00e0 tendance acn\u00e9ique. Sa formule triple action favorise l&#8217;\u00e9limination des boutons et permet \u00e9galement de lutter contre les signes du vieillissement. L&#8217;ACIDE AZ\u00c9LA\u00cfQUE contribue \u00e0 att\u00e9nuer les marques r\u00e9siduelles persistantes et les ridules. L&#8217;extrait d&#8217;origine naturelle de MYRTACINE\u00ae, actif innovant brevet\u00e9, agit sur les imperfections et [&hellip;]<\/p>\n","protected":false},"featured_media":19105,"template":"","meta":[],"product_brand":[176],"product_cat":[15,140],"product_tag":[],"class_list":{"0":"post-18654","1":"product","2":"type-product","3":"status-publish","4":"has-post-thumbnail","6":"product_brand-ducray","7":"product_cat-tout","8":"product_cat-ducray","10":"first","11":"instock","12":"sale","13":"shipping-taxable","14":"purchasable","15":"product-type-simple"},"_links":{"self":[{"href":"https:\/\/para-mirava.ma\/index.php?rest_route=\/wp\/v2\/product\/18654","targetHints":{"allow":["GET"]}}],"collection":[{"href":"https:\/\/para-mirava.ma\/index.php?rest_route=\/wp\/v2\/product"}],"about":[{"href":"https:\/\/para-mirava.ma\/index.php?rest_route=\/wp\/v2\/types\/product"}],"wp:featuredmedia":[{"embeddable":true,"href":"https:\/\/para-mirava.ma\/index.php?rest_route=\/wp\/v2\/media\/19105"}],"wp:attachment":[{"href":"https:\/\/para-mirava.ma\/index.php?rest_route=%2Fwp%2Fv2%2Fmedia&parent=18654"}],"wp:term":[{"taxonomy":"product_brand","embeddable":true,"href":"https:\/\/para-mirava.ma\/index.php?rest_route=%2Fwp%2Fv2%2Fproduct_brand&post=18654"},{"taxonomy":"product_cat","embeddable":true,"href":"https:\/\/para-mirava.ma\/index.php?rest_route=%2Fwp%2Fv2%2Fproduct_cat&post=18654"},{"taxonomy":"product_tag","embeddable":true,"href":"https:\/\/para-mirava.ma\/index.php?rest_route=%2Fwp%2Fv2%2Fproduct_tag&post=18654"}],"curies":[{"name":"wp","href":"https:\/\/api.w.org\/{rel}","templated":true}]}}