{"id":18656,"date":"2026-03-14T19:29:44","date_gmt":"2026-03-14T19:29:44","guid":{"rendered":"https:\/\/para-mirava.ma\/?product=ducray-ictyane-hydra-creme-legere-40ml"},"modified":"2026-03-17T18:42:28","modified_gmt":"2026-03-17T18:42:28","slug":"ducray-ictyane-hydra-creme-legere-40ml","status":"publish","type":"product","link":"https:\/\/para-mirava.ma\/?product=ducray-ictyane-hydra-creme-legere-40ml","title":{"rendered":"DUCRAY ICTYANE HYDRA CREME LEGERE 40ML"},"content":{"rendered":"<p>La cr\u00e8me l\u00e9g\u00e8re visage ICTYANE HYDRA est un soin hydratant quotidien des peaux normales \u00e0 s\u00e8ches. Enrichi d&#8217;une association d&#8217;AC\u00c9FYLLINE\u00ae ET d&#8217;HUILE D&#8217;ABYSSINIE, ce soin hydrate durablement la peau tout au long de la journ\u00e9e en relan\u00e7ant ses processus naturels d&#8217;hydratation et lui apporte douceur et souplesse. Sa texture l\u00e9g\u00e8re et fondante p\u00e9n\u00e8tre instantan\u00e9ment dans la peau. Gorg\u00e9e d&#8217;hydratation, la peau est \u00e0 nouveau souple et agr\u00e9able au toucher.<\/p>\n<p>Le mot de l&#8217;expert:<br \/>\nToutes les peaux, qu&#8217;elles soient s\u00e8ches ou grasses, ont besoin d&#8217;hydratation. Elles se d\u00e9shydratent au quotidien, notamment sous l&#8217;influence de diff\u00e9rents facteurs environnementaux (chaleur, vent, froid, utilisation de cosm\u00e9tiques agressifs&#8230;). L&#8217;eau est en effet un \u00e9l\u00e9ment essentiel \u00e0 la peau. Elle participe \u00e0 son \u00e9lasticit\u00e9, ralentit le vieillissement cutan\u00e9 et am\u00e9liore sa luminosit\u00e9. Une peau hydrat\u00e9e est plus r\u00e9sistante face aux agressions de l&#8217;environnement ext\u00e9rieur. Une hydratation quotidienne de la peau du visage est donc indispensable.<\/p>\n<p>Avantage:<br \/>\n&#8220;La cr\u00e8me l\u00e9g\u00e8re visage ICTYANE HYDRA assure 24 heures\u00b2 d&#8217;hydratation active.&#8221;<\/p>\n<p>B\u00e9n\u00e9fices:<br \/>\n\u2022 HYDRATE durablement les peaux normales \u00e0 s\u00e8ches<br \/>\n\u2022 TEXTURE l\u00e9g\u00e8re, fra\u00eeche et fondante qui p\u00e9n\u00e8tre rapidement et ne laisse pas de film gras sur la peau<br \/>\n\u2022 REND la peau souple, douce et agr\u00e9able au toucher<\/p>\n<p>TEXTURE:<br \/>\nAvantage de la texture:<br \/>\nTexture cr\u00e8me-\u00e9mulsion l\u00e9g\u00e8re, fra\u00eeche et fondante qui p\u00e9n\u00e8tre rapidement.<br \/>\nSenteur du contenu:<br \/>\nD\u00e9licatement parfum\u00e9e<\/p>\n","protected":false},"excerpt":{"rendered":"<p>La cr\u00e8me l\u00e9g\u00e8re visage ICTYANE HYDRA est un soin hydratant quotidien des peaux normales \u00e0 s\u00e8ches. Enrichi d&#8217;une association d&#8217;AC\u00c9FYLLINE\u00ae ET d&#8217;HUILE D&#8217;ABYSSINIE, ce soin hydrate durablement la peau tout au long de la journ\u00e9e en relan\u00e7ant ses processus naturels d&#8217;hydratation et lui apporte douceur et souplesse. Sa texture l\u00e9g\u00e8re et fondante p\u00e9n\u00e8tre instantan\u00e9ment dans [&hellip;]<\/p>\n","protected":false},"featured_media":19106,"template":"","meta":[],"product_brand":[176],"product_cat":[15,140],"product_tag":[],"class_list":{"0":"post-18656","1":"product","2":"type-product","3":"status-publish","4":"has-post-thumbnail","6":"product_brand-ducray","7":"product_cat-tout","8":"product_cat-ducray","10":"first","11":"instock","12":"sale","13":"shipping-taxable","14":"purchasable","15":"product-type-simple"},"_links":{"self":[{"href":"https:\/\/para-mirava.ma\/index.php?rest_route=\/wp\/v2\/product\/18656","targetHints":{"allow":["GET"]}}],"collection":[{"href":"https:\/\/para-mirava.ma\/index.php?rest_route=\/wp\/v2\/product"}],"about":[{"href":"https:\/\/para-mirava.ma\/index.php?rest_route=\/wp\/v2\/types\/product"}],"wp:featuredmedia":[{"embeddable":true,"href":"https:\/\/para-mirava.ma\/index.php?rest_route=\/wp\/v2\/media\/19106"}],"wp:attachment":[{"href":"https:\/\/para-mirava.ma\/index.php?rest_route=%2Fwp%2Fv2%2Fmedia&parent=18656"}],"wp:term":[{"taxonomy":"product_brand","embeddable":true,"href":"https:\/\/para-mirava.ma\/index.php?rest_route=%2Fwp%2Fv2%2Fproduct_brand&post=18656"},{"taxonomy":"product_cat","embeddable":true,"href":"https:\/\/para-mirava.ma\/index.php?rest_route=%2Fwp%2Fv2%2Fproduct_cat&post=18656"},{"taxonomy":"product_tag","embeddable":true,"href":"https:\/\/para-mirava.ma\/index.php?rest_route=%2Fwp%2Fv2%2Fproduct_tag&post=18656"}],"curies":[{"name":"wp","href":"https:\/\/api.w.org\/{rel}","templated":true}]}}