{"id":18657,"date":"2026-03-14T19:29:44","date_gmt":"2026-03-14T19:29:44","guid":{"rendered":"https:\/\/para-mirava.ma\/?product=ducray-ictyane-nutri-creme-riche-40ml"},"modified":"2026-03-17T18:42:28","modified_gmt":"2026-03-17T18:42:28","slug":"ducray-ictyane-nutri-creme-riche-40ml","status":"publish","type":"product","link":"https:\/\/para-mirava.ma\/?product=ducray-ictyane-nutri-creme-riche-40ml","title":{"rendered":"DUCRAY ICTYANE NUTRI CREME RICHE 40ML"},"content":{"rendered":"<p>La cr\u00e8me riche visage ICTYANE NUTRI est un soin nutritif quotidien des peaux sujettes au dess\u00e8chement cutan\u00e9. Enrichie d&#8217;une association d&#8217;AC\u00c9FYLLINE\u00ae et d&#8217;HUILE D&#8217;ABYSSINIE, cette cr\u00e8me assure la nutrition quotidienne de la peau tout en lui apportant confort et souplesse. De plus, elle limite le processus d&#8217;\u00e9vaporation de l&#8217;eau de la peau, l&#8217;emp\u00eachant de se dess\u00e9cher au cours de la journ\u00e9e. Sa texture onctueuse et velout\u00e9e p\u00e9n\u00e8tre instantan\u00e9ment dans la peau sans laisser d&#8217;effet gras. Nourrie, la peau est \u00e0 nouveau confortable et agr\u00e9able au toucher.<\/p>\n<p>Le mot de l&#8217;expert:<br \/>\nToutes les peaux, qu&#8217;elles soient s\u00e8ches ou grasses, ont besoin d&#8217;hydratation. Elles se d\u00e9shydratent, notamment sous l&#8217;influence de diff\u00e9rents facteurs environnementaux (chaleur, vent, froid, utilisation de cosm\u00e9tiques agressifs&#8230;). L&#8217;eau est en effet un \u00e9l\u00e9ment essentiel \u00e0 la peau. Elle participe \u00e0 son \u00e9lasticit\u00e9, ralentit le vieillissement cutan\u00e9 et am\u00e9liore sa luminosit\u00e9. Les peaux s\u00e8ches sont \u00e0 la fois d\u00e9shydrat\u00e9es et d\u00e9nutries, les rendant moins r\u00e9sistantes face aux agressions de l&#8217;environnement ext\u00e9rieur. La barri\u00e8re cutan\u00e9e est alt\u00e9r\u00e9e et des sensations de tiraillement apparaissent. Hydratation et nutrition de la peau du visage au quotidien sont donc indispensables pour apporter du confort \u00e0 la peau et la prot\u00e9ger des agressions ext\u00e9rieures.<\/p>\n<p>&nbsp;<\/p>\n<p>B\u00e9n\u00e9fices:<br \/>\n\u2022 NOURRIT les peaux sujettes au dess\u00e8chement cutan\u00e9<br \/>\n\u2022 TEXTURE onctueuse et velout\u00e9e qui p\u00e9n\u00e8tre rapidement sans laisser de film gras sur la peau<br \/>\n\u2022 REND la peau souple, douce et agr\u00e9able au toucher<\/p>\n<p>TEXTURE:<br \/>\nAvantage de la texture:<br \/>\nTexture \u00e9mulsion riche onctueuse et velout\u00e9e sans effet gras.<\/p>\n<p>Senteur du contenu:<br \/>\nD\u00e9licatement parfum\u00e9.<\/p>\n","protected":false},"excerpt":{"rendered":"<p>La cr\u00e8me riche visage ICTYANE NUTRI est un soin nutritif quotidien des peaux sujettes au dess\u00e8chement cutan\u00e9. Enrichie d&#8217;une association d&#8217;AC\u00c9FYLLINE\u00ae et d&#8217;HUILE D&#8217;ABYSSINIE, cette cr\u00e8me assure la nutrition quotidienne de la peau tout en lui apportant confort et souplesse. De plus, elle limite le processus d&#8217;\u00e9vaporation de l&#8217;eau de la peau, l&#8217;emp\u00eachant de se [&hellip;]<\/p>\n","protected":false},"featured_media":19108,"template":"","meta":[],"product_brand":[176],"product_cat":[15,140],"product_tag":[],"class_list":{"0":"post-18657","1":"product","2":"type-product","3":"status-publish","4":"has-post-thumbnail","6":"product_brand-ducray","7":"product_cat-tout","8":"product_cat-ducray","10":"first","11":"instock","12":"sale","13":"shipping-taxable","14":"purchasable","15":"product-type-simple"},"_links":{"self":[{"href":"https:\/\/para-mirava.ma\/index.php?rest_route=\/wp\/v2\/product\/18657","targetHints":{"allow":["GET"]}}],"collection":[{"href":"https:\/\/para-mirava.ma\/index.php?rest_route=\/wp\/v2\/product"}],"about":[{"href":"https:\/\/para-mirava.ma\/index.php?rest_route=\/wp\/v2\/types\/product"}],"wp:featuredmedia":[{"embeddable":true,"href":"https:\/\/para-mirava.ma\/index.php?rest_route=\/wp\/v2\/media\/19108"}],"wp:attachment":[{"href":"https:\/\/para-mirava.ma\/index.php?rest_route=%2Fwp%2Fv2%2Fmedia&parent=18657"}],"wp:term":[{"taxonomy":"product_brand","embeddable":true,"href":"https:\/\/para-mirava.ma\/index.php?rest_route=%2Fwp%2Fv2%2Fproduct_brand&post=18657"},{"taxonomy":"product_cat","embeddable":true,"href":"https:\/\/para-mirava.ma\/index.php?rest_route=%2Fwp%2Fv2%2Fproduct_cat&post=18657"},{"taxonomy":"product_tag","embeddable":true,"href":"https:\/\/para-mirava.ma\/index.php?rest_route=%2Fwp%2Fv2%2Fproduct_tag&post=18657"}],"curies":[{"name":"wp","href":"https:\/\/api.w.org\/{rel}","templated":true}]}}