{"id":18658,"date":"2026-03-14T19:29:44","date_gmt":"2026-03-14T19:29:44","guid":{"rendered":"https:\/\/para-mirava.ma\/?product=ducray-elution-shp-200ml-new"},"modified":"2026-03-17T18:42:28","modified_gmt":"2026-03-17T18:42:28","slug":"ducray-elution-shp-200ml-new","status":"publish","type":"product","link":"https:\/\/para-mirava.ma\/?product=ducray-elution-shp-200ml-new","title":{"rendered":"DUCRAY ELUTION SHP 200ML NEW"},"content":{"rendered":"<p>ELUTION Shampooing doux \u00e9quilibrant est adapt\u00e9 pour une utilisation quotidienne en alternance ou en relais d&#8217;un traitement antipelliculaire.<\/p>\n<p>Sa formule apaisante et hydratante* \u00e0 base de PIROCTONE OLAMINE, de GLYCINE et de VITAMINE B5 prolonge l&#8217;efficacit\u00e9 des soins antipelliculaires et limite les r\u00e9cidives de pellicules.<\/p>\n<p>Un shampooing doux antipelliculaire qui apporte brillance, l\u00e9g\u00e8ret\u00e9 et douceur \u00e0 la chevelure.<\/p>\n<p>Il respecte la coloration capillaire.<\/p>\n<p>Le mot de l&#8217;expert<\/p>\n<p>En alternance ou \u00e0 la suite d&#8217;un traitement antipelliculaire m\u00e9dicamenteux ou dermo-cosm\u00e9tique, il est n\u00e9cessaire d&#8217;utiliser un shampooing adapt\u00e9 pour r\u00e9\u00e9quilibrer le cuir chevelu et limiter le risque de r\u00e9cidive.<\/p>\n<p>Avantage<\/p>\n<p>ELUTION Shampooing doux \u00e9quilibrant limite les r\u00e9cidives de pellicules apr\u00e8s un traitement antipelliculaire.<\/p>\n<p>B\u00e9n\u00e9fices<\/p>\n<p>\u2022 MAINTIENT l&#8217;\u00e9quilibre du microbiome du cuir chevelu<\/p>\n<p>\u2022 LIMITE la r\u00e9apparition et les r\u00e9cidives de pellicules gr\u00e2ce \u00e0 un usage en entretien<\/p>\n<p>\u2022 RESPECTE les cheveux et la coloration capillaire<\/p>\n","protected":false},"excerpt":{"rendered":"<p>ELUTION Shampooing doux \u00e9quilibrant est adapt\u00e9 pour une utilisation quotidienne en alternance ou en relais d&#8217;un traitement antipelliculaire. Sa formule apaisante et hydratante* \u00e0 base de PIROCTONE OLAMINE, de GLYCINE et de VITAMINE B5 prolonge l&#8217;efficacit\u00e9 des soins antipelliculaires et limite les r\u00e9cidives de pellicules. Un shampooing doux antipelliculaire qui apporte brillance, l\u00e9g\u00e8ret\u00e9 et douceur [&hellip;]<\/p>\n","protected":false},"featured_media":19109,"template":"","meta":[],"product_brand":[176],"product_cat":[15,140],"product_tag":[],"class_list":{"0":"post-18658","1":"product","2":"type-product","3":"status-publish","4":"has-post-thumbnail","6":"product_brand-ducray","7":"product_cat-tout","8":"product_cat-ducray","10":"first","11":"instock","12":"sale","13":"shipping-taxable","14":"purchasable","15":"product-type-simple"},"_links":{"self":[{"href":"https:\/\/para-mirava.ma\/index.php?rest_route=\/wp\/v2\/product\/18658","targetHints":{"allow":["GET"]}}],"collection":[{"href":"https:\/\/para-mirava.ma\/index.php?rest_route=\/wp\/v2\/product"}],"about":[{"href":"https:\/\/para-mirava.ma\/index.php?rest_route=\/wp\/v2\/types\/product"}],"wp:featuredmedia":[{"embeddable":true,"href":"https:\/\/para-mirava.ma\/index.php?rest_route=\/wp\/v2\/media\/19109"}],"wp:attachment":[{"href":"https:\/\/para-mirava.ma\/index.php?rest_route=%2Fwp%2Fv2%2Fmedia&parent=18658"}],"wp:term":[{"taxonomy":"product_brand","embeddable":true,"href":"https:\/\/para-mirava.ma\/index.php?rest_route=%2Fwp%2Fv2%2Fproduct_brand&post=18658"},{"taxonomy":"product_cat","embeddable":true,"href":"https:\/\/para-mirava.ma\/index.php?rest_route=%2Fwp%2Fv2%2Fproduct_cat&post=18658"},{"taxonomy":"product_tag","embeddable":true,"href":"https:\/\/para-mirava.ma\/index.php?rest_route=%2Fwp%2Fv2%2Fproduct_tag&post=18658"}],"curies":[{"name":"wp","href":"https:\/\/api.w.org\/{rel}","templated":true}]}}