{"id":18659,"date":"2026-03-14T19:29:44","date_gmt":"2026-03-14T19:29:44","guid":{"rendered":"https:\/\/para-mirava.ma\/?product=ducray-kelual-ds-shp-100-ml"},"modified":"2026-03-17T18:42:28","modified_gmt":"2026-03-17T18:42:28","slug":"ducray-kelual-ds-shp-100-ml","status":"publish","type":"product","link":"https:\/\/para-mirava.ma\/?product=ducray-kelual-ds-shp-100-ml","title":{"rendered":"DUCRAY KELUAL DS SHP 100 ML"},"content":{"rendered":"<p>KELUAL DS Shampooing traitant apaise les d\u00e9mangeaisons et contribue \u00e0 \u00e9liminer durablement les pellicules.<br \/>\nSa formule assainissante agit sur les facteurs responsables des \u00e9tats pelliculaires s\u00e9v\u00e8res.<br \/>\nKELUAL DS Shampooing traitant est indiqu\u00e9 dans les \u00e9tats pelliculaires r\u00e9cidivants associ\u00e9s \u00e0 d&#8217;intenses d\u00e9mangeaisons et un \u00e9ryth\u00e8me (rougeur cutan\u00e9e) et\/ou en accompagnement des cuirs chevelus sujets \u00e0 la dermite s\u00e9borrh\u00e9ique.<br \/>\nIl poss\u00e8de une association d&#8217;actifs brevet\u00e9e* agissant de fa\u00e7on synergique pour \u00e9liminer rapidement et durablement les pellicules pour plus de confort.<br \/>\nAvec une phase intensive (trois utilisations par semaine durant deux semaines) puis une utilisation hebdomadaire en entretien, il soulage durablement et \u00e9vite les r\u00e9cidives.<br \/>\nUn shampooing \u00e0 la texture agr\u00e9able procur\u00e9e par une mousse onctueuse et qui respecte la coloration capillaire.<\/p>\n<p>Le mot de l&#8217;expert<br \/>\nLa dermite ou dermatite s\u00e9borrh\u00e9ique du cuir chevelu se manifeste par des pellicules plus ou moins \u00e9paisses et grasses, des plaques rouges associ\u00e9es \u00e0 des d\u00e9mangeaisons intenses. Ces manifestations cliniques au niveau du cuir chevelu peuvent \u00eatre aussi localis\u00e9es au niveau du visage et\/ou du torse. Dans ce cas, ce sont les rougeurs associ\u00e9es \u00e0 des petits squames qui sont les plus g\u00eanantes. Cette affection est sans gravit\u00e9 mais son \u00e9volution chronique et son caract\u00e8re affichant peuvent entrainer une r\u00e9percussion sur la qualit\u00e9 de vie. Un traitement adapt\u00e9 associ\u00e9 \u00e0 une routine de soin rigoureuse sont donc n\u00e9cessaires afin de r\u00e9duire ces sympt\u00f4mes visibles et espacer au maximum les pouss\u00e9es. Trois \u00e9l\u00e9ments sont aujourd&#8217;hui identifi\u00e9s pour expliquer l&#8217;origine de la dermite s\u00e9borrh\u00e9ique : le s\u00e9bum en exc\u00e8s, qui entraine la prolif\u00e9ration d&#8217;une levure (Malassezia) qui elle-m\u00eame induit une inflammation. L&#8217;objectif des traitements mais aussi des soins d&#8217;hygi\u00e8ne en entretien sera d&#8217;agir sur ces trois m\u00e9canismes pour am\u00e9liorer le quotidien des patients.<br \/>\nDisponible dans votre parapharmacie en ligne www.cotepara.ma<\/p>\n<p>Avantage<br \/>\nKELUAL DS Shampooing traitant apaise les cuirs chevelus irrit\u00e9s, \u00e9limine durablement les pellicules et r\u00e9gule les causes de desquamations excessives.<\/p>\n<p>B\u00e9n\u00e9fices<br \/>\n\u2022 LUTTE contre les d\u00e9mangeaisons intenses associ\u00e9es aux pellicules s\u00e9v\u00e8res<br \/>\n\u2022 \u00c9LIMINE durablement les pellicules adh\u00e9rentes au cuir chevelu gr\u00e2ce \u00e0 une utilisation en entretien<br \/>\n\u2022 OFFRE une texture mousse onctueuse qui respecte la coloration capillaire<\/p>\n","protected":false},"excerpt":{"rendered":"<p>KELUAL DS Shampooing traitant apaise les d\u00e9mangeaisons et contribue \u00e0 \u00e9liminer durablement les pellicules. Sa formule assainissante agit sur les facteurs responsables des \u00e9tats pelliculaires s\u00e9v\u00e8res. KELUAL DS Shampooing traitant est indiqu\u00e9 dans les \u00e9tats pelliculaires r\u00e9cidivants associ\u00e9s \u00e0 d&#8217;intenses d\u00e9mangeaisons et un \u00e9ryth\u00e8me (rougeur cutan\u00e9e) et\/ou en accompagnement des cuirs chevelus sujets \u00e0 la [&hellip;]<\/p>\n","protected":false},"featured_media":19104,"template":"","meta":[],"product_brand":[176],"product_cat":[15,140],"product_tag":[],"class_list":{"0":"post-18659","1":"product","2":"type-product","3":"status-publish","4":"has-post-thumbnail","6":"product_brand-ducray","7":"product_cat-tout","8":"product_cat-ducray","10":"first","11":"instock","12":"sale","13":"shipping-taxable","14":"purchasable","15":"product-type-simple"},"_links":{"self":[{"href":"https:\/\/para-mirava.ma\/index.php?rest_route=\/wp\/v2\/product\/18659","targetHints":{"allow":["GET"]}}],"collection":[{"href":"https:\/\/para-mirava.ma\/index.php?rest_route=\/wp\/v2\/product"}],"about":[{"href":"https:\/\/para-mirava.ma\/index.php?rest_route=\/wp\/v2\/types\/product"}],"wp:featuredmedia":[{"embeddable":true,"href":"https:\/\/para-mirava.ma\/index.php?rest_route=\/wp\/v2\/media\/19104"}],"wp:attachment":[{"href":"https:\/\/para-mirava.ma\/index.php?rest_route=%2Fwp%2Fv2%2Fmedia&parent=18659"}],"wp:term":[{"taxonomy":"product_brand","embeddable":true,"href":"https:\/\/para-mirava.ma\/index.php?rest_route=%2Fwp%2Fv2%2Fproduct_brand&post=18659"},{"taxonomy":"product_cat","embeddable":true,"href":"https:\/\/para-mirava.ma\/index.php?rest_route=%2Fwp%2Fv2%2Fproduct_cat&post=18659"},{"taxonomy":"product_tag","embeddable":true,"href":"https:\/\/para-mirava.ma\/index.php?rest_route=%2Fwp%2Fv2%2Fproduct_tag&post=18659"}],"curies":[{"name":"wp","href":"https:\/\/api.w.org\/{rel}","templated":true}]}}