{"id":18660,"date":"2026-03-14T19:29:45","date_gmt":"2026-03-14T19:29:45","guid":{"rendered":"https:\/\/para-mirava.ma\/?product=ducray-anaphase-ap-shp-200ml"},"modified":"2026-03-17T18:42:27","modified_gmt":"2026-03-17T18:42:27","slug":"ducray-anaphase-ap-shp-200ml","status":"publish","type":"product","link":"https:\/\/para-mirava.ma\/?product=ducray-anaphase-ap-shp-200ml","title":{"rendered":"DUCRAY ANAPHASE+ AP. SHP 200ML"},"content":{"rendered":"<p>\u2022 Le soin apr\u00e8s-shampooing fortifiant ANAPHASE+ s&#8217;utilise en compl\u00e9ment du shampooing compl\u00e9ment antichute ANAPHASE+.<br \/>\n\u2022 Sa formule fortifiante contenant notamment des VITAMINES B5, B6 et B8 permet de renforcer la fibre capillaire des cheveux fragilis\u00e9s ou d\u00e9vitalis\u00e9s.<br \/>\n\u2022 Appliqu\u00e9 sur les pointes apr\u00e8s le shampooing, il pr\u00e9serve les cheveux en facilitant le d\u00e9m\u00ealage.<\/p>\n<p>Le mot de l&#8217;expert :<br \/>\nLes personnes souffrant de chutes de cheveux, quelle que soit la cause, rencontrent fr\u00e9quemment des probl\u00e8mes au d\u00e9m\u00ealage. Il est donc n\u00e9cessaire d&#8217;utiliser un apr\u00e8s-shampooing, mais pas n&#8217;importe lequel ! Il faut choisir un apr\u00e8s-shampooing sp\u00e9cifique qui d\u00e9m\u00eale sans alourdir, et ainsi pr\u00e9serve le volume.<\/p>\n<p>Avantage :<br \/>\nLe SOIN APR\u00c8S-SHAMPOOING FORTIFIANT ANAPHASE+ aide \u00e0 d\u00e9m\u00ealer et renforcer les cheveux d\u00e9vitalis\u00e9s.<\/p>\n<p>B\u00e9n\u00e9fices :<br \/>\n\u2022 PR\u00c9SERVE les cheveux, renforce la fibre capillaire.<br \/>\n\u2022 PERMET un d\u00e9m\u00ealage plus facile, sans alourdir les cheveux.<br \/>\n\u2022 RESPECTE les cheveux et la coloration capillaire.<\/p>\n","protected":false},"excerpt":{"rendered":"<p>\u2022 Le soin apr\u00e8s-shampooing fortifiant ANAPHASE+ s&#8217;utilise en compl\u00e9ment du shampooing compl\u00e9ment antichute ANAPHASE+. \u2022 Sa formule fortifiante contenant notamment des VITAMINES B5, B6 et B8 permet de renforcer la fibre capillaire des cheveux fragilis\u00e9s ou d\u00e9vitalis\u00e9s. \u2022 Appliqu\u00e9 sur les pointes apr\u00e8s le shampooing, il pr\u00e9serve les cheveux en facilitant le d\u00e9m\u00ealage. Le mot [&hellip;]<\/p>\n","protected":false},"featured_media":19098,"template":"","meta":[],"product_brand":[176],"product_cat":[15,140],"product_tag":[],"class_list":{"0":"post-18660","1":"product","2":"type-product","3":"status-publish","4":"has-post-thumbnail","6":"product_brand-ducray","7":"product_cat-tout","8":"product_cat-ducray","10":"first","11":"instock","12":"sale","13":"shipping-taxable","14":"purchasable","15":"product-type-simple"},"_links":{"self":[{"href":"https:\/\/para-mirava.ma\/index.php?rest_route=\/wp\/v2\/product\/18660","targetHints":{"allow":["GET"]}}],"collection":[{"href":"https:\/\/para-mirava.ma\/index.php?rest_route=\/wp\/v2\/product"}],"about":[{"href":"https:\/\/para-mirava.ma\/index.php?rest_route=\/wp\/v2\/types\/product"}],"wp:featuredmedia":[{"embeddable":true,"href":"https:\/\/para-mirava.ma\/index.php?rest_route=\/wp\/v2\/media\/19098"}],"wp:attachment":[{"href":"https:\/\/para-mirava.ma\/index.php?rest_route=%2Fwp%2Fv2%2Fmedia&parent=18660"}],"wp:term":[{"taxonomy":"product_brand","embeddable":true,"href":"https:\/\/para-mirava.ma\/index.php?rest_route=%2Fwp%2Fv2%2Fproduct_brand&post=18660"},{"taxonomy":"product_cat","embeddable":true,"href":"https:\/\/para-mirava.ma\/index.php?rest_route=%2Fwp%2Fv2%2Fproduct_cat&post=18660"},{"taxonomy":"product_tag","embeddable":true,"href":"https:\/\/para-mirava.ma\/index.php?rest_route=%2Fwp%2Fv2%2Fproduct_tag&post=18660"}],"curies":[{"name":"wp","href":"https:\/\/api.w.org\/{rel}","templated":true}]}}