{"id":18661,"date":"2026-03-14T19:29:45","date_gmt":"2026-03-14T19:29:45","guid":{"rendered":"https:\/\/para-mirava.ma\/?product=ducray-melascreen-creme-mains-50ml"},"modified":"2026-03-17T18:42:28","modified_gmt":"2026-03-17T18:42:28","slug":"ducray-melascreen-creme-mains-50ml","status":"publish","type":"product","link":"https:\/\/para-mirava.ma\/?product=ducray-melascreen-creme-mains-50ml","title":{"rendered":"DUCRAY MELASCREEN CREME MAINS 50ML"},"content":{"rendered":"<p>MELASCREEN PHOTO-VIEILLISSEMENT Soin global mains SPF50+ pr\u00e9vient et corrige les taches brunes provoqu\u00e9es par l&#8217;exposition au soleil qui se manifestent sur les mains.<br \/>\n\u2022 Sa protection solaire SPF50+ pr\u00e9vient le photovieillissement des mains tel que l&#8217;apparition de taches brunes et la perte de fermet\u00e9.<br \/>\n\u2022 Formul\u00e9e \u00e0 partir d&#8217;ACIDE HYALURONIQUE et d&#8217;actifs d\u00e9pigmentants, elle contribue \u00e0 am\u00e9liorer la fermet\u00e9 de la peau.<br \/>\n\u2022 Les taches sont estomp\u00e9es, la peau retrouve sa souplesse.<\/p>\n<p>Le mot de l&#8217;expert:<br \/>\nNaturellement la peau vieillit, mais c&#8217;est l&#8217;exposition au soleil qui pr\u00e9cipite et aggrave son vieillissement. On parle alors de photo-vieillissement de la peau : association de taches brunes, rides, perte de fermet\u00e9. Les signes du photo-vieillissement sont localis\u00e9s sur les zones expos\u00e9es au soleil : le visage, le dos des mains et le d\u00e9collet\u00e9.<\/p>\n<p>Avantage:<br \/>\n\u2022 Taches brunes : 74%\u00b9<br \/>\n\u2022 Fermet\u00e9 de la peau : 83%\u00b9<br \/>\n\u2022 Nourrit intens\u00e9ment : 91%\u00b9<\/p>\n<p>B\u00e9n\u00e9fices:<br \/>\n\u2022 ATT\u00c9NUE et estompe l&#8217;apparence des taches brunes jusqu&#8217;\u00e0 74%\u00b9.<br \/>\n\u2022 PROT\u00c8GE la peau des mains face au photo-vieillissement.<br \/>\n\u2022 NOURRIT, hydrate intens\u00e9ment et am\u00e9liore la fermet\u00e9 de la peau.<\/p>\n","protected":false},"excerpt":{"rendered":"<p>MELASCREEN PHOTO-VIEILLISSEMENT Soin global mains SPF50+ pr\u00e9vient et corrige les taches brunes provoqu\u00e9es par l&#8217;exposition au soleil qui se manifestent sur les mains. \u2022 Sa protection solaire SPF50+ pr\u00e9vient le photovieillissement des mains tel que l&#8217;apparition de taches brunes et la perte de fermet\u00e9. \u2022 Formul\u00e9e \u00e0 partir d&#8217;ACIDE HYALURONIQUE et d&#8217;actifs d\u00e9pigmentants, elle contribue [&hellip;]<\/p>\n","protected":false},"featured_media":19099,"template":"","meta":[],"product_brand":[176],"product_cat":[15,140],"product_tag":[],"class_list":{"0":"post-18661","1":"product","2":"type-product","3":"status-publish","4":"has-post-thumbnail","6":"product_brand-ducray","7":"product_cat-tout","8":"product_cat-ducray","10":"first","11":"instock","12":"sale","13":"shipping-taxable","14":"purchasable","15":"product-type-simple"},"_links":{"self":[{"href":"https:\/\/para-mirava.ma\/index.php?rest_route=\/wp\/v2\/product\/18661","targetHints":{"allow":["GET"]}}],"collection":[{"href":"https:\/\/para-mirava.ma\/index.php?rest_route=\/wp\/v2\/product"}],"about":[{"href":"https:\/\/para-mirava.ma\/index.php?rest_route=\/wp\/v2\/types\/product"}],"wp:featuredmedia":[{"embeddable":true,"href":"https:\/\/para-mirava.ma\/index.php?rest_route=\/wp\/v2\/media\/19099"}],"wp:attachment":[{"href":"https:\/\/para-mirava.ma\/index.php?rest_route=%2Fwp%2Fv2%2Fmedia&parent=18661"}],"wp:term":[{"taxonomy":"product_brand","embeddable":true,"href":"https:\/\/para-mirava.ma\/index.php?rest_route=%2Fwp%2Fv2%2Fproduct_brand&post=18661"},{"taxonomy":"product_cat","embeddable":true,"href":"https:\/\/para-mirava.ma\/index.php?rest_route=%2Fwp%2Fv2%2Fproduct_cat&post=18661"},{"taxonomy":"product_tag","embeddable":true,"href":"https:\/\/para-mirava.ma\/index.php?rest_route=%2Fwp%2Fv2%2Fproduct_tag&post=18661"}],"curies":[{"name":"wp","href":"https:\/\/api.w.org\/{rel}","templated":true}]}}