{"id":18662,"date":"2026-03-14T19:29:45","date_gmt":"2026-03-14T19:29:45","guid":{"rendered":"https:\/\/para-mirava.ma\/?product=ducray-dexyane-gel-nettoyant-surgras-400ml"},"modified":"2026-03-17T18:42:28","modified_gmt":"2026-03-17T18:42:28","slug":"ducray-dexyane-gel-nettoyant-surgras-400ml","status":"publish","type":"product","link":"https:\/\/para-mirava.ma\/?product=ducray-dexyane-gel-nettoyant-surgras-400ml","title":{"rendered":"DUCRAY DEXYANE GEL NETTOYANT SURGRAS 400ML"},"content":{"rendered":"<p>Le gel nettoyant surgras DEXYANE nettoie en douceur le visage, les cheveux et le corps des peaux tr\u00e8s s\u00e8ches et \u00e0 tendance atopique. Sa formule biod\u00e9gradable, sans parfum ni savon, respecte l&#8217;environnement autant que votre peau. C&#8217;est un soin nettoyant haute tol\u00e9rance qui respecte la peau, apaise les d\u00e9mangeaisons et prot\u00e8ge du dess\u00e8chement cutan\u00e9. La peau est nourrie, douce et souple. Il peut \u00eatre utilis\u00e9 au quotidien par toute la famille : adulte, enfant et nourrisson d\u00e8s la naissance.<\/p>\n<p>Le mot de l&#8217;expert :<br \/>\nLes peaux tr\u00e8s s\u00e8ches et \u00e0 tendance atopique s&#8217;accompagnent de d\u00e9mangeaisons et de tiraillements, parfois tr\u00e8s intenses. Ces peaux irrit\u00e9es n\u00e9cessitent une toilette quotidienne douce, avec une eau qui n&#8217;exc\u00e8de pas 34\u00b0C, et un produit adapt\u00e9. Il est effectivement important de privil\u00e9gier des produits nettoyants sans savon et sans parfum pour le visage et le corps.<\/p>\n<p>Avantage :<br \/>\nLe gel nettoyant surgras DEXYANE apaise les irritations et d\u00e9mangeaisons des peaux tr\u00e8s s\u00e8ches et \u00e0 tendance atopique.<\/p>\n<p>B\u00e9n\u00e9fices :<br \/>\n\u2022 NETTOIE d\u00e9licatement la peau<br \/>\n\u2022 R\u00c9DUIT les sensations d&#8217;inconfort et apaise les irritations<br \/>\n\u2022 DIMINUE la s\u00e9cheresse cutan\u00e9e et prot\u00e8ge la peau du dess\u00e8chement<\/p>\n","protected":false},"excerpt":{"rendered":"<p>Le gel nettoyant surgras DEXYANE nettoie en douceur le visage, les cheveux et le corps des peaux tr\u00e8s s\u00e8ches et \u00e0 tendance atopique. Sa formule biod\u00e9gradable, sans parfum ni savon, respecte l&#8217;environnement autant que votre peau. C&#8217;est un soin nettoyant haute tol\u00e9rance qui respecte la peau, apaise les d\u00e9mangeaisons et prot\u00e8ge du dess\u00e8chement cutan\u00e9. La [&hellip;]<\/p>\n","protected":false},"featured_media":19101,"template":"","meta":[],"product_brand":[176],"product_cat":[15,140],"product_tag":[],"class_list":{"0":"post-18662","1":"product","2":"type-product","3":"status-publish","4":"has-post-thumbnail","6":"product_brand-ducray","7":"product_cat-tout","8":"product_cat-ducray","10":"first","11":"instock","12":"sale","13":"shipping-taxable","14":"purchasable","15":"product-type-simple"},"_links":{"self":[{"href":"https:\/\/para-mirava.ma\/index.php?rest_route=\/wp\/v2\/product\/18662","targetHints":{"allow":["GET"]}}],"collection":[{"href":"https:\/\/para-mirava.ma\/index.php?rest_route=\/wp\/v2\/product"}],"about":[{"href":"https:\/\/para-mirava.ma\/index.php?rest_route=\/wp\/v2\/types\/product"}],"wp:featuredmedia":[{"embeddable":true,"href":"https:\/\/para-mirava.ma\/index.php?rest_route=\/wp\/v2\/media\/19101"}],"wp:attachment":[{"href":"https:\/\/para-mirava.ma\/index.php?rest_route=%2Fwp%2Fv2%2Fmedia&parent=18662"}],"wp:term":[{"taxonomy":"product_brand","embeddable":true,"href":"https:\/\/para-mirava.ma\/index.php?rest_route=%2Fwp%2Fv2%2Fproduct_brand&post=18662"},{"taxonomy":"product_cat","embeddable":true,"href":"https:\/\/para-mirava.ma\/index.php?rest_route=%2Fwp%2Fv2%2Fproduct_cat&post=18662"},{"taxonomy":"product_tag","embeddable":true,"href":"https:\/\/para-mirava.ma\/index.php?rest_route=%2Fwp%2Fv2%2Fproduct_tag&post=18662"}],"curies":[{"name":"wp","href":"https:\/\/api.w.org\/{rel}","templated":true}]}}