{"id":18665,"date":"2026-03-14T19:29:46","date_gmt":"2026-03-14T19:29:46","guid":{"rendered":"https:\/\/para-mirava.ma\/?product=ducray-keracnyl-glycolic-creme-desincrustante-30ml"},"modified":"2026-03-17T18:42:27","modified_gmt":"2026-03-17T18:42:27","slug":"ducray-keracnyl-glycolic-creme-desincrustante-30ml","status":"publish","type":"product","link":"https:\/\/para-mirava.ma\/?product=ducray-keracnyl-glycolic-creme-desincrustante-30ml","title":{"rendered":"DUCRAY KERACNYL GLYCOLIC+ CREME DESINCRUSTANTE 30ML"},"content":{"rendered":"<p>La cr\u00e8me KERACNYL GLYCOLIC+ cible les points noirs et les imperfections des peaux jeunes ou adultes \u00e0 tendance acn\u00e9ique et favorise leur disparition. Elle lutte \u00e9galement contre la brillance en r\u00e9gulant la production excessive de s\u00e9bum et lisse le grain de peau. Appliqu\u00e9e quotidiennement apr\u00e8s le nettoyage de la peau, elle constitue une tr\u00e8s bonne base de maquillage.<\/p>\n<p>Le mot de l&#8217;expert:<br \/>\nPlus de 70% de la population souffre d&#8217;une peau \u00e0 tendance acn\u00e9ique*. Les peaux grasses \u00e0 imperfections peuvent avoir diff\u00e9rents degr\u00e9s de s\u00e9v\u00e9rit\u00e9. Une prise en charge globale par un bon geste d&#8217;hygi\u00e8ne associ\u00e9 \u00e0 un traitement compl\u00e9mentaire permet de limiter l&#8217;aggravation de ces imperfections et d&#8217;aider \u00e0 les \u00e9liminer.<br \/>\n* Pr\u00e9valence 70 \u00e0 80% des adolescents (12-25 ans) 40% des femmes adultes &#8212; Dr\u00e9no B AnnDermatol Venerol 2010;137, supll.2 : S49-S51<\/p>\n<p>Avantage:<br \/>\nGr\u00e2ce \u00e0 l&#8217;action de l&#8217;acide glycolique, la cr\u00e8me KERACNYL GLYCOLIC+ cible les points noirs des peaux jeunes ou adultes \u00e0 tendance acn\u00e9ique et favorise leur disparition d\u00e8s 2 jours*.<\/p>\n<p>B\u00e9n\u00e9fices:<br \/>\n\u2022 FAVORISE la disparition des points noirs avec l&#8217;ACIDE GLYCOLIQUE, actif k\u00e9ratolytique, qui d\u00e9sincruste les pores et permet une exfoliation douce de la peau.<br \/>\n\u2022 FAVORISE le r\u00e9\u00e9quilibre de la flore bact\u00e9rienne et contribue \u00e0 \u00e9liminer les boutons avec l&#8217;extrait naturel de MYRTACINE\u00ae.<br \/>\n\u2022 PEUT ETRE UTILISE comme base de maquillage.<\/p>\n","protected":false},"excerpt":{"rendered":"<p>La cr\u00e8me KERACNYL GLYCOLIC+ cible les points noirs et les imperfections des peaux jeunes ou adultes \u00e0 tendance acn\u00e9ique et favorise leur disparition. Elle lutte \u00e9galement contre la brillance en r\u00e9gulant la production excessive de s\u00e9bum et lisse le grain de peau. Appliqu\u00e9e quotidiennement apr\u00e8s le nettoyage de la peau, elle constitue une tr\u00e8s bonne [&hellip;]<\/p>\n","protected":false},"featured_media":19091,"template":"","meta":[],"product_brand":[176],"product_cat":[15,140],"product_tag":[],"class_list":{"0":"post-18665","1":"product","2":"type-product","3":"status-publish","4":"has-post-thumbnail","6":"product_brand-ducray","7":"product_cat-tout","8":"product_cat-ducray","10":"first","11":"instock","12":"sale","13":"shipping-taxable","14":"purchasable","15":"product-type-simple"},"_links":{"self":[{"href":"https:\/\/para-mirava.ma\/index.php?rest_route=\/wp\/v2\/product\/18665","targetHints":{"allow":["GET"]}}],"collection":[{"href":"https:\/\/para-mirava.ma\/index.php?rest_route=\/wp\/v2\/product"}],"about":[{"href":"https:\/\/para-mirava.ma\/index.php?rest_route=\/wp\/v2\/types\/product"}],"wp:featuredmedia":[{"embeddable":true,"href":"https:\/\/para-mirava.ma\/index.php?rest_route=\/wp\/v2\/media\/19091"}],"wp:attachment":[{"href":"https:\/\/para-mirava.ma\/index.php?rest_route=%2Fwp%2Fv2%2Fmedia&parent=18665"}],"wp:term":[{"taxonomy":"product_brand","embeddable":true,"href":"https:\/\/para-mirava.ma\/index.php?rest_route=%2Fwp%2Fv2%2Fproduct_brand&post=18665"},{"taxonomy":"product_cat","embeddable":true,"href":"https:\/\/para-mirava.ma\/index.php?rest_route=%2Fwp%2Fv2%2Fproduct_cat&post=18665"},{"taxonomy":"product_tag","embeddable":true,"href":"https:\/\/para-mirava.ma\/index.php?rest_route=%2Fwp%2Fv2%2Fproduct_tag&post=18665"}],"curies":[{"name":"wp","href":"https:\/\/api.w.org\/{rel}","templated":true}]}}