{"id":18666,"date":"2026-03-14T19:29:46","date_gmt":"2026-03-14T19:29:46","guid":{"rendered":"https:\/\/para-mirava.ma\/?product=ducray-keracnyl-uv-fluide-anti-imperfections-50ml"},"modified":"2026-03-17T18:42:27","modified_gmt":"2026-03-17T18:42:27","slug":"ducray-keracnyl-uv-fluide-anti-imperfections-50ml","status":"publish","type":"product","link":"https:\/\/para-mirava.ma\/?product=ducray-keracnyl-uv-fluide-anti-imperfections-50ml","title":{"rendered":"DUCRAY KERACNYL UV FLUIDE ANTI IMPERFECTIONS 50ML"},"content":{"rendered":"<p>Le SOIN SOLAIRE KERACNYL UV Fluide anti-imperfections prot\u00e8ge la peau gr\u00e2ce \u00e0 des filtres UVA\/UVB brevet\u00e9s offrant un SPF50+.<\/p>\n<p>Il favorise l&#8217;\u00e9limination des imperfections gr\u00e2ce \u00e0 l&#8217;action combin\u00e9e et brevet\u00e9e de la myrtacine\u00ae et du c\u00e9lastrol, 2 actifs d&#8217;origine naturelle.<\/p>\n<p>Il limite &#8220;l&#8217;effet rebond&#8221; : leur r\u00e9apparition apr\u00e8s l&#8217;arr\u00eat de l&#8217;exposition aux UV*.<\/p>\n<p>Il offre un fini mat, un toucher sec et un contr\u00f4le durable de la brillance.<\/p>\n<p>Il r\u00e9siste \u00e0 l&#8217;eau et \u00e0 la transpiration, ne laisse pas de traces blanches et constitue une bonne base de maquillage.<\/p>\n<p>Il convient aux adultes et adolescents d\u00e8s l&#8217;\u00e2ge de 12 ans.<\/p>\n<p>Le mot de l&#8217;expert<\/p>\n<p>Le soleil est un faux ami des peaux \u00e0 imperfections et\/ou \u00e0 tendance acn\u00e9iques. Je recommande toujours \u00e0 mes patients de se prot\u00e9ger de ses rayons UV pour \u00e9viter le d\u00e9sagr\u00e9able retour en force des boutons qui intervient souvent apr\u00e8s la fin de l&#8217;exposition.<\/p>\n<p>B\u00e9n\u00e9fices<\/p>\n<p>\u2022 PROT\u00c8GE la peau \u00e0 tendance acn\u00e9ique des effets d\u00e9l\u00e9t\u00e8res du soleil gr\u00e2ce \u00e0 sa protection solaire UVA\/UVB<\/p>\n<p>\u2022 CIBLE l&#8217;origine des imperfections et favorise leur \u00e9limination<\/p>\n<p>\u2022 LIMITE &#8220;l&#8217;effet rebond&#8221;* : la r\u00e9apparition des imperfections apr\u00e8s l&#8217;arr\u00eat de l&#8217;exposition aux UV<\/p>\n","protected":false},"excerpt":{"rendered":"<p>Le SOIN SOLAIRE KERACNYL UV Fluide anti-imperfections prot\u00e8ge la peau gr\u00e2ce \u00e0 des filtres UVA\/UVB brevet\u00e9s offrant un SPF50+. Il favorise l&#8217;\u00e9limination des imperfections gr\u00e2ce \u00e0 l&#8217;action combin\u00e9e et brevet\u00e9e de la myrtacine\u00ae et du c\u00e9lastrol, 2 actifs d&#8217;origine naturelle. Il limite &#8220;l&#8217;effet rebond&#8221; : leur r\u00e9apparition apr\u00e8s l&#8217;arr\u00eat de l&#8217;exposition aux UV*. Il offre [&hellip;]<\/p>\n","protected":false},"featured_media":19092,"template":"","meta":[],"product_brand":[176],"product_cat":[15,140],"product_tag":[],"class_list":{"0":"post-18666","1":"product","2":"type-product","3":"status-publish","4":"has-post-thumbnail","6":"product_brand-ducray","7":"product_cat-tout","8":"product_cat-ducray","10":"first","11":"instock","12":"sale","13":"shipping-taxable","14":"purchasable","15":"product-type-simple"},"_links":{"self":[{"href":"https:\/\/para-mirava.ma\/index.php?rest_route=\/wp\/v2\/product\/18666","targetHints":{"allow":["GET"]}}],"collection":[{"href":"https:\/\/para-mirava.ma\/index.php?rest_route=\/wp\/v2\/product"}],"about":[{"href":"https:\/\/para-mirava.ma\/index.php?rest_route=\/wp\/v2\/types\/product"}],"wp:featuredmedia":[{"embeddable":true,"href":"https:\/\/para-mirava.ma\/index.php?rest_route=\/wp\/v2\/media\/19092"}],"wp:attachment":[{"href":"https:\/\/para-mirava.ma\/index.php?rest_route=%2Fwp%2Fv2%2Fmedia&parent=18666"}],"wp:term":[{"taxonomy":"product_brand","embeddable":true,"href":"https:\/\/para-mirava.ma\/index.php?rest_route=%2Fwp%2Fv2%2Fproduct_brand&post=18666"},{"taxonomy":"product_cat","embeddable":true,"href":"https:\/\/para-mirava.ma\/index.php?rest_route=%2Fwp%2Fv2%2Fproduct_cat&post=18666"},{"taxonomy":"product_tag","embeddable":true,"href":"https:\/\/para-mirava.ma\/index.php?rest_route=%2Fwp%2Fv2%2Fproduct_tag&post=18666"}],"curies":[{"name":"wp","href":"https:\/\/api.w.org\/{rel}","templated":true}]}}