{"id":18667,"date":"2026-03-14T19:29:46","date_gmt":"2026-03-14T19:29:46","guid":{"rendered":"https:\/\/para-mirava.ma\/?product=ducray-shp-extra-doux-400ml-new"},"modified":"2026-03-17T18:42:27","modified_gmt":"2026-03-17T18:42:27","slug":"ducray-shp-extra-doux-400ml-new","status":"publish","type":"product","link":"https:\/\/para-mirava.ma\/?product=ducray-shp-extra-doux-400ml-new","title":{"rendered":"DUCRAY SHP EXTRA-DOUX 400ML NEW"},"content":{"rendered":"<p>Le shampooing dermo-protecteur EXTRA-DOUX lave en douceur les cheveux de toute la famille gr\u00e2ce sa formule biod\u00e9gradable* haute tol\u00e9rance.<\/p>\n<p>Il respecte l&#8217;\u00e9quilibre du cuir chevelu et apporte hydratation, brillance et souplesse \u00e0 la chevelure.<\/p>\n<p>Tr\u00e8s agr\u00e9able au quotidien, il ne pique pas les yeux.<\/p>\n<p>Sa formule sans colorant ni silicone se compose uniquement de 11 ingr\u00e9dients \u00e0 91% d&#8217;ingr\u00e9dients d&#8217;origine naturelle.<\/p>\n<p>Il se pr\u00e9sente sous forme d&#8217;un flacon en 100% PET recycl\u00e9 et recyclable.<\/p>\n<p>Le mot de l&#8217;expert<\/p>\n<p>Le cheveu d\u00e9licat est un cheveu sain sollicit\u00e9 par diverses agressions. Le maintien de son \u00e9quilibre passe par :<\/p>\n<p>Un apport en \u00e9l\u00e9ments nutritifs adapt\u00e9 pour lui conf\u00e9rer r\u00e9sistance, brillance et souplesse.<\/p>\n<p>La minimisation des agressions li\u00e9es \u00e0 des nettoyages r\u00e9p\u00e9t\u00e9s.<\/p>\n<p>En lavant le cheveu, on enl\u00e8ve les salissures ainsi qu&#8217;une grande partie du s\u00e9bum. Il s&#8217;agit du processus de d\u00e9tergence. L&#8217;usage r\u00e9it\u00e9r\u00e9 d&#8217;une formule trop agressive est pr\u00e9judiciable au cheveu et augmente ainsi sa fragilit\u00e9 et sa capacit\u00e9 \u00e0 recapter les salissures. Il est donc recommand\u00e9 d&#8217;utiliser un shampooing le plus doux possible lors d&#8217;un usage fr\u00e9quent ou quotidien.<\/p>\n<p>B\u00e9n\u00e9fices<\/p>\n<p>\u2022 LAVE en douceur les cheveux de toute la famille (b\u00e9b\u00e9, enfant, adulte)<\/p>\n<p>\u2022 RESPECTE l&#8217;\u00e9quilibre du cuir chevelu et des cheveux<\/p>\n<p>\u2022 OFFRE une formule minimaliste \u00e0 91% d&#8217;ingr\u00e9dients d&#8217;origine naturelle<\/p>\n","protected":false},"excerpt":{"rendered":"<p>Le shampooing dermo-protecteur EXTRA-DOUX lave en douceur les cheveux de toute la famille gr\u00e2ce sa formule biod\u00e9gradable* haute tol\u00e9rance. Il respecte l&#8217;\u00e9quilibre du cuir chevelu et apporte hydratation, brillance et souplesse \u00e0 la chevelure. Tr\u00e8s agr\u00e9able au quotidien, il ne pique pas les yeux. Sa formule sans colorant ni silicone se compose uniquement de 11 [&hellip;]<\/p>\n","protected":false},"featured_media":19094,"template":"","meta":[],"product_brand":[176],"product_cat":[15,140],"product_tag":[],"class_list":{"0":"post-18667","1":"product","2":"type-product","3":"status-publish","4":"has-post-thumbnail","6":"product_brand-ducray","7":"product_cat-tout","8":"product_cat-ducray","10":"first","11":"instock","12":"sale","13":"shipping-taxable","14":"purchasable","15":"product-type-simple"},"_links":{"self":[{"href":"https:\/\/para-mirava.ma\/index.php?rest_route=\/wp\/v2\/product\/18667","targetHints":{"allow":["GET"]}}],"collection":[{"href":"https:\/\/para-mirava.ma\/index.php?rest_route=\/wp\/v2\/product"}],"about":[{"href":"https:\/\/para-mirava.ma\/index.php?rest_route=\/wp\/v2\/types\/product"}],"wp:featuredmedia":[{"embeddable":true,"href":"https:\/\/para-mirava.ma\/index.php?rest_route=\/wp\/v2\/media\/19094"}],"wp:attachment":[{"href":"https:\/\/para-mirava.ma\/index.php?rest_route=%2Fwp%2Fv2%2Fmedia&parent=18667"}],"wp:term":[{"taxonomy":"product_brand","embeddable":true,"href":"https:\/\/para-mirava.ma\/index.php?rest_route=%2Fwp%2Fv2%2Fproduct_brand&post=18667"},{"taxonomy":"product_cat","embeddable":true,"href":"https:\/\/para-mirava.ma\/index.php?rest_route=%2Fwp%2Fv2%2Fproduct_cat&post=18667"},{"taxonomy":"product_tag","embeddable":true,"href":"https:\/\/para-mirava.ma\/index.php?rest_route=%2Fwp%2Fv2%2Fproduct_tag&post=18667"}],"curies":[{"name":"wp","href":"https:\/\/api.w.org\/{rel}","templated":true}]}}