{"id":18668,"date":"2026-03-14T19:29:46","date_gmt":"2026-03-14T19:29:46","guid":{"rendered":"https:\/\/para-mirava.ma\/?product=ducray-kertyol-pso-baume-quotidien-200ml"},"modified":"2026-03-17T18:42:27","modified_gmt":"2026-03-17T18:42:27","slug":"ducray-kertyol-pso-baume-quotidien-200ml","status":"publish","type":"product","link":"https:\/\/para-mirava.ma\/?product=ducray-kertyol-pso-baume-quotidien-200ml","title":{"rendered":"DUCRAY KERTYOL PSO BAUME QUOTIDIEN 200ML"},"content":{"rendered":"<p>Le baume hydratant quotidien KERTYOL PSO accompagne de mani\u00e8re globale les peaux \u00e0 tendance psoriasique, tant au niveau des zones de la peau couvertes de plaques que des zones \u00e9pargn\u00e9es. Ce baume anti-grattage soulage les d\u00e9mangeaisons et contribue \u00e0 limiter l&#8217;apparition de nouvelles plaques. Sa formule contient les actifs sp\u00e9cifiques adapt\u00e9s aux peaux \u00e0 tendance psoriasique. Le C\u00c9LASTROL est un actif apaisant r\u00e9volutionnaire qui agit directement sur les k\u00e9ratinocytes (cellules de la couche superficielle de la peau), afin de diminuer l&#8217;apparition des plaques et ainsi am\u00e9liorer l&#8217;aspect de la peau. Le POLIDOCANOL quant \u00e0 lui, permet de soulager les d\u00e9mangeaisons et par cons\u00e9quent de limiter le grattage, facteur favorisant l&#8217;apparition de nouvelles pouss\u00e9es.<\/p>\n<p>Le mot de l&#8217;expert:<br \/>\nDes travaux r\u00e9cents montrent qu&#8217;au-del\u00e0 des plaques de psoriasis, la peau dite &lt;&lt; saine &gt;&gt;, n&#8217;est pas saine. En effet, il existe une inflammation sous cutan\u00e9e, non visible \u00e0 l&#8217;\u0153il nu, avec des anomalies de la barri\u00e8re cutan\u00e9e, et des d\u00e9mangeaisons. Il y a donc un r\u00e9el besoin de s&#8217;occuper de la peau psoriasique dans sa globalit\u00e9. Cela passe par l&#8217;utilisation quotidienne de soin hydratant sp\u00e9cifique, contenant des actifs qui vont limiter l&#8217;inflammation et les d\u00e9mangeaisons et ainsi limiter la r\u00e9apparition de nouvelles plaques.<\/p>\n<p>Avantage:<br \/>\nMoins 47%\u00b9 de s\u00e9cheresse cutan\u00e9e d\u00e8s huit jours d&#8217;utilisation. Moins 59%\u00b9 de d\u00e9mangeaisons* apr\u00e8s un mois d&#8217;application.<\/p>\n<p>B\u00e9n\u00e9fices:<br \/>\n\u2022 DIMINUE la s\u00e9cheresse cutan\u00e9e : la peau est moins s\u00e8che et plus confortable<br \/>\n\u2022 APAISE les d\u00e9mangeaisons* : le POLIDOCANOL aide \u00e0 calmer les d\u00e9mangeaisons li\u00e9es \u00e0 la s\u00e9cheresse cutan\u00e9e<br \/>\n\u2022 AMELIORE l&#8217;aspect de la peau : agit directement sur les k\u00e9ratinocytes (cellules de la couche superficielle de la peau) pour diminuer l&#8217;apparition des plaques et ainsi am\u00e9liorer l&#8217;aspect de la peau.<\/p>\n","protected":false},"excerpt":{"rendered":"<p>Le baume hydratant quotidien KERTYOL PSO accompagne de mani\u00e8re globale les peaux \u00e0 tendance psoriasique, tant au niveau des zones de la peau couvertes de plaques que des zones \u00e9pargn\u00e9es. Ce baume anti-grattage soulage les d\u00e9mangeaisons et contribue \u00e0 limiter l&#8217;apparition de nouvelles plaques. Sa formule contient les actifs sp\u00e9cifiques adapt\u00e9s aux peaux \u00e0 tendance [&hellip;]<\/p>\n","protected":false},"featured_media":19095,"template":"","meta":[],"product_brand":[176],"product_cat":[15,140],"product_tag":[],"class_list":{"0":"post-18668","1":"product","2":"type-product","3":"status-publish","4":"has-post-thumbnail","6":"product_brand-ducray","7":"product_cat-tout","8":"product_cat-ducray","10":"first","11":"instock","12":"sale","13":"shipping-taxable","14":"purchasable","15":"product-type-simple"},"_links":{"self":[{"href":"https:\/\/para-mirava.ma\/index.php?rest_route=\/wp\/v2\/product\/18668","targetHints":{"allow":["GET"]}}],"collection":[{"href":"https:\/\/para-mirava.ma\/index.php?rest_route=\/wp\/v2\/product"}],"about":[{"href":"https:\/\/para-mirava.ma\/index.php?rest_route=\/wp\/v2\/types\/product"}],"wp:featuredmedia":[{"embeddable":true,"href":"https:\/\/para-mirava.ma\/index.php?rest_route=\/wp\/v2\/media\/19095"}],"wp:attachment":[{"href":"https:\/\/para-mirava.ma\/index.php?rest_route=%2Fwp%2Fv2%2Fmedia&parent=18668"}],"wp:term":[{"taxonomy":"product_brand","embeddable":true,"href":"https:\/\/para-mirava.ma\/index.php?rest_route=%2Fwp%2Fv2%2Fproduct_brand&post=18668"},{"taxonomy":"product_cat","embeddable":true,"href":"https:\/\/para-mirava.ma\/index.php?rest_route=%2Fwp%2Fv2%2Fproduct_cat&post=18668"},{"taxonomy":"product_tag","embeddable":true,"href":"https:\/\/para-mirava.ma\/index.php?rest_route=%2Fwp%2Fv2%2Fproduct_tag&post=18668"}],"curies":[{"name":"wp","href":"https:\/\/api.w.org\/{rel}","templated":true}]}}