{"id":18669,"date":"2026-03-14T19:29:46","date_gmt":"2026-03-14T19:29:46","guid":{"rendered":"https:\/\/para-mirava.ma\/?product=ducray-squanorm-shampoing-pellicules-grasses-200ml"},"modified":"2026-03-17T18:42:27","modified_gmt":"2026-03-17T18:42:27","slug":"ducray-squanorm-shampoing-pellicules-grasses-200ml","status":"publish","type":"product","link":"https:\/\/para-mirava.ma\/?product=ducray-squanorm-shampoing-pellicules-grasses-200ml","title":{"rendered":"DUCRAY SQUANORM SHAMPOING PELLICULES GRASSES 200ML"},"content":{"rendered":"<p>Le shampooing antipelliculaire Pellicules grasses SQUANORM \u00e9limine durablement les pellicules grasses et assainit le cuir chevelu. Le GLYCOLATE DE GUANIDINE favorise une \u00e9limination rapide et durable des squames (cro\u00fbtes qui se d\u00e9tachent de la peau). En plus de son action antipelliculaire, le shampooing normalise la s\u00e9cr\u00e9tion excessive de s\u00e9bum gr\u00e2ce \u00e0 l&#8217;extrait de SABAL SERRULATA contenu dans sa formule. L&#8217;actif BISABOLOL apaise et calme les d\u00e9mangeaisons* li\u00e9es aux pellicules. Le shampooing agit \u00e9galement sur la beaut\u00e9 des cheveux : ils sont visiblement plus brillants, souples et l\u00e9gers.<\/p>\n<p>Le mot de l&#8217;expert :<br \/>\nLes pellicules grasses sont pr\u00e9sentes uniquement au niveau du cuir chevelu. Il s&#8217;agit d&#8217;une affection fr\u00e9quente et sans gravit\u00e9, mais qui peut avoir une r\u00e9percussion au quotidien en raison de son caract\u00e8re affichant. Il ne faut surtout pas culpabiliser car elles peuvent survenir sur tous les types de cheveux et leur apparition est ind\u00e9pendante de votre hygi\u00e8ne. De nombreux facteurs peuvent favoriser leur persistance et les r\u00e9cidives : le stress, la pollution, des produits capillaires inadapt\u00e9s ou m\u00eame un d\u00e9r\u00e8glement hormonal. Leur origine est toujours la m\u00eame : une hypers\u00e9cr\u00e9tion de s\u00e9bum qui favorise la prolif\u00e9ration d&#8217;une levure naturellement pr\u00e9sente sur le cuir chevelu. Cette levure devient alors irritante, fragilise la barri\u00e8re cutan\u00e9e et provoque une r\u00e9action de d\u00e9fense de votre cuir chevelu. Cela fait apparaitre des squames de grandes tailles, jaun\u00e2tres, \u00e9paisses et adh\u00e9rents aux cheveux associ\u00e9s parfois \u00e0 des d\u00e9mangeaisons. Le caract\u00e8re r\u00e9cidivant des pellicules doit vous inciter \u00e0 adopter une hygi\u00e8ne du cuir chevelu rigoureuse : des shampooings antipelliculaires adapt\u00e9s visant \u00e0 la fois l&#8217;exc\u00e8s de s\u00e9bum et le r\u00e9\u00e9quilibre de la flore microbienne locale.<\/p>\n<p>Avantage :<br \/>\n&#8220;Le shampooing antipelliculaire Pellicules grasses SQUANORM agit durablement sur les pellicules et r\u00e9gule la production du s\u00e9bum, m\u00eame apr\u00e8s l&#8217;arr\u00eat du shampooing.&#8221;<\/p>\n<p>B\u00e9n\u00e9fices :<br \/>\n\u2022 \u00c9LIMINE les pellicules grasses adh\u00e9rentes au cuir chevelu<br \/>\n\u2022 R\u00c9GULE et r\u00e9duit la production de s\u00e9bum<br \/>\n\u2022 CALME les d\u00e9mangeaisons* et apaise le cuir chevelu<\/p>\n","protected":false},"excerpt":{"rendered":"<p>Le shampooing antipelliculaire Pellicules grasses SQUANORM \u00e9limine durablement les pellicules grasses et assainit le cuir chevelu. Le GLYCOLATE DE GUANIDINE favorise une \u00e9limination rapide et durable des squames (cro\u00fbtes qui se d\u00e9tachent de la peau). En plus de son action antipelliculaire, le shampooing normalise la s\u00e9cr\u00e9tion excessive de s\u00e9bum gr\u00e2ce \u00e0 l&#8217;extrait de SABAL SERRULATA [&hellip;]<\/p>\n","protected":false},"featured_media":19096,"template":"","meta":[],"product_brand":[176],"product_cat":[15,140],"product_tag":[],"class_list":{"0":"post-18669","1":"product","2":"type-product","3":"status-publish","4":"has-post-thumbnail","6":"product_brand-ducray","7":"product_cat-tout","8":"product_cat-ducray","10":"first","11":"instock","12":"sale","13":"shipping-taxable","14":"purchasable","15":"product-type-simple"},"_links":{"self":[{"href":"https:\/\/para-mirava.ma\/index.php?rest_route=\/wp\/v2\/product\/18669","targetHints":{"allow":["GET"]}}],"collection":[{"href":"https:\/\/para-mirava.ma\/index.php?rest_route=\/wp\/v2\/product"}],"about":[{"href":"https:\/\/para-mirava.ma\/index.php?rest_route=\/wp\/v2\/types\/product"}],"wp:featuredmedia":[{"embeddable":true,"href":"https:\/\/para-mirava.ma\/index.php?rest_route=\/wp\/v2\/media\/19096"}],"wp:attachment":[{"href":"https:\/\/para-mirava.ma\/index.php?rest_route=%2Fwp%2Fv2%2Fmedia&parent=18669"}],"wp:term":[{"taxonomy":"product_brand","embeddable":true,"href":"https:\/\/para-mirava.ma\/index.php?rest_route=%2Fwp%2Fv2%2Fproduct_brand&post=18669"},{"taxonomy":"product_cat","embeddable":true,"href":"https:\/\/para-mirava.ma\/index.php?rest_route=%2Fwp%2Fv2%2Fproduct_cat&post=18669"},{"taxonomy":"product_tag","embeddable":true,"href":"https:\/\/para-mirava.ma\/index.php?rest_route=%2Fwp%2Fv2%2Fproduct_tag&post=18669"}],"curies":[{"name":"wp","href":"https:\/\/api.w.org\/{rel}","templated":true}]}}