{"id":18671,"date":"2026-03-14T19:29:47","date_gmt":"2026-03-14T19:29:47","guid":{"rendered":"https:\/\/para-mirava.ma\/?product=ducray-sensinol-serum-30ml-le-serum-apaisant"},"modified":"2026-03-17T18:42:26","modified_gmt":"2026-03-17T18:42:26","slug":"ducray-sensinol-serum-30ml-le-serum-apaisant","status":"publish","type":"product","link":"https:\/\/para-mirava.ma\/?product=ducray-sensinol-serum-30ml-le-serum-apaisant","title":{"rendered":"DUCRAY SENSINOL SERUM 30ML Le s\u00e9rum apaisant"},"content":{"rendered":"<p>Le s\u00e9rum apaisant physio-protecteur SENSINOL calme instantan\u00e9ment les fortes d\u00e9mangeaisons dues au dess\u00e8chement cutan\u00e9 des cuirs chevelus sensibles.<\/p>\n<p>Une solution sans rin\u00e7age qui offre donc un soulagement imm\u00e9diat et perdure jusqu&#8217;\u00e0 une semaine apr\u00e8s l&#8217;application.<\/p>\n<p>Ne graisse pas les cheveux et respecte la coloration capillaire.<\/p>\n<p>Le mot de l&#8217;expert :<br \/>\nSelon une \u00e9tude \u00e9pid\u00e9miologique* de 2008, un cuir chevelu sensible concerne pr\u00e8s d&#8217;une personne sur deux, et se d\u00e9finit par 5 signes: les d\u00e9mangeaisons (N\u00b01), picotements, tiraillements, sensations de br\u00fblure, et douleur. Mais lorsqu&#8217;ils surviennent de fa\u00e7on isol\u00e9e, ils d\u00e9finissent le cuir chevelu sensible.<br \/>\nDe nombreux facteurs peuvent d\u00e9clencher ces sympt\u00f4mes, notamment la s\u00e9cheresse de l&#8217;air, la chaleur ou le froid, la pollution, le stress, mais aussi des shampooings inadapt\u00e9s.<br \/>\n* Misery L,Sibaud V, Ambonati M, Macy G,Boussetta S, Ta\u00eeeb C. &lt;&lt; Sensitice scalp: does this condition exist? An epidemiological study &gt;&gt; .Contact dermatitis Vol 58, n\u00b04<\/p>\n<p>Avantage : &#8220;Sensations d&#8217;inconfort apais\u00e9es \u00e0 80%\u00b9.&#8221;<\/p>\n<p>B\u00e9n\u00e9fices :<br \/>\n&#8211; CALME instantan\u00e9ment les sensations de d\u00e9mangeaisons du cuir chevelu<br \/>\n&#8211; PROCURE un soulagement imm\u00e9diat et durable<br \/>\n&#8211; SOIN SANS RINCAGE, ne graisse pas les cheveux<\/p>\n","protected":false},"excerpt":{"rendered":"<p>Le s\u00e9rum apaisant physio-protecteur SENSINOL calme instantan\u00e9ment les fortes d\u00e9mangeaisons dues au dess\u00e8chement cutan\u00e9 des cuirs chevelus sensibles. Une solution sans rin\u00e7age qui offre donc un soulagement imm\u00e9diat et perdure jusqu&#8217;\u00e0 une semaine apr\u00e8s l&#8217;application. Ne graisse pas les cheveux et respecte la coloration capillaire. Le mot de l&#8217;expert : Selon une \u00e9tude \u00e9pid\u00e9miologique* de [&hellip;]<\/p>\n","protected":false},"featured_media":19086,"template":"","meta":[],"product_brand":[176],"product_cat":[15,140],"product_tag":[],"class_list":{"0":"post-18671","1":"product","2":"type-product","3":"status-publish","4":"has-post-thumbnail","6":"product_brand-ducray","7":"product_cat-tout","8":"product_cat-ducray","10":"first","11":"instock","12":"sale","13":"shipping-taxable","14":"purchasable","15":"product-type-simple"},"_links":{"self":[{"href":"https:\/\/para-mirava.ma\/index.php?rest_route=\/wp\/v2\/product\/18671","targetHints":{"allow":["GET"]}}],"collection":[{"href":"https:\/\/para-mirava.ma\/index.php?rest_route=\/wp\/v2\/product"}],"about":[{"href":"https:\/\/para-mirava.ma\/index.php?rest_route=\/wp\/v2\/types\/product"}],"wp:featuredmedia":[{"embeddable":true,"href":"https:\/\/para-mirava.ma\/index.php?rest_route=\/wp\/v2\/media\/19086"}],"wp:attachment":[{"href":"https:\/\/para-mirava.ma\/index.php?rest_route=%2Fwp%2Fv2%2Fmedia&parent=18671"}],"wp:term":[{"taxonomy":"product_brand","embeddable":true,"href":"https:\/\/para-mirava.ma\/index.php?rest_route=%2Fwp%2Fv2%2Fproduct_brand&post=18671"},{"taxonomy":"product_cat","embeddable":true,"href":"https:\/\/para-mirava.ma\/index.php?rest_route=%2Fwp%2Fv2%2Fproduct_cat&post=18671"},{"taxonomy":"product_tag","embeddable":true,"href":"https:\/\/para-mirava.ma\/index.php?rest_route=%2Fwp%2Fv2%2Fproduct_tag&post=18671"}],"curies":[{"name":"wp","href":"https:\/\/api.w.org\/{rel}","templated":true}]}}