{"id":18672,"date":"2026-03-14T19:29:47","date_gmt":"2026-03-14T19:29:47","guid":{"rendered":"https:\/\/para-mirava.ma\/?product=ducray-gel-rubefiant-30ml"},"modified":"2026-03-17T18:42:26","modified_gmt":"2026-03-17T18:42:26","slug":"ducray-gel-rubefiant-30ml","status":"publish","type":"product","link":"https:\/\/para-mirava.ma\/?product=ducray-gel-rubefiant-30ml","title":{"rendered":"DUCRAY GEL RUBEFIANT 30ML"},"content":{"rendered":"<p>Le GEL RUBEFIANT Tonique Capillaire est un soin sans rin\u00e7age qui limite les chutes de cheveux par plaques en stimulant le cuir chevelu et en favorisant la nutrition des bulbes pilaires.<\/p>\n<p>Ses propri\u00e9t\u00e9s tonifiantes permettent de stimuler le cuir chevelu et favoriser la nutrition du bulbe pilaire en stimulant la microcirculation, permettant de renforcer les cheveux.<\/p>\n<p>Le mot de l&#8217;expert :<br \/>\nCertains \u00e9tats n\u00e9cessitent l&#8217;application d&#8217;un tonique capillaire.<\/p>\n<p>Avantage :<br \/>\nLe GEL RUBEFIANT Tonique Capillaire p\u00e9n\u00e8tre rapidement et am\u00e9liore la microcirculation cutan\u00e9e du cuir chevelu.<\/p>\n<p>B\u00e9n\u00e9fices :<br \/>\nIl STIMULE et tonifie le cuir chevelu.<br \/>\nSTIMULE la microcirculation g\u00e9n\u00e9ralement.<br \/>\nFAVORISE la nutrition du bulbe pilaire.<\/p>\n<p>La chute des cheveux au quotidien peut \u00eatre consid\u00e9r\u00e9e comme une affection b\u00e9nigne, mais elle peut provoquer une grande d\u00e9tresse psychologique chez les patients concern\u00e9s.<br \/>\nIl s&#8217;agit d&#8217;ailleurs d&#8217;un motif de consultation fr\u00e9quent en dermatologie. Objectif : trouver la ou les causes de la chute de cheveux.<br \/>\nCependant, identifier l&#8217;origine d&#8217;un mal n&#8217;est pas toujours simple et ce malgr\u00e9 des facteurs qui restent courants&#8230;<\/p>\n<p>CONSEILS D&#8217;APPLICATION :<br \/>\nPremi\u00e8rement, appliquer le gel rub\u00e9fiant sur la ou les zones concern\u00e9es.<br \/>\nDeuxi\u00e8me \u00e9tape : Masser l\u00e9g\u00e8rement.<br \/>\nNe pas rincer finalement.<\/p>\n<p>Notre recommandation : utiliser ce gel une fois par jour pendant 3 mois.<br \/>\nNe pas utiliser sur peaux l\u00e9s\u00e9es.<\/p>\n","protected":false},"excerpt":{"rendered":"<p>Le GEL RUBEFIANT Tonique Capillaire est un soin sans rin\u00e7age qui limite les chutes de cheveux par plaques en stimulant le cuir chevelu et en favorisant la nutrition des bulbes pilaires. Ses propri\u00e9t\u00e9s tonifiantes permettent de stimuler le cuir chevelu et favoriser la nutrition du bulbe pilaire en stimulant la microcirculation, permettant de renforcer les [&hellip;]<\/p>\n","protected":false},"featured_media":19087,"template":"","meta":[],"product_brand":[176],"product_cat":[15,140],"product_tag":[],"class_list":{"0":"post-18672","1":"product","2":"type-product","3":"status-publish","4":"has-post-thumbnail","6":"product_brand-ducray","7":"product_cat-tout","8":"product_cat-ducray","10":"first","11":"instock","12":"sale","13":"shipping-taxable","14":"purchasable","15":"product-type-simple"},"_links":{"self":[{"href":"https:\/\/para-mirava.ma\/index.php?rest_route=\/wp\/v2\/product\/18672","targetHints":{"allow":["GET"]}}],"collection":[{"href":"https:\/\/para-mirava.ma\/index.php?rest_route=\/wp\/v2\/product"}],"about":[{"href":"https:\/\/para-mirava.ma\/index.php?rest_route=\/wp\/v2\/types\/product"}],"wp:featuredmedia":[{"embeddable":true,"href":"https:\/\/para-mirava.ma\/index.php?rest_route=\/wp\/v2\/media\/19087"}],"wp:attachment":[{"href":"https:\/\/para-mirava.ma\/index.php?rest_route=%2Fwp%2Fv2%2Fmedia&parent=18672"}],"wp:term":[{"taxonomy":"product_brand","embeddable":true,"href":"https:\/\/para-mirava.ma\/index.php?rest_route=%2Fwp%2Fv2%2Fproduct_brand&post=18672"},{"taxonomy":"product_cat","embeddable":true,"href":"https:\/\/para-mirava.ma\/index.php?rest_route=%2Fwp%2Fv2%2Fproduct_cat&post=18672"},{"taxonomy":"product_tag","embeddable":true,"href":"https:\/\/para-mirava.ma\/index.php?rest_route=%2Fwp%2Fv2%2Fproduct_tag&post=18672"}],"curies":[{"name":"wp","href":"https:\/\/api.w.org\/{rel}","templated":true}]}}