{"id":18674,"date":"2026-03-14T19:29:47","date_gmt":"2026-03-14T19:29:47","guid":{"rendered":"https:\/\/para-mirava.ma\/?product=ducray-squanorm-lotion-anti-pelliculaire-la-lotion-au-zinc"},"modified":"2026-03-17T18:42:27","modified_gmt":"2026-03-17T18:42:27","slug":"ducray-squanorm-lotion-anti-pelliculaire-la-lotion-au-zinc","status":"publish","type":"product","link":"https:\/\/para-mirava.ma\/?product=ducray-squanorm-lotion-anti-pelliculaire-la-lotion-au-zinc","title":{"rendered":"DUCRAY SQUANORM LOTION ANTI-PELLICULAIRE La lotion au ZINC"},"content":{"rendered":"<p>La lotion au ZINC antipelliculaire SQUANORM est un soin sans rin\u00e7age, compl\u00e9mentaire des shampoings traitants antipelliculaires.<\/p>\n<p>Un soin antipelliculaire qui apaise les d\u00e9mangeaisons* et assainit le cuir chevelu.<\/p>\n<p>En plus de son action antipelliculaire, la lotion sans rin\u00e7age sublime les cheveux en les rendant plus doux, l\u00e9gers et faciles \u00e0 coiffer.<\/p>\n<p>Le mot de l&#8217;expert :<br \/>\nLe stress, la pollution, un d\u00e9r\u00e8glement hormonal, certains traitements m\u00e9dicamenteux, l&#8217;usage de produits capillaires inadapt\u00e9s peuvent favoriser l&#8217;apparition de pellicules. Finalement, ces divers facteurs entra\u00eenent la prolif\u00e9ration d&#8217;une levure appel\u00e9e Malassezia furfur qui cr\u00e9e un d\u00e9s\u00e9quilibre au niveau du cuir chevelu et provoque irritations et d\u00e9mangeaisons.<\/p>\n<p>Ainsi, il peut appara\u00eetre deux types de pellicules :<br \/>\nLes pellicules s\u00e8ches : fines, blanches ou gris\u00e2tres. Non adh\u00e9rentes au cuir chevelu, elles se d\u00e9tachent spontan\u00e9ment et tombent \u00ab en poudre \u00bb sur les \u00e9paules.<br \/>\nLes pellicules grasses : de grandes tailles, jaun\u00e2tres, grasses et \u00e9paisses, adh\u00e9rentes car accompagn\u00e9es d&#8217;une hyperm\u00e9norrh\u00e9e du cuir chevelu.<\/p>\n<p>Avantage :<br \/>\nMoins 97 % de d\u00e9mangeaisons et donc pellicules \u00e9limin\u00e9es li\u00e9es \u00e0 la s\u00e9cheresse cutan\u00e9e.<br \/>\n\u00c9tude sous contr\u00f4le dermatologique effectu\u00e9e aupr\u00e8s de 32 sujets de 13 \u00e0 55 ans (28 femmes et quatre hommes) pr\u00e9sentant un \u00e9tat pelliculaire gras ou sec, l\u00e9ger \u00e0 mod\u00e9r\u00e9, associ\u00e9 \u00e0 des d\u00e9mangeaisons.<br \/>\nApplication quotidienne de la lotion antipelliculaire squanorm pendant quatre semaines cons\u00e9cutives, en association avec un shampoing neutre en g\u00e9n\u00e9ral.<br \/>\nPourcentage d&#8217;avis positifs.<\/p>\n<p>B\u00e9n\u00e9fices :<br \/>\nCONVIENT \u00e0 tous les types de pellicules : pellicules s\u00e8ches ou grasses.<br \/>\nAPAIS\u00c9 les d\u00e9mangeaisons* et calme les irritations.<br \/>\nASSAINIT le cuir chevelu sans le graisser.<\/p>\n<p>La chute occasionnelle d&#8217;apparition brutale appel\u00e9e effluvium t\u00e9log\u00e8ne aigu, progressive et prolong\u00e9e appel\u00e9e effluvium t\u00e9log\u00e8ne chronique, chute de cheveux li\u00e9e \u00e0 des troubles hormonaux dans un contexte de terrain g\u00e9n\u00e9tique, et enfin, avec l&#8217;\u00e2ge, une perte de densit\u00e9 et de masse capillaire, appel\u00e9e alop\u00e9cie s\u00e9nescente.<br \/>\nToutes ces chutes sont diff\u00e9rentes car elles sont dues \u00e0 des modifications diff\u00e9rentes du cycle du cheveu (cycle pilaire) et donc elles doivent \u00eatre trait\u00e9es de mani\u00e8res diff\u00e9rentes.<\/p>\n<p>DUCRAY SQUANORM LOTION ANTI-PELLICULAIRE disponible dans votre Parapharmacie en ligne C\u00f4t\u00e9 para \u00e0 Prix discount, livraison Partout Au Maroc.<\/p>\n","protected":false},"excerpt":{"rendered":"<p>La lotion au ZINC antipelliculaire SQUANORM est un soin sans rin\u00e7age, compl\u00e9mentaire des shampoings traitants antipelliculaires. Un soin antipelliculaire qui apaise les d\u00e9mangeaisons* et assainit le cuir chevelu. En plus de son action antipelliculaire, la lotion sans rin\u00e7age sublime les cheveux en les rendant plus doux, l\u00e9gers et faciles \u00e0 coiffer. Le mot de l&#8217;expert [&hellip;]<\/p>\n","protected":false},"featured_media":19089,"template":"","meta":[],"product_brand":[176],"product_cat":[15,140],"product_tag":[],"class_list":{"0":"post-18674","1":"product","2":"type-product","3":"status-publish","4":"has-post-thumbnail","6":"product_brand-ducray","7":"product_cat-tout","8":"product_cat-ducray","10":"first","11":"instock","12":"sale","13":"shipping-taxable","14":"purchasable","15":"product-type-simple"},"_links":{"self":[{"href":"https:\/\/para-mirava.ma\/index.php?rest_route=\/wp\/v2\/product\/18674","targetHints":{"allow":["GET"]}}],"collection":[{"href":"https:\/\/para-mirava.ma\/index.php?rest_route=\/wp\/v2\/product"}],"about":[{"href":"https:\/\/para-mirava.ma\/index.php?rest_route=\/wp\/v2\/types\/product"}],"wp:featuredmedia":[{"embeddable":true,"href":"https:\/\/para-mirava.ma\/index.php?rest_route=\/wp\/v2\/media\/19089"}],"wp:attachment":[{"href":"https:\/\/para-mirava.ma\/index.php?rest_route=%2Fwp%2Fv2%2Fmedia&parent=18674"}],"wp:term":[{"taxonomy":"product_brand","embeddable":true,"href":"https:\/\/para-mirava.ma\/index.php?rest_route=%2Fwp%2Fv2%2Fproduct_brand&post=18674"},{"taxonomy":"product_cat","embeddable":true,"href":"https:\/\/para-mirava.ma\/index.php?rest_route=%2Fwp%2Fv2%2Fproduct_cat&post=18674"},{"taxonomy":"product_tag","embeddable":true,"href":"https:\/\/para-mirava.ma\/index.php?rest_route=%2Fwp%2Fv2%2Fproduct_tag&post=18674"}],"curies":[{"name":"wp","href":"https:\/\/api.w.org\/{rel}","templated":true}]}}