{"id":18676,"date":"2026-03-14T19:29:47","date_gmt":"2026-03-14T19:29:47","guid":{"rendered":"https:\/\/para-mirava.ma\/?product=ducray-kelual-ds-creme-40ml-new"},"modified":"2026-03-17T18:42:27","modified_gmt":"2026-03-17T18:42:27","slug":"ducray-kelual-ds-creme-40ml-new","status":"publish","type":"product","link":"https:\/\/para-mirava.ma\/?product=ducray-kelual-ds-creme-40ml-new","title":{"rendered":"DUCRAY KELUAL DS CREME 40ML NEW"},"content":{"rendered":"<p>La cr\u00e8me apaisante squamor\u00e9ductrice KELUAL DS apaise les rougeurs et les irritations de la peau, \u00e9limine les squames (de fines lamelles de peau qui se d\u00e9tachent) et pr\u00e9vient durablement leur r\u00e9apparition*.<\/p>\n<p>Sp\u00e9cifiquement formul\u00e9e pour soulager les peaux irrit\u00e9es, ce soin anti-r\u00e9cidive s&#8217;utilise en phase d&#8217;attaque ou en phase d&#8217;entretien.<\/p>\n<p>Convient pour une application sur le visage avec une tr\u00e8s bonne tol\u00e9rance oculaire.<\/p>\n<p>Sa texture est l\u00e9g\u00e8re, non grasse et non collante.<\/p>\n<p>Le mot de l&#8217;expert<\/p>\n<p>Les peaux irrit\u00e9es et s\u00e9bosquameuses si\u00e8gent sur les zones les plus riches en glandes s\u00e9bac\u00e9es. Cet \u00e9tat n&#8217;est pas li\u00e9 \u00e0 une hypers\u00e9borrh\u00e9e, mais plut\u00f4t \u00e0 une r\u00e9action cutan\u00e9e secondaire \u00e0 la pr\u00e9sence de champignons microscopiques (genre Malassezia). Elles se manifestent par des plaques rouges plus ou moins squameuses (cellules mortes), parfois tr\u00e8s irritantes, qui si\u00e8gent en des endroits bien pr\u00e9cis : sillons naso-g\u00e9niens, ailes du nez, paupi\u00e8res et sourcils. Au niveau du cuir chevelu, cet \u00e9tat se manifeste par des pellicules grasses, jaun\u00e2tres, qui surmontent des plaques rouges . celles-ci peuvent d\u00e9border sur le front et derri\u00e8re les oreilles et s&#8217;accompagnent fr\u00e9quemment de fortes irritations.<\/p>\n<p>Avantage<\/p>\n<p>Efficacit\u00e9 associ\u00e9e \u00e0 une texture non collante, l\u00e9g\u00e8re et au parfum agr\u00e9able.<\/p>\n<p>B\u00e9n\u00e9fices<\/p>\n<p>\u2022 APAISE les rougeurs et les irritations de la peau<\/p>\n<p>\u2022 DIMINUE les squames (cro\u00fbtes qui se d\u00e9tachent de la peau)<\/p>\n<p>\u2022 LIMITE les r\u00e9cidives*<\/p>\n","protected":false},"excerpt":{"rendered":"<p>La cr\u00e8me apaisante squamor\u00e9ductrice KELUAL DS apaise les rougeurs et les irritations de la peau, \u00e9limine les squames (de fines lamelles de peau qui se d\u00e9tachent) et pr\u00e9vient durablement leur r\u00e9apparition*. Sp\u00e9cifiquement formul\u00e9e pour soulager les peaux irrit\u00e9es, ce soin anti-r\u00e9cidive s&#8217;utilise en phase d&#8217;attaque ou en phase d&#8217;entretien. Convient pour une application sur le [&hellip;]<\/p>\n","protected":false},"featured_media":19083,"template":"","meta":[],"product_brand":[176],"product_cat":[15,140],"product_tag":[],"class_list":{"0":"post-18676","1":"product","2":"type-product","3":"status-publish","4":"has-post-thumbnail","6":"product_brand-ducray","7":"product_cat-tout","8":"product_cat-ducray","10":"first","11":"instock","12":"sale","13":"shipping-taxable","14":"purchasable","15":"product-type-simple"},"_links":{"self":[{"href":"https:\/\/para-mirava.ma\/index.php?rest_route=\/wp\/v2\/product\/18676","targetHints":{"allow":["GET"]}}],"collection":[{"href":"https:\/\/para-mirava.ma\/index.php?rest_route=\/wp\/v2\/product"}],"about":[{"href":"https:\/\/para-mirava.ma\/index.php?rest_route=\/wp\/v2\/types\/product"}],"wp:featuredmedia":[{"embeddable":true,"href":"https:\/\/para-mirava.ma\/index.php?rest_route=\/wp\/v2\/media\/19083"}],"wp:attachment":[{"href":"https:\/\/para-mirava.ma\/index.php?rest_route=%2Fwp%2Fv2%2Fmedia&parent=18676"}],"wp:term":[{"taxonomy":"product_brand","embeddable":true,"href":"https:\/\/para-mirava.ma\/index.php?rest_route=%2Fwp%2Fv2%2Fproduct_brand&post=18676"},{"taxonomy":"product_cat","embeddable":true,"href":"https:\/\/para-mirava.ma\/index.php?rest_route=%2Fwp%2Fv2%2Fproduct_cat&post=18676"},{"taxonomy":"product_tag","embeddable":true,"href":"https:\/\/para-mirava.ma\/index.php?rest_route=%2Fwp%2Fv2%2Fproduct_tag&post=18676"}],"curies":[{"name":"wp","href":"https:\/\/api.w.org\/{rel}","templated":true}]}}