{"id":18677,"date":"2026-03-14T19:29:47","date_gmt":"2026-03-14T19:29:47","guid":{"rendered":"https:\/\/para-mirava.ma\/?product=ducray-kertyol-pso-gel-nettoyant-400ml"},"modified":"2026-03-17T18:42:27","modified_gmt":"2026-03-17T18:42:27","slug":"ducray-kertyol-pso-gel-nettoyant-400ml","status":"publish","type":"product","link":"https:\/\/para-mirava.ma\/?product=ducray-kertyol-pso-gel-nettoyant-400ml","title":{"rendered":"DUCRAY KERTYOL PSO GEL NETTOYANT 400ML"},"content":{"rendered":"<p>Le gel nettoyant surgras KERTYOL PSO est un soin d&#8217;hygi\u00e8ne sp\u00e9cialement con\u00e7u et adapt\u00e9 pour les peaux \u00e0 tendance psoriasique.<\/p>\n<p>Sa formule contient des actifs sp\u00e9cifiques adapt\u00e9s aux peaux \u00e0 tendance psoriasique, dont le C\u00c9LASTROL.<\/p>\n<p>Cet apaisant r\u00e9volutionnaire agit directement sur les k\u00e9ratinocytes (cellules de la couche superficielle de la peau) afin de diminuer l&#8217;apparition des plaques et ainsi am\u00e9liorer l&#8217;aspect cutan\u00e9.<\/p>\n<p>Le mot de l&#8217;expert<br \/>\nLa peau psoriasique n&#8217;est pas une peau &#8220;classique&#8221;. Elle n\u00e9cessite des soins adapt\u00e9s mais aussi une hygi\u00e8ne adapt\u00e9e.<\/p>\n<p>Avantage<br \/>\nPeau apais\u00e9e. 100%\u00b9 des patients retrouvent une peau confortable et apais\u00e9e, imm\u00e9diatement apr\u00e8s utilisation.<\/p>\n<p>B\u00e9n\u00e9fices<br \/>\n\u2022 APAISE la peau : apr\u00e8s utilisation, la peau est confortable et souple gr\u00e2ce \u00e0 la GLYC\u00c9RINE, actif hydratant*<br \/>\n\u2022 PARFUME d\u00e9licatement la peau<br \/>\n\u2022 OFFRE une mousse g\u00e9n\u00e9reuse et onctueuse<\/p>\n","protected":false},"excerpt":{"rendered":"<p>Le gel nettoyant surgras KERTYOL PSO est un soin d&#8217;hygi\u00e8ne sp\u00e9cialement con\u00e7u et adapt\u00e9 pour les peaux \u00e0 tendance psoriasique. Sa formule contient des actifs sp\u00e9cifiques adapt\u00e9s aux peaux \u00e0 tendance psoriasique, dont le C\u00c9LASTROL. Cet apaisant r\u00e9volutionnaire agit directement sur les k\u00e9ratinocytes (cellules de la couche superficielle de la peau) afin de diminuer l&#8217;apparition [&hellip;]<\/p>\n","protected":false},"featured_media":19085,"template":"","meta":[],"product_brand":[176],"product_cat":[15,140],"product_tag":[],"class_list":{"0":"post-18677","1":"product","2":"type-product","3":"status-publish","4":"has-post-thumbnail","6":"product_brand-ducray","7":"product_cat-tout","8":"product_cat-ducray","10":"first","11":"instock","12":"sale","13":"shipping-taxable","14":"purchasable","15":"product-type-simple"},"_links":{"self":[{"href":"https:\/\/para-mirava.ma\/index.php?rest_route=\/wp\/v2\/product\/18677","targetHints":{"allow":["GET"]}}],"collection":[{"href":"https:\/\/para-mirava.ma\/index.php?rest_route=\/wp\/v2\/product"}],"about":[{"href":"https:\/\/para-mirava.ma\/index.php?rest_route=\/wp\/v2\/types\/product"}],"wp:featuredmedia":[{"embeddable":true,"href":"https:\/\/para-mirava.ma\/index.php?rest_route=\/wp\/v2\/media\/19085"}],"wp:attachment":[{"href":"https:\/\/para-mirava.ma\/index.php?rest_route=%2Fwp%2Fv2%2Fmedia&parent=18677"}],"wp:term":[{"taxonomy":"product_brand","embeddable":true,"href":"https:\/\/para-mirava.ma\/index.php?rest_route=%2Fwp%2Fv2%2Fproduct_brand&post=18677"},{"taxonomy":"product_cat","embeddable":true,"href":"https:\/\/para-mirava.ma\/index.php?rest_route=%2Fwp%2Fv2%2Fproduct_cat&post=18677"},{"taxonomy":"product_tag","embeddable":true,"href":"https:\/\/para-mirava.ma\/index.php?rest_route=%2Fwp%2Fv2%2Fproduct_tag&post=18677"}],"curies":[{"name":"wp","href":"https:\/\/api.w.org\/{rel}","templated":true}]}}