{"id":18832,"date":"2026-03-14T19:49:09","date_gmt":"2026-03-14T19:49:09","guid":{"rendered":"https:\/\/para-mirava.ma\/?product=eucerin-dermopure-fluide-protecteur-spf30-2"},"modified":"2026-03-17T18:43:05","modified_gmt":"2026-03-17T18:43:05","slug":"eucerin-dermopure-fluide-protecteur-spf30-2","status":"publish","type":"product","link":"https:\/\/para-mirava.ma\/?product=eucerin-dermopure-fluide-protecteur-spf30-2","title":{"rendered":"EUCERIN DERMOPURE FLUIDE PROTECTEUR SPF30"},"content":{"rendered":"<p>Fluide protecteur SPF 30 pour les peaux sujettes aux imperfections avec marques de boutons.<\/p>\n<p>Les impuret\u00e9s s\u00e9v\u00e8res du visage sont une r\u00e9alit\u00e9 pour une grande partie de la population, touchant jusqu&#8217;\u00e0 95 % des adolescents et 40 % des adultes. De nombreuses personnes souffrent de marques de boutons longtemps apr\u00e8s la disparition des imperfections, et ces marques peuvent persister plusieurs ann\u00e9es, le soleil aggravant les sympt\u00f4mes.<\/p>\n<p>Eucerin DERMOPURE Fluide protecteur SPF 30 permet de lutter efficacement contre les imperfections et les marques de boutons gr\u00e2ce \u00e0 trois actions cl\u00e9s :<\/p>\n<p>1. **Pr\u00e9vient l&#8217;assombrissement des marques de boutons :** Les filtres SPF 30, A et B prot\u00e8gent la peau d&#8217;un assombrissement photo-induit des marques de boutons et pr\u00e9viennent leur r\u00e9apparition.<br \/>\n2. **Anti-impuret\u00e9s :** Le d\u00e9candiol aux propri\u00e9t\u00e9s antibact\u00e9riennes aide \u00e0 pr\u00e9venir les impuret\u00e9s, et la licochalcone A apaise les irritations cutan\u00e9es.<br \/>\n3. **Anti-brillance :** La technologie de r\u00e9gulation du s\u00e9bum r\u00e9duit la production de s\u00e9bum et offre un fini mat de longue dur\u00e9e.<\/p>\n<p>Eucerin DERMOPURE Fluide protecteur SPF 30 est encore plus efficace s&#8217;il est utilis\u00e9 en association avec Eucerin DERMOPURE Triple Effect Serum.<\/p>\n<p>Des \u00e9tudes montrent que les personnes interrog\u00e9es ont \u00e9t\u00e9 soulag\u00e9es par les produits, am\u00e9liorant ainsi leur qualit\u00e9 de vie. Elles rapportent que ces produits sont les plus efficaces contre les marques de boutons, compar\u00e9s \u00e0 tous ceux qu&#8217;elles ont d\u00e9j\u00e0 essay\u00e9s. 95 % des participantes \u00e0 une \u00e9tude r\u00e9cente ont confirm\u00e9 que l&#8217;utilisation du s\u00e9rum en association avec le Fluide protecteur SPF 30 permet de lutter contre les imperfections et les marques de boutons.<\/p>\n<p>Tests scientifiques :<br \/>\nDes tests scientifiques prouvent la tr\u00e8s bonne tol\u00e9rance cutan\u00e9e et l&#8217;efficacit\u00e9 sur la peau sujette aux impuret\u00e9s qui pr\u00e9sente des marques de boutons.<\/p>\n","protected":false},"excerpt":{"rendered":"<p>Fluide protecteur SPF 30 pour les peaux sujettes aux imperfections avec marques de boutons. Les impuret\u00e9s s\u00e9v\u00e8res du visage sont une r\u00e9alit\u00e9 pour une grande partie de la population, touchant jusqu&#8217;\u00e0 95 % des adolescents et 40 % des adultes. De nombreuses personnes souffrent de marques de boutons longtemps apr\u00e8s la disparition des imperfections, et [&hellip;]<\/p>\n","protected":false},"featured_media":19076,"template":"","meta":[],"product_brand":[],"product_cat":[15,132],"product_tag":[],"class_list":{"0":"post-18832","1":"product","2":"type-product","3":"status-publish","4":"has-post-thumbnail","6":"product_cat-tout","7":"product_cat-eucerin","8":"ts_product_brand-eucerin","10":"first","11":"instock","12":"sale","13":"shipping-taxable","14":"purchasable","15":"product-type-simple"},"_links":{"self":[{"href":"https:\/\/para-mirava.ma\/index.php?rest_route=\/wp\/v2\/product\/18832","targetHints":{"allow":["GET"]}}],"collection":[{"href":"https:\/\/para-mirava.ma\/index.php?rest_route=\/wp\/v2\/product"}],"about":[{"href":"https:\/\/para-mirava.ma\/index.php?rest_route=\/wp\/v2\/types\/product"}],"wp:featuredmedia":[{"embeddable":true,"href":"https:\/\/para-mirava.ma\/index.php?rest_route=\/wp\/v2\/media\/19076"}],"wp:attachment":[{"href":"https:\/\/para-mirava.ma\/index.php?rest_route=%2Fwp%2Fv2%2Fmedia&parent=18832"}],"wp:term":[{"taxonomy":"product_brand","embeddable":true,"href":"https:\/\/para-mirava.ma\/index.php?rest_route=%2Fwp%2Fv2%2Fproduct_brand&post=18832"},{"taxonomy":"product_cat","embeddable":true,"href":"https:\/\/para-mirava.ma\/index.php?rest_route=%2Fwp%2Fv2%2Fproduct_cat&post=18832"},{"taxonomy":"product_tag","embeddable":true,"href":"https:\/\/para-mirava.ma\/index.php?rest_route=%2Fwp%2Fv2%2Fproduct_tag&post=18832"}],"curies":[{"name":"wp","href":"https:\/\/api.w.org\/{rel}","templated":true}]}}