{"id":18833,"date":"2026-03-14T19:49:09","date_gmt":"2026-03-14T19:49:09","guid":{"rendered":"https:\/\/para-mirava.ma\/?product=eucerin-anti-pigment-serum-eclat-30ml-2"},"modified":"2026-03-17T18:43:05","modified_gmt":"2026-03-17T18:43:05","slug":"eucerin-anti-pigment-serum-eclat-30ml-2","status":"publish","type":"product","link":"https:\/\/para-mirava.ma\/?product=eucerin-anti-pigment-serum-eclat-30ml-2","title":{"rendered":"EUCERIN ANTI PIGMENT SERUM ECLAT 30ML"},"content":{"rendered":"<p>La m\u00e9lanine est un pigment naturel qui donne de la couleur \u00e0 la peau. L&#8217;exposition \u00e0 la lumi\u00e8re du soleil, les influences hormonales et le vieillissement peuvent entra\u00eener une augmentation de la production de m\u00e9lanine et d\u00e9clencher des taches brunes. Les taches brunes apparaissent sous forme de taches fonc\u00e9es et de taches de vieillesse (\u00e9galement appel\u00e9es taches de soleil) qui donnent \u00e0 la peau une apparence in\u00e9gale.<\/p>\n<p>Le S\u00e9rum \u00c9clat ANTI-PIGMENT d&#8217;Eucerin combine des ingr\u00e9dients actifs puissants qui agissent de diff\u00e9rentes mani\u00e8res pour favoriser l&#8217;\u00e9clat de votre peau et donc r\u00e9duire les taches brunes :<\/p>\n<p>&#8211; Le Thiamidol*: un ingr\u00e9dient efficace et brevet\u00e9 qui agit \u00e0 la source des taches brunes, cliniquement prouv\u00e9, il r\u00e9duit et aussi pr\u00e9vient l&#8217;apparition des taches brunes gr\u00e2ce \u00e0 une utilisation r\u00e9guli\u00e8re.<br \/>\n&#8211; L&#8217;Acide Hyaluronique: une des substances hydratantes les plus efficaces de notre peau qui l&#8217;aide \u00e0 attirer et aussi \u00e0 retenir l&#8217;humidit\u00e9, tandis que la glyc\u00e9rine est un humectant qui aide \u00e9galement notre peau \u00e0 attirer et \u00e0 retenir l&#8217;eau, offrant ainsi une hydratation et un soin durables. Ensemble, ces ingr\u00e9dients permettent \u00e0 votre peau de b\u00e9n\u00e9ficier de l&#8217;hydratation et des soins dont elle a besoin pour obtenir un bel \u00e9clat.<\/p>\n<p>Il a \u00e9t\u00e9 prouv\u00e9 cliniquement et dermatologiquement que l&#8217;\u00e9mulsion l\u00e9g\u00e8re att\u00e9nue les taches et pr\u00e9vient leur r\u00e9apparition tout en am\u00e9liorant l&#8217;aspect de la peau. Les premiers r\u00e9sultats sont visibles d\u00e8s deux semaines** et s&#8217;am\u00e9liorent continuellement avec une utilisation r\u00e9guli\u00e8re. La peau est lisse et semble r\u00e9g\u00e9n\u00e9r\u00e9e, elle devient uniforme, radieuse et aussi \u00e9clatante.<\/p>\n<p>**\u00c9valuation clinique, 34 femmes, 2 semaines.<\/p>\n<p>EUCERIN ANTI PIGMENT SERUM ECLAT 30ML est disponible dans votre Parapharmacie en ligne C\u00f4t\u00e9 para \u00e0 Prix discount, livraison Partout Au Maroc.<\/p>\n","protected":false},"excerpt":{"rendered":"<p>La m\u00e9lanine est un pigment naturel qui donne de la couleur \u00e0 la peau. L&#8217;exposition \u00e0 la lumi\u00e8re du soleil, les influences hormonales et le vieillissement peuvent entra\u00eener une augmentation de la production de m\u00e9lanine et d\u00e9clencher des taches brunes. Les taches brunes apparaissent sous forme de taches fonc\u00e9es et de taches de vieillesse (\u00e9galement [&hellip;]<\/p>\n","protected":false},"featured_media":0,"template":"","meta":[],"product_brand":[],"product_cat":[15,132],"product_tag":[],"class_list":{"0":"post-18833","1":"product","2":"type-product","3":"status-publish","5":"product_cat-tout","6":"product_cat-eucerin","7":"ts_product_brand-eucerin","9":"first","10":"instock","11":"sale","12":"shipping-taxable","13":"purchasable","14":"product-type-simple"},"_links":{"self":[{"href":"https:\/\/para-mirava.ma\/index.php?rest_route=\/wp\/v2\/product\/18833","targetHints":{"allow":["GET"]}}],"collection":[{"href":"https:\/\/para-mirava.ma\/index.php?rest_route=\/wp\/v2\/product"}],"about":[{"href":"https:\/\/para-mirava.ma\/index.php?rest_route=\/wp\/v2\/types\/product"}],"wp:attachment":[{"href":"https:\/\/para-mirava.ma\/index.php?rest_route=%2Fwp%2Fv2%2Fmedia&parent=18833"}],"wp:term":[{"taxonomy":"product_brand","embeddable":true,"href":"https:\/\/para-mirava.ma\/index.php?rest_route=%2Fwp%2Fv2%2Fproduct_brand&post=18833"},{"taxonomy":"product_cat","embeddable":true,"href":"https:\/\/para-mirava.ma\/index.php?rest_route=%2Fwp%2Fv2%2Fproduct_cat&post=18833"},{"taxonomy":"product_tag","embeddable":true,"href":"https:\/\/para-mirava.ma\/index.php?rest_route=%2Fwp%2Fv2%2Fproduct_tag&post=18833"}],"curies":[{"name":"wp","href":"https:\/\/api.w.org\/{rel}","templated":true}]}}